{"id":54237,"date":"2021-09-14T09:49:14","date_gmt":"2021-09-14T07:49:14","guid":{"rendered":"https:\/\/www.ampcometal.com\/products\/%product_category%\/laton\/"},"modified":"2024-03-19T12:33:09","modified_gmt":"2024-03-19T10:33:09","slug":"laton","status":"publish","type":"product","link":"https:\/\/www.ampcometal.com\/es\/productos\/aleaciones-estandar\/laton\/","title":{"rendered":"Lat\u00f3n"},"content":{"rendered":"<ul>\n<li><strong>Alta resistencia: <\/strong>Nuestro lat\u00f3n tiene excelentes propiedades de resistencia, por lo que es adecuado para una variedad de aplicaciones exigentes.<\/li>\n<li data-gc-list-depth=\"1\" data-gc-list-style=\"bullet\"><strong>Resistencia a la corrosi\u00f3n:<\/strong> La aleaci\u00f3n es muy resistente a la corrosi\u00f3n, lo que garantiza su durabilidad en entornos dif\u00edciles.<\/li>\n<li data-gc-list-depth=\"1\" data-gc-list-style=\"bullet\"><strong>Resistencia al calor: <\/strong>Mantiene su integridad a altas temperaturas, por lo que es ideal para aplicaciones que impliquen calor y fricci\u00f3n.<\/li>\n<li data-gc-list-depth=\"1\" data-gc-list-style=\"bullet\"><strong>Versatilidad: <\/strong>Disponible en una gran variedad de formas y tama\u00f1os, ofrece versatilidad de dise\u00f1o y uso en m\u00faltiples sectores y productos.<\/li>\n<\/ul>\n<h5>Propiedades y especificaciones<\/h5>\n<p>La aleaci\u00f3n de lat\u00f3n est\u00e1ndar de AMPCO tiene unas propiedades excepcionales que la convierten en la mejor elecci\u00f3n para aplicaciones exigentes. Esta aleaci\u00f3n de lat\u00f3n de primera calidad est\u00e1 disponible en varios grados, con composiciones personalizadas bajo pedido. Es conocido por su gran resistencia, <a href=\"https:\/\/www.ampcometal.com\/applications\/corrosion-resistance\/\">resistencia a la corrosi\u00f3n<\/a> y resistencia al calor. Esta vers\u00e1til aleaci\u00f3n es ideal para aplicaciones de baja fricci\u00f3n, baja velocidad y alta presi\u00f3n, lo que la convierte en la elecci\u00f3n perfecta para elementos de fijaci\u00f3n, bujes, levas, piezas de maquinaria y mucho m\u00e1s.<\/p>\n<ul>\n<li>Disponible en formatos especiales U- \/ L- \/ T-.<\/li>\n<li>Con rect\u00e1ngulos a partir de 8 mm de espesor.<\/li>\n<li>Barras redondas de 20 mm a 212 mm de di\u00e1metro.<\/li>\n<li>Tubos con espesor de pared min. desde 8 mm hasta 100 mm de di\u00e1metro exterior.<\/li>\n<\/ul>\n<p>Las aleaciones incluyen:<\/p>\n<ul>\n<li>CuZn25Al5Mn4Fe3<\/li>\n<li>CuZn35Mn2Al1Fe1<\/li>\n<li>CuZn35Mn2Al1Fe1<\/li>\n<li>CuZn37Al1<\/li>\n<li>CuZn19Al6<\/li>\n<li>CuZn23Al4<\/li>\n<\/ul>\n<p>Composiciones qu\u00edmicas espec\u00edficas o personalizadas est\u00e1n disponibles a pedido.<\/p>\n<h5>Aplicaciones<\/h5>\n<p>La aleaci\u00f3n de lat\u00f3n est\u00e1ndar de AMPCO encuentra sus vers\u00e1tiles aplicaciones en una gran variedad de industrias. Las notables propiedades de esta aleaci\u00f3n de lat\u00f3n de primera calidad, como su alta resistencia, resistencia a la corrosi\u00f3n y resistencia al calor, la hacen indispensable. Se utiliza ampliamente en aplicaciones que van desde fijaciones, tuercas y bujes hasta levas, bastidores, engranajes helicoidales, piezas de maquinaria, ganchos, troqueles, ejes y v\u00e1stagos de v\u00e1lvulas. Su fiabilidad y durabilidad la convierten en la primera opci\u00f3n para industrias como la automoci\u00f3n, la construcci\u00f3n, los conectores el\u00e9ctricos, la fontaner\u00eda y la aeroespacial. Tanto si se trata de proporcionar soluciones de baja fricci\u00f3n como de garantizar la longevidad en entornos de alta presi\u00f3n, la aleaci\u00f3n de lat\u00f3n est\u00e1ndar de AMPCO es un material de confianza en una amplia variedad de aplicaciones.<\/p>\n","protected":false},"featured_media":0,"template":"product-standard-alloy.php","meta":{"_et_pb_use_builder":"","_et_pb_old_content":"","_et_gb_content_width":"","inline_featured_image":false,"_links_to":"","_links_to_target":""},"product_category":[499],"product_type":[],"product_shape":[],"class_list":["post-54237","product","type-product","status-publish","hentry","product_category-aleaciones-estandar"],"acf":[],"aioseo_notices":[],"_links":{"self":[{"href":"https:\/\/www.ampcometal.com\/es\/wp-json\/wp\/v2\/product\/54237","targetHints":{"allow":["GET"]}}],"collection":[{"href":"https:\/\/www.ampcometal.com\/es\/wp-json\/wp\/v2\/product"}],"about":[{"href":"https:\/\/www.ampcometal.com\/es\/wp-json\/wp\/v2\/types\/product"}],"wp:attachment":[{"href":"https:\/\/www.ampcometal.com\/es\/wp-json\/wp\/v2\/media?parent=54237"}],"wp:term":[{"taxonomy":"product_category","embeddable":true,"href":"https:\/\/www.ampcometal.com\/es\/wp-json\/wp\/v2\/product_category?post=54237"},{"taxonomy":"product_type","embeddable":true,"href":"https:\/\/www.ampcometal.com\/es\/wp-json\/wp\/v2\/product_type?post=54237"},{"taxonomy":"product_shape","embeddable":true,"href":"https:\/\/www.ampcometal.com\/es\/wp-json\/wp\/v2\/product_shape?post=54237"}],"curies":[{"name":"wp","href":"https:\/\/api.w.org\/{rel}","templated":true}]}}