{"id":54228,"date":"2021-09-14T09:49:06","date_gmt":"2021-09-14T07:49:06","guid":{"rendered":"https:\/\/www.ampcometal.com\/products\/%product_category%\/ampcoloy-91-2\/"},"modified":"2024-04-02T11:28:47","modified_gmt":"2024-04-02T09:28:47","slug":"ampcoloy-91","status":"publish","type":"product","link":"https:\/\/www.ampcometal.com\/es\/productos\/aleaciones-de-alto-contenido-en-cobre-ampcoloy\/ampcoloy-91\/","title":{"rendered":"AMPCOLOY\u00ae 91"},"content":{"rendered":"<ul>\n<li data-gc-list-depth=\"1\" data-gc-list-style=\"bullet\"><strong>Excepcional resistencia al desgaste: <\/strong>Esta aleaci\u00f3n de alto contenido en cobre presenta una excepcional resistencia al desgaste, lo que garantiza su durabilidad y fiabilidad en aplicaciones exigentes en las que las fuerzas abrasivas son un problema.<\/li>\n<li data-gc-list-depth=\"1\" data-gc-list-style=\"bullet\"><strong>Resistencia superior a la corrosi\u00f3n:<\/strong> Gracias a su resistencia superior a la corrosi\u00f3n, no se ve afectado por entornos adversos ni sustancias corrosivas, lo que lo convierte en la opci\u00f3n ideal para condiciones duras.<\/li>\n<li data-gc-list-depth=\"1\" data-gc-list-style=\"bullet\"><strong>Excelente conductividad t\u00e9rmica: <\/strong>Sus excelentes propiedades de conductividad t\u00e9rmica permiten una transferencia de calor eficiente, mejorando el rendimiento en aplicaciones que requieren un control preciso de la temperatura y un enfriamiento r\u00e1pido.<\/li>\n<li data-gc-list-depth=\"1\" data-gc-list-style=\"bullet\"><strong>Alta resistencia mec\u00e1nica:<\/strong> La aleaci\u00f3n ofrece una alta resistencia mec\u00e1nica, proporcionando la integridad estructural necesaria para los componentes cr\u00edticos y garantizando un rendimiento constante bajo cargas pesadas.<\/li>\n<\/ul>\n<h5><strong>Propiedades y especificaciones<\/strong><\/h5>\n<p><\/br><br \/>\nAMPCOLOY\u00ae 91 es una aleaci\u00f3n premium con alto contenido en cobre conocida por sus excepcionales propiedades. Dise\u00f1ado con una resistencia mec\u00e1nica ligeramente superior a la de sus hom\u00f3logos, ofrece una excelente resistencia al desgaste y a la corrosi\u00f3n, lo que lo convierte en la opci\u00f3n ideal para aplicaciones cr\u00edticas. Esta aleaci\u00f3n tiene una excelente conductividad t\u00e9rmica, lo que mejora el rendimiento y prolonga la vida \u00fatil de las herramientas hasta un 50%. Su composici\u00f3n proporciona una excelente maquinabilidad. Con AMPCOLOY\u00ae 91, puede esperar un rendimiento y una durabilidad superiores, lo que lo convierte en la opci\u00f3n preferida para electrodos de soldadura por puntos, soldadura de malla, portaelectrodos y diversas aplicaciones en las que una alta conductividad t\u00e9rmica es fundamental.<\/p>\n<h5><strong>Aplicaciones<\/strong><\/h5>\n<p><\/br><br \/>\nAMPCOLOY\u00ae 91 tiene una amplia gama de aplicaciones en diversas industrias gracias a sus impresionantes propiedades. Esta aleaci\u00f3n de bronce de alto rendimiento es la opci\u00f3n preferida para electrodos de soldadura por puntos, soldadura de malla, portaelectrodos y discos de soldadura por costura, especialmente cuando se trabaja con acero inoxidable, monel, aleaciones de n\u00edquel y otros materiales dif\u00edciles. Su excepcional conductividad t\u00e9rmica lo hace inestimable en m\u00e1quinas de fundici\u00f3n a presi\u00f3n de aluminio en las que las puntas de \u00e9mbolo requieren una transferencia de calor eficaz. Tanto si se trata de aumentar la productividad en procesos de soldadura como de garantizar la precisi\u00f3n en fundici\u00f3n, esta aleaci\u00f3n de alto contenido en cobre destaca en aplicaciones en las que la conductividad t\u00e9rmica superior y la durabilidad son primordiales.<\/p>\n","protected":false},"featured_media":66771,"template":"","meta":{"_et_pb_use_builder":"","_et_pb_old_content":"","_et_gb_content_width":"","inline_featured_image":false,"_links_to":"","_links_to_target":""},"product_category":[482],"product_type":[508,533],"product_shape":[],"class_list":["post-54228","product","type-product","status-publish","has-post-thumbnail","hentry","product_category-aleaciones-de-alto-contenido-en-cobre-ampcoloy"],"acf":[],"aioseo_notices":[],"_links":{"self":[{"href":"https:\/\/www.ampcometal.com\/es\/wp-json\/wp\/v2\/product\/54228","targetHints":{"allow":["GET"]}}],"collection":[{"href":"https:\/\/www.ampcometal.com\/es\/wp-json\/wp\/v2\/product"}],"about":[{"href":"https:\/\/www.ampcometal.com\/es\/wp-json\/wp\/v2\/types\/product"}],"wp:featuredmedia":[{"embeddable":true,"href":"https:\/\/www.ampcometal.com\/es\/wp-json\/wp\/v2\/media\/66771"}],"wp:attachment":[{"href":"https:\/\/www.ampcometal.com\/es\/wp-json\/wp\/v2\/media?parent=54228"}],"wp:term":[{"taxonomy":"product_category","embeddable":true,"href":"https:\/\/www.ampcometal.com\/es\/wp-json\/wp\/v2\/product_category?post=54228"},{"taxonomy":"product_type","embeddable":true,"href":"https:\/\/www.ampcometal.com\/es\/wp-json\/wp\/v2\/product_type?post=54228"},{"taxonomy":"product_shape","embeddable":true,"href":"https:\/\/www.ampcometal.com\/es\/wp-json\/wp\/v2\/product_shape?post=54228"}],"curies":[{"name":"wp","href":"https:\/\/api.w.org\/{rel}","templated":true}]}}