{"id":54207,"date":"2021-09-14T09:49:04","date_gmt":"2021-09-14T07:49:04","guid":{"rendered":"https:\/\/www.ampcometal.com\/products\/%product_category%\/ampco-18-2\/"},"modified":"2024-04-02T11:26:30","modified_gmt":"2024-04-02T09:26:30","slug":"ampco-18","status":"publish","type":"product","link":"https:\/\/www.ampcometal.com\/es\/productos\/bronce-al-aluminio-ampco\/ampco-18\/","title":{"rendered":"AMPCO\u00ae 18"},"content":{"rendered":"<ul>\n<li data-gc-list-depth=\"1\" data-gc-list-style=\"bullet\"><strong>Durabilidad excepcional:<\/strong> Proporciona una resistencia superior al desgaste y a la fatiga para un rendimiento duradero en aplicaciones exigentes.<\/li>\n<li data-gc-list-depth=\"1\" data-gc-list-style=\"bullet\"><strong>Aleaci\u00f3n de alta resistencia:<\/strong> Esta aleaci\u00f3n de bronce ofrece una resistencia y dureza impresionantes, lo que la convierte en una excelente opci\u00f3n para componentes cr\u00edticos.<\/li>\n<li data-gc-list-depth=\"1\" data-gc-list-style=\"bullet\"><strong>Aplicaciones vers\u00e1tiles:<\/strong> Adecuado para una amplia gama de aplicaciones, incluidos casquillos, cojinetes, engranajes, asientos de v\u00e1lvulas y componentes de procesos y marinos.<\/li>\n<li data-gc-list-depth=\"1\" data-gc-list-style=\"bullet\"><strong>Preciso y fiable:<\/strong> Con una estructura de grano compacta, un buen acabado superficial y el cumplimiento de las tolerancias comerciales, AMPCO\u00ae 18 es conocido por su precisi\u00f3n y fiabilidad.<\/li>\n<\/ul>\n<h5>Propiedades y especificaciones<\/h5>\n<p><\/br><br \/>\nAMPCO\u00ae 18 es una aleaci\u00f3n de bronce de alto rendimiento conocida por sus excepcionales propiedades y especificaciones. Esta aleaci\u00f3n tiene una estructura de grano compacta y excelentes propiedades f\u00edsicas como resultado de una cuidadosa distribuci\u00f3n de fases y del trabajo en caliente durante el proceso de extrusi\u00f3n. Ofrece alta resistencia, dureza y resistencia al desgaste y la fatiga, por lo que es una opci\u00f3n ideal para aplicaciones exigentes. Con un buen acabado superficial que cumple las tolerancias comerciales, AMPCO\u00ae 18 es especialmente adecuado para aplicaciones de producci\u00f3n en serie. Su versatilidad y fiabilidad la convierten en la mejor elecci\u00f3n para industrias que requieren precisi\u00f3n, durabilidad y un rendimiento excepcional en componentes como casquillos, cojinetes, engranajes, asientos de v\u00e1lvulas, etc.<\/p>\n<h5>Aplicaciones<\/h5>\n<p><\/br><br \/>\nAMPCO\u00ae 18 encuentra aplicaciones vers\u00e1tiles en una amplia gama de industrias. Esta aleaci\u00f3n de bronce de alta resistencia destaca en aplicaciones que requieren una durabilidad y resistencia al desgaste excepcionales. Se utiliza habitualmente en componentes cr\u00edticos como casquillos, cojinetes, engranajes y asientos de v\u00e1lvulas, donde la precisi\u00f3n y la durabilidad son primordiales. Adem\u00e1s de estas aplicaciones mec\u00e1nicas, es ideal para su uso en tuber\u00edas, tubos, juntas y diversas piezas utilizadas en las industrias de procesos, marina y afines. Sus propiedades y rendimiento superiores lo convierten en la primera opci\u00f3n para aplicaciones en las que se requiere fiabilidad y robustez, ayudando a prolongar la vida \u00fatil de los componentes y a reducir las necesidades de mantenimiento.<\/p>\n","protected":false},"featured_media":66726,"template":"","meta":{"_et_pb_use_builder":"","_et_pb_old_content":"","_et_gb_content_width":"","inline_featured_image":false,"_links_to":"","_links_to_target":""},"product_category":[477],"product_type":[619,504,557,508,533,608],"product_shape":[645,635,640,650,624,655],"class_list":["post-54207","product","type-product","status-publish","has-post-thumbnail","hentry","product_category-bronce-al-aluminio-ampco"],"acf":[],"aioseo_notices":[],"_links":{"self":[{"href":"https:\/\/www.ampcometal.com\/es\/wp-json\/wp\/v2\/product\/54207","targetHints":{"allow":["GET"]}}],"collection":[{"href":"https:\/\/www.ampcometal.com\/es\/wp-json\/wp\/v2\/product"}],"about":[{"href":"https:\/\/www.ampcometal.com\/es\/wp-json\/wp\/v2\/types\/product"}],"wp:featuredmedia":[{"embeddable":true,"href":"https:\/\/www.ampcometal.com\/es\/wp-json\/wp\/v2\/media\/66726"}],"wp:attachment":[{"href":"https:\/\/www.ampcometal.com\/es\/wp-json\/wp\/v2\/media?parent=54207"}],"wp:term":[{"taxonomy":"product_category","embeddable":true,"href":"https:\/\/www.ampcometal.com\/es\/wp-json\/wp\/v2\/product_category?post=54207"},{"taxonomy":"product_type","embeddable":true,"href":"https:\/\/www.ampcometal.com\/es\/wp-json\/wp\/v2\/product_type?post=54207"},{"taxonomy":"product_shape","embeddable":true,"href":"https:\/\/www.ampcometal.com\/es\/wp-json\/wp\/v2\/product_shape?post=54207"}],"curies":[{"name":"wp","href":"https:\/\/api.w.org\/{rel}","templated":true}]}}