{"id":54179,"date":"2021-09-14T09:48:58","date_gmt":"2021-09-14T07:48:58","guid":{"rendered":"https:\/\/www.ampcometal.com\/products\/%product_category%\/ampco-45-2\/"},"modified":"2024-04-03T16:55:26","modified_gmt":"2024-04-03T14:55:26","slug":"ampco-45","status":"publish","type":"product","link":"https:\/\/www.ampcometal.com\/es\/productos\/bronce-al-aluminio-ampco\/ampco-45\/","title":{"rendered":"AMPCO\u00ae 45"},"content":{"rendered":"<ul>\n<li data-gc-list-depth=\"1\" data-gc-list-style=\"bullet\"><strong>Propiedades mec\u00e1nicas excepcionales:<\/strong> Este bronce de aluminio tiene propiedades mec\u00e1nicas que superan las de los bronces de aluminio y n\u00edquel tradicionales, lo que lo convierte en una aleaci\u00f3n de alta resistencia de elecci\u00f3n.<\/li>\n<li data-gc-list-depth=\"1\" data-gc-list-style=\"bullet\"><strong>Resistencia superior:<\/strong> Esta aleaci\u00f3n presenta una resistencia superior al desgaste abrasivo, la fricci\u00f3n, la deformaci\u00f3n y la erosi\u00f3n qu\u00edmica, lo que garantiza su durabilidad en aplicaciones exigentes.<\/li>\n<li data-gc-list-depth=\"1\" data-gc-list-style=\"bullet\"><strong>Aplicaciones vers\u00e1tiles:<\/strong> Se utiliza en componentes cr\u00edticos de diversos sectores, como el aeroespacial, el naval, el industrial y en herramientas de seguridad para entornos explosivos.<\/li>\n<li data-gc-list-depth=\"1\" data-gc-list-style=\"bullet\"><strong>Cumplimiento de especificaciones: <\/strong>La aleaci\u00f3n cumple estrictas normas de calidad y se ajusta a las especificaciones AMS 4640 y ASTM B 150, lo que garantiza su fiabilidad y rendimiento.<\/li>\n<\/ul>\n<h5>Propiedades y especificaciones<\/h5>\n<p><\/br><br \/>\nAMPCO\u00ae 45 es una extraordinaria aleaci\u00f3n de alta resistencia conocida por sus excepcionales propiedades mec\u00e1nicas que van m\u00e1s all\u00e1 de los bronces de n\u00edquel-aluminio tradicionales. Su exclusivo proceso de fabricaci\u00f3n da como resultado un rendimiento superior, por lo que es ideal para aplicaciones de servicio pesado, mec\u00e1nicas de alto esfuerzo y corrosivas. La aleaci\u00f3n de bronce presenta una notable resistencia al desgaste abrasivo, la fricci\u00f3n, la deformaci\u00f3n y la erosi\u00f3n qu\u00edmica, lo que la convierte en la mejor elecci\u00f3n para componentes cr\u00edticos como cojinetes de aeronaves, ejes de bombas y embarcaciones, husillos de v\u00e1lvulas, piezas de m\u00e1quinas herramienta y herramientas de seguridad para entornos explosivos. Esta aleaci\u00f3n cumple las especificaciones AMS 4640 y ASTM B 150, lo que garantiza su calidad y fiabilidad.<\/p>\n<h5>Aplicaciones<\/h5>\n<p><\/br><br \/>\nAMPCO\u00ae 45 se utiliza en una amplia variedad de industrias debido a sus propiedades superiores. Esta aleaci\u00f3n de alta resistencia es esencial en entornos exigentes en los que prevalecen el desgaste abrasivo, la fricci\u00f3n, la deformaci\u00f3n y la erosi\u00f3n qu\u00edmica. Su notable rendimiento lo convierte en la opci\u00f3n preferida para componentes cr\u00edticos en una gran variedad de sectores, como el aeroespacial -por ejemplo, cojinetes y casquillos de aeronaves-, el naval -por ejemplo, ejes de bombas y barcos, anillos de desgaste-, el industrial -por ejemplo, husillos y asientos de v\u00e1lvulas, piezas de m\u00e1quinas herramienta-, y el de seguridad -por ejemplo, herramientas que no producen chispas y componentes de m\u00e1quinas en atm\u00f3sferas potencialmente explosivas-. Ya sea en condiciones extremas o en maquinaria pesada, esta aleaci\u00f3n de aluminio y bronce proporciona una fiabilidad y durabilidad excepcionales, lo que la convierte en un material esencial para muchas aplicaciones industriales.<\/p>\n","protected":false},"featured_media":66720,"template":"","meta":{"_et_pb_use_builder":"","_et_pb_old_content":"","_et_gb_content_width":"","inline_featured_image":false,"_links_to":"","_links_to_target":""},"product_category":[477],"product_type":[539,515],"product_shape":[650],"class_list":["post-54179","product","type-product","status-publish","has-post-thumbnail","hentry","product_category-bronce-al-aluminio-ampco"],"acf":[],"aioseo_notices":[],"_links":{"self":[{"href":"https:\/\/www.ampcometal.com\/es\/wp-json\/wp\/v2\/product\/54179","targetHints":{"allow":["GET"]}}],"collection":[{"href":"https:\/\/www.ampcometal.com\/es\/wp-json\/wp\/v2\/product"}],"about":[{"href":"https:\/\/www.ampcometal.com\/es\/wp-json\/wp\/v2\/types\/product"}],"wp:featuredmedia":[{"embeddable":true,"href":"https:\/\/www.ampcometal.com\/es\/wp-json\/wp\/v2\/media\/66720"}],"wp:attachment":[{"href":"https:\/\/www.ampcometal.com\/es\/wp-json\/wp\/v2\/media?parent=54179"}],"wp:term":[{"taxonomy":"product_category","embeddable":true,"href":"https:\/\/www.ampcometal.com\/es\/wp-json\/wp\/v2\/product_category?post=54179"},{"taxonomy":"product_type","embeddable":true,"href":"https:\/\/www.ampcometal.com\/es\/wp-json\/wp\/v2\/product_type?post=54179"},{"taxonomy":"product_shape","embeddable":true,"href":"https:\/\/www.ampcometal.com\/es\/wp-json\/wp\/v2\/product_shape?post=54179"}],"curies":[{"name":"wp","href":"https:\/\/api.w.org\/{rel}","templated":true}]}}