{"id":54176,"date":"2021-09-14T09:48:57","date_gmt":"2021-09-14T07:48:57","guid":{"rendered":"https:\/\/www.ampcometal.com\/products\/%product_category%\/ampco-863-2\/"},"modified":"2024-04-02T11:36:29","modified_gmt":"2024-04-02T09:36:29","slug":"ampco-863","status":"publish","type":"product","link":"https:\/\/www.ampcometal.com\/es\/productos\/otras-aleaciones-de-cobre\/ampco-863\/","title":{"rendered":"AMPCO\u00ae 863"},"content":{"rendered":"<ul>\n<li data-gc-list-depth=\"1\" data-gc-list-style=\"bullet\"><strong>Alta resistencia: <\/strong>Esta aleaci\u00f3n proporciona una resistencia excepcional, por lo que es adecuada para aplicaciones exigentes.<\/li>\n<li data-gc-list-depth=\"1\" data-gc-list-style=\"bullet\"><strong>Resistencia superior a la corrosi\u00f3n:<\/strong> Es muy resistente a la corrosi\u00f3n, lo que garantiza su durabilidad en entornos dif\u00edciles.<\/li>\n<li data-gc-list-depth=\"1\" data-gc-list-style=\"bullet\"><strong>Aplicaciones vers\u00e1tiles: <\/strong>Este bronce de aluminio se utiliza en diversos sectores, desde la construcci\u00f3n pesada hasta entornos industriales.<\/li>\n<li data-gc-list-depth=\"1\" data-gc-list-style=\"bullet\"><strong>Microestructura \u00fanica AMPCO Phase: <\/strong>Su distribuci\u00f3n de <a href=\"https:\/\/www.ampcometal.com\/technical-data\/microcast-technology\/\">microestructura<\/a> \u00fanica, conocida como \u00abFase AMPCO\u00bb, la distingue y contribuye a su superioridad constante y rendimiento duradero.<\/li>\n<\/ul>\n<h5>Propiedades y especificaciones de AMPCO\u00ae 863<\/h5>\n<p><\/br><br \/>\nAMPCO\u00ae 863 es una aleaci\u00f3n de bronce al manganeso de colada continua conocida por sus notables propiedades. Con una composici\u00f3n de 62% de cobre, 6% de aluminio, 3% de manganeso, 3% de hierro y 26% de zinc, esta aleaci\u00f3n proporciona una fuerza excepcional y una resistencia superior a la corrosi\u00f3n. Destaca en los mercados de la construcci\u00f3n pesada y en diversas aplicaciones industriales, como rodamientos, engranajes helicoidales, levas, bielas y tuercas de husillo. Concretamente, este bronce de aluminio tiene una distribuci\u00f3n de microestructura \u00fanica denominada <a href=\"https:\/\/www.ampcometal.com\/technical-data\/microcast-technology\/\">fase AMPCO<\/a> que lo diferencia de las alternativas de bronce comerciales y contribuye significativamente a su superioridad constante y rendimiento duradero.<\/p>\n<h5>Aplicaciones AMPCO\u00ae 863<\/h5>\n<p><\/br><br \/>\nAMPCO\u00ae 863 se utiliza en una amplia variedad de industrias, lo que lo convierte en una opci\u00f3n fiable para entornos exigentes. Esta aleaci\u00f3n de bronce al manganeso de fundici\u00f3n continua de alta resistencia es ideal para los mercados de la construcci\u00f3n pesada, donde brillan su excepcional solidez y su resistencia a la corrosi\u00f3n. Destaca en aplicaciones como casquillos segmentados y cojinetes lisos, proporcionando un rendimiento fiable y una mayor vida \u00fatil. M\u00e1s all\u00e1 de la construcci\u00f3n, la aleaci\u00f3n tambi\u00e9n ha demostrado su eficacia en aplicaciones industriales, como rodamientos, engranajes helicoidales, levas, bielas, tuercas roscadas, etc. Su adaptabilidad y durabilidad lo convierten en el material preferido para una amplia gama de aplicaciones cr\u00edticas.<\/p>\n","protected":false},"featured_media":66759,"template":"","meta":{"_et_pb_use_builder":"","_et_pb_old_content":"","_et_gb_content_width":"","inline_featured_image":false,"_links_to":"","_links_to_target":""},"product_category":[494],"product_type":[557],"product_shape":[640,650,655],"class_list":["post-54176","product","type-product","status-publish","has-post-thumbnail","hentry","product_category-otras-aleaciones-de-cobre"],"acf":[],"aioseo_notices":[],"_links":{"self":[{"href":"https:\/\/www.ampcometal.com\/es\/wp-json\/wp\/v2\/product\/54176","targetHints":{"allow":["GET"]}}],"collection":[{"href":"https:\/\/www.ampcometal.com\/es\/wp-json\/wp\/v2\/product"}],"about":[{"href":"https:\/\/www.ampcometal.com\/es\/wp-json\/wp\/v2\/types\/product"}],"wp:featuredmedia":[{"embeddable":true,"href":"https:\/\/www.ampcometal.com\/es\/wp-json\/wp\/v2\/media\/66759"}],"wp:attachment":[{"href":"https:\/\/www.ampcometal.com\/es\/wp-json\/wp\/v2\/media?parent=54176"}],"wp:term":[{"taxonomy":"product_category","embeddable":true,"href":"https:\/\/www.ampcometal.com\/es\/wp-json\/wp\/v2\/product_category?post=54176"},{"taxonomy":"product_type","embeddable":true,"href":"https:\/\/www.ampcometal.com\/es\/wp-json\/wp\/v2\/product_type?post=54176"},{"taxonomy":"product_shape","embeddable":true,"href":"https:\/\/www.ampcometal.com\/es\/wp-json\/wp\/v2\/product_shape?post=54176"}],"curies":[{"name":"wp","href":"https:\/\/api.w.org\/{rel}","templated":true}]}}