{"id":54174,"date":"2021-09-14T09:48:57","date_gmt":"2021-09-14T07:48:57","guid":{"rendered":"https:\/\/www.ampcometal.com\/products\/%product_category%\/ampco-22-2\/"},"modified":"2024-04-03T16:16:35","modified_gmt":"2024-04-03T14:16:35","slug":"ampco-22","status":"publish","type":"product","link":"https:\/\/www.ampcometal.com\/es\/productos\/bronce-al-aluminio-ampco\/ampco-22\/","title":{"rendered":"AMPCO\u00ae 22"},"content":{"rendered":"<ul>\n<li data-gc-list-depth=\"1\" data-gc-list-style=\"bullet\"><strong>Notable dureza: <\/strong>Esta aleaci\u00f3n de bronce de aluminio proporciona una dureza excepcional, por lo que es ideal para aplicaciones que requieren materiales resistentes y duraderos.<\/li>\n<li data-gc-list-depth=\"1\" data-gc-list-style=\"bullet\"><strong>Excelente resistencia a la compresi\u00f3n:<\/strong> Su elevada resistencia a la compresi\u00f3n le permite soportar cargas y presiones elevadas, garantizando su fiabilidad en entornos exigentes.<\/li>\n<li data-gc-list-depth=\"1\" data-gc-list-style=\"bullet\"><strong>Impresionante resistencia al desgaste:<\/strong> La impresionante resistencia al desgaste de esta aleaci\u00f3n la convierte en una opci\u00f3n fiable para componentes expuestos a la abrasi\u00f3n y la fricci\u00f3n, alargando su vida \u00fatil.<\/li>\n<li data-gc-list-depth=\"1\" data-gc-list-style=\"bullet\"><strong>Excelentes propiedades de deslizamiento:<\/strong> Sus excelentes propiedades de deslizamiento lo hacen ideal para aplicaciones que requieren un movimiento suave y eficiente, reduciendo la fricci\u00f3n y el desgaste.<\/li>\n<\/ul>\n<h5>Propiedades y especificaciones<\/h5>\n<p><\/br><br \/>\nAMPCO\u00ae 22 es una aleaci\u00f3n de bronce de aluminio muy deseada y conocida por sus excepcionales propiedades. Esta aleaci\u00f3n de estructura d\u00faplex consta de aproximadamente un 50% de fase gamma 2 y un 50% de fase beta, lo que proporciona una dureza insuperable, una resistencia a la compresi\u00f3n sobresaliente, una impresionante resistencia al desgaste y excelentes propiedades de deslizamiento. Su composici\u00f3n \u00fanica lo hace ideal para aplicaciones exigentes en las que deben mantenerse tolerancias estrictas, especialmente en operaciones de conformado y estirado de acero inoxidable. Gracias a sus notables propiedades y precisas especificaciones, esta aleaci\u00f3n de bronce y aluminio es la mejor elecci\u00f3n para las industrias que exigen durabilidad y rendimiento.<\/p>\n<h5>Aplicaciones<\/h5>\n<p><\/br><br \/>\nAMPCO\u00ae 22 encuentra aplicaciones vers\u00e1tiles en una gran variedad de industrias, con \u00e9nfasis en el conformado y embutici\u00f3n de acero inoxidable. Su excepcional dureza, excelente resistencia a la compresi\u00f3n y resistencia al desgaste lo convierten en una opci\u00f3n inestimable para procesos en los que la precisi\u00f3n y la durabilidad son primordiales. Tanto si se trata de conformar intrincados componentes de acero inoxidable como de mantener tolerancias estrictas en largas series de producci\u00f3n, es la aleaci\u00f3n elegida. Su fiabilidad se extiende a sectores como la fabricaci\u00f3n, la automoci\u00f3n y la industria aeroespacial, entre otros, donde desempe\u00f1a un papel fundamental para garantizar resultados de alta calidad y una mayor vida \u00fatil de las herramientas.<\/p>\n","protected":false},"featured_media":66756,"template":"","meta":{"_et_pb_use_builder":"","_et_pb_old_content":"","_et_gb_content_width":"","inline_featured_image":false,"_links_to":"","_links_to_target":""},"product_category":[477],"product_type":[619,504,557,508,533],"product_shape":[645,635,650,624],"class_list":["post-54174","product","type-product","status-publish","has-post-thumbnail","hentry","product_category-bronce-al-aluminio-ampco"],"acf":[],"aioseo_notices":[],"_links":{"self":[{"href":"https:\/\/www.ampcometal.com\/es\/wp-json\/wp\/v2\/product\/54174","targetHints":{"allow":["GET"]}}],"collection":[{"href":"https:\/\/www.ampcometal.com\/es\/wp-json\/wp\/v2\/product"}],"about":[{"href":"https:\/\/www.ampcometal.com\/es\/wp-json\/wp\/v2\/types\/product"}],"wp:featuredmedia":[{"embeddable":true,"href":"https:\/\/www.ampcometal.com\/es\/wp-json\/wp\/v2\/media\/66756"}],"wp:attachment":[{"href":"https:\/\/www.ampcometal.com\/es\/wp-json\/wp\/v2\/media?parent=54174"}],"wp:term":[{"taxonomy":"product_category","embeddable":true,"href":"https:\/\/www.ampcometal.com\/es\/wp-json\/wp\/v2\/product_category?post=54174"},{"taxonomy":"product_type","embeddable":true,"href":"https:\/\/www.ampcometal.com\/es\/wp-json\/wp\/v2\/product_type?post=54174"},{"taxonomy":"product_shape","embeddable":true,"href":"https:\/\/www.ampcometal.com\/es\/wp-json\/wp\/v2\/product_shape?post=54174"}],"curies":[{"name":"wp","href":"https:\/\/api.w.org\/{rel}","templated":true}]}}