{"id":54170,"date":"2021-09-14T09:48:54","date_gmt":"2021-09-14T07:48:54","guid":{"rendered":"https:\/\/www.ampcometal.com\/products\/%product_category%\/ampcoloy-944-2\/"},"modified":"2024-03-25T17:40:46","modified_gmt":"2024-03-25T15:40:46","slug":"ampcoloy-944","status":"publish","type":"product","link":"https:\/\/www.ampcometal.com\/es\/productos\/aleaciones-de-alto-contenido-en-cobre-ampcoloy\/ampcoloy-944\/","title":{"rendered":"AMPCOLOY\u00ae 944"},"content":{"rendered":"<h5>Caracter\u00edsticas principales<\/h5>\n<ul>\n<li data-gc-list-depth=\"1\" data-gc-list-style=\"bullet\"><strong>Excelente conductividad t\u00e9rmica:<\/strong> Esta aleaci\u00f3n de alto contenido en cobre tiene una conductividad t\u00e9rmica excepcional, lo que la convierte en la opci\u00f3n ideal para aplicaciones en las que una transferencia de calor eficiente es fundamental.<\/li>\n<li data-gc-list-depth=\"1\" data-gc-list-style=\"bullet\"><strong>Alta resistencia a la tracci\u00f3n: <\/strong>Presenta una s\u00f3lida resistencia a la tracci\u00f3n, lo que garantiza su fiabilidad y durabilidad en entornos industriales exigentes.<\/li>\n<li data-gc-list-depth=\"1\" data-gc-list-style=\"bullet\"><strong>Dureza impresionante: <\/strong>Con unas propiedades de dureza impresionantes, la aleaci\u00f3n ofrece una excelente resistencia al desgaste y a la deformaci\u00f3n, lo que prolonga su vida \u00fatil en diversas aplicaciones.<\/li>\n<li data-gc-list-depth=\"1\" data-gc-list-style=\"bullet\"><strong>Alternativa segura al cobre berilio:<\/strong> Ofrece todas estas ventajas al tiempo que elimina la necesidad de berilio, proporcionando una opci\u00f3n m\u00e1s segura y conforme a la normativa para industrias con estrictas normas de salud y seguridad.<\/li>\n<\/ul>\n<h5>Propiedades y especificaciones<\/h5>\n<p><\/br><br \/>\nAMPCOLOY\u00ae 944 es una aleaci\u00f3n patentada que satisface las exigencias de los usuarios de las aleaciones de clase 4 de la RWMA sin berilio. Est\u00e1 dise\u00f1ado para proporcionar una excelente conductividad t\u00e9rmica, alta resistencia a la tracci\u00f3n y dureza, al tiempo que elimina la necesidad de berilio. Esta vers\u00e1til aleaci\u00f3n es ideal para diversas aplicaciones, como el <a href=\"https:\/\/www.ampcometal.com\/applications\/plastic-processing\/\">moldeo por inyecci\u00f3n<\/a>, el <a href=\"https:\/\/www.ampcometal.com\/applications\/plastic-processing\/\">termoformado<\/a>, el <a href=\"https:\/\/www.ampcometal.com\/applications\/plastic-processing\/\">moldeo por soplado<\/a>, la <a href=\"https:\/\/www.ampcometal.com\/applications\/resistance-welding\/\">soldadura por resistencia<\/a> y <a href=\"https:\/\/www.ampcometal.com\/applications\/resistance-welding\/\">la soldadura por puntos<\/a>. Destaca en aplicaciones de mecanizado y procesamiento de pl\u00e1sticos y satisface las necesidades de las industrias en las que el uso de elementos nocivos est\u00e1 restringido. Esta aleaci\u00f3n de alto contenido en cobre proporciona las propiedades esenciales requeridas para tareas industriales exigentes, lo que la convierte en una elecci\u00f3n fiable y segura para aplicaciones que requieren tanto un alto rendimiento mec\u00e1nico como el cumplimiento de la normativa de salud y seguridad.<\/p>\n<h5>Aplicaciones<\/h5>\n<p><\/br><br \/>\nAMPCOLOY\u00ae 944 tiene una amplia gama de aplicaciones en diversas industrias en las que es esencial una combinaci\u00f3n de excelente conductividad el\u00e9ctrica y t\u00e9rmica, elevadas propiedades mec\u00e1nicas y cumplimiento de las normas de seguridad. Se utiliza com\u00fanmente en portaelectrodos y ejes de soldadura por puntos, discos y salientes de soldadura por puntos y matrices de soldadura a tope, especialmente para acero inoxidable y Monel\u00ae. Esta aleaci\u00f3n vers\u00e1til tambi\u00e9n se utiliza para puntas de \u00e9mbolo en m\u00e1quinas de fundici\u00f3n a alta presi\u00f3n de aluminio de c\u00e1mara fr\u00eda y moldes para m\u00e1quinas de fundici\u00f3n a baja presi\u00f3n. Tambi\u00e9n desempe\u00f1a un papel fundamental en los moldes de enfriamiento para la fundici\u00f3n de lat\u00f3n y ciertos bronces, as\u00ed como en diversas piezas de moldes de inyecci\u00f3n de pl\u00e1stico, como las boquillas de inyecci\u00f3n y las clavijas de refrigeraci\u00f3n. Ofrece fiabilidad y rendimiento en una amplia gama de aplicaciones industriales en las que se requiere una conductividad y una resistencia mec\u00e1nica excepcionales.<\/p>\n","protected":false},"featured_media":66753,"template":"","meta":{"_et_pb_use_builder":"","_et_pb_old_content":"","_et_gb_content_width":"","inline_featured_image":false,"_links_to":"","_links_to_target":""},"product_category":[482],"product_type":[508,533],"product_shape":[635,650],"class_list":["post-54170","product","type-product","status-publish","has-post-thumbnail","hentry","product_category-aleaciones-de-alto-contenido-en-cobre-ampcoloy"],"acf":[],"aioseo_notices":[],"_links":{"self":[{"href":"https:\/\/www.ampcometal.com\/es\/wp-json\/wp\/v2\/product\/54170","targetHints":{"allow":["GET"]}}],"collection":[{"href":"https:\/\/www.ampcometal.com\/es\/wp-json\/wp\/v2\/product"}],"about":[{"href":"https:\/\/www.ampcometal.com\/es\/wp-json\/wp\/v2\/types\/product"}],"wp:featuredmedia":[{"embeddable":true,"href":"https:\/\/www.ampcometal.com\/es\/wp-json\/wp\/v2\/media\/66753"}],"wp:attachment":[{"href":"https:\/\/www.ampcometal.com\/es\/wp-json\/wp\/v2\/media?parent=54170"}],"wp:term":[{"taxonomy":"product_category","embeddable":true,"href":"https:\/\/www.ampcometal.com\/es\/wp-json\/wp\/v2\/product_category?post=54170"},{"taxonomy":"product_type","embeddable":true,"href":"https:\/\/www.ampcometal.com\/es\/wp-json\/wp\/v2\/product_type?post=54170"},{"taxonomy":"product_shape","embeddable":true,"href":"https:\/\/www.ampcometal.com\/es\/wp-json\/wp\/v2\/product_shape?post=54170"}],"curies":[{"name":"wp","href":"https:\/\/api.w.org\/{rel}","templated":true}]}}