{"id":54120,"date":"2021-09-14T09:48:45","date_gmt":"2021-09-14T07:48:45","guid":{"rendered":"https:\/\/www.ampcometal.com\/products\/%product_category%\/ampcoloy-972-2\/"},"modified":"2024-07-22T14:43:19","modified_gmt":"2024-07-22T12:43:19","slug":"ampcoloy-972","status":"publish","type":"product","link":"https:\/\/www.ampcometal.com\/es\/productos\/aleaciones-de-alto-contenido-en-cobre-ampcoloy\/ampcoloy-972\/","title":{"rendered":"AMPCOLOY\u00ae 972"},"content":{"rendered":"<h5><\/h5>\n<ul>\n<li data-gc-list-depth=\"1\" data-gc-list-style=\"bullet\"><strong>Propiedades mec\u00e1nicas excepcionales:<\/strong> Esta aleaci\u00f3n con alto contenido en cobre conserva excelentes propiedades mec\u00e1nicas, incluida una elevada ductilidad, incluso a temperaturas de entre 300 y 500 \u00b0C.<\/li>\n<li data-gc-list-depth=\"1\" data-gc-list-style=\"bullet\"><strong>Excelente resistencia al desgaste y la corrosi\u00f3n:<\/strong> Esta aleaci\u00f3n ofrece una excelente resistencia al desgaste y la corrosi\u00f3n, por lo que es muy duradera y adecuada para entornos exigentes.<\/li>\n<li data-gc-list-depth=\"1\" data-gc-list-style=\"bullet\"><strong>Alta conductividad el\u00e9ctrica: <\/strong>Presenta una alta conductividad el\u00e9ctrica, lo que lo convierte en una excelente opci\u00f3n para aplicaciones en las que el rendimiento el\u00e9ctrico es fundamental.<\/li>\n<li data-gc-list-depth=\"1\" data-gc-list-style=\"bullet\"><strong>Versatilidad:<\/strong> Conocido por su versatilidad, se utiliza en una amplia gama de aplicaciones, incluyendo puntas de soldadura por resistencia y tapones de electrodos.<\/li>\n<\/ul>\n<h5>Propiedades y especificaciones<\/h5>\n<p> AMPCOLOY\u00ae 972 es una aleaci\u00f3n a base de cobre endurecida por precipitaci\u00f3n conocida por sus excepcionales propiedades. Cuando se somete a tratamiento t\u00e9rmico, esta aleaci\u00f3n conserva notables propiedades mec\u00e1nicas, incluida una elevada ductilidad en el intervalo de temperaturas de 300 &#8211; 500\u00b0C. Tiene una excelente resistencia al desgaste y a la corrosi\u00f3n, por lo que es ideal para una amplia gama de aplicaciones. En concreto, la aleaci\u00f3n presenta tanto una alta conductividad el\u00e9ctrica como una excelente resistencia mec\u00e1nica, lo que la convierte en una opci\u00f3n vers\u00e1til para aplicaciones como puntas de soldadura por resistencia, tapas de electrodos y piezas de generaci\u00f3n de energ\u00eda. Con su construcci\u00f3n forjada y extruida, ofrece propiedades f\u00edsicas superiores que garantizan la fiabilidad y la longevidad en una variedad de entornos exigentes. <\/p>\n<h5>Aplicaciones<\/h5>\n<p> AMPCOLOY\u00ae 972 se utiliza en una amplia variedad de industrias. Su combinaci\u00f3n \u00fanica de propiedades, incluida su alta conductividad el\u00e9ctrica y su impresionante resistencia mec\u00e1nica, lo convierten en una opci\u00f3n muy solicitada para diversas situaciones exigentes. Esta aleaci\u00f3n vers\u00e1til destaca en puntas de soldadura por resistencia y capuchones de electrodos para la industria del autom\u00f3vil, donde su excepcional resistencia al desgaste y conductividad el\u00e9ctrica son inestimables. Tambi\u00e9n desempe\u00f1a un papel vital en la ingenier\u00eda energ\u00e9tica, ayudando a producir piezas que requieren tanto durabilidad como rendimiento el\u00e9ctrico. Tanto si se utiliza en piezas de prensas como en segmentos de dedos de amortiguadores o portaelectrodos, esta aleaci\u00f3n de alto contenido en cobre ofrece sistem\u00e1ticamente resultados fiables, lo que demuestra su adaptabilidad a una amplia gama de aplicaciones.<\/p>\n","protected":false},"featured_media":66771,"template":"","meta":{"_et_pb_use_builder":"","_et_pb_old_content":"","_et_gb_content_width":"","inline_featured_image":false,"_links_to":"","_links_to_target":""},"product_category":[482],"product_type":[533,608,521,528],"product_shape":[635,629,640,650],"class_list":["post-54120","product","type-product","status-publish","has-post-thumbnail","hentry","product_category-aleaciones-de-alto-contenido-en-cobre-ampcoloy"],"acf":[],"aioseo_notices":[],"_links":{"self":[{"href":"https:\/\/www.ampcometal.com\/es\/wp-json\/wp\/v2\/product\/54120","targetHints":{"allow":["GET"]}}],"collection":[{"href":"https:\/\/www.ampcometal.com\/es\/wp-json\/wp\/v2\/product"}],"about":[{"href":"https:\/\/www.ampcometal.com\/es\/wp-json\/wp\/v2\/types\/product"}],"wp:featuredmedia":[{"embeddable":true,"href":"https:\/\/www.ampcometal.com\/es\/wp-json\/wp\/v2\/media\/66771"}],"wp:attachment":[{"href":"https:\/\/www.ampcometal.com\/es\/wp-json\/wp\/v2\/media?parent=54120"}],"wp:term":[{"taxonomy":"product_category","embeddable":true,"href":"https:\/\/www.ampcometal.com\/es\/wp-json\/wp\/v2\/product_category?post=54120"},{"taxonomy":"product_type","embeddable":true,"href":"https:\/\/www.ampcometal.com\/es\/wp-json\/wp\/v2\/product_type?post=54120"},{"taxonomy":"product_shape","embeddable":true,"href":"https:\/\/www.ampcometal.com\/es\/wp-json\/wp\/v2\/product_shape?post=54120"}],"curies":[{"name":"wp","href":"https:\/\/api.w.org\/{rel}","templated":true}]}}