{"id":54333,"date":"2021-09-14T09:49:36","date_gmt":"2021-09-14T07:49:36","guid":{"rendered":"https:\/\/www.ampcometal.com\/compania\/trabajando-con-ampco\/minerales-de-conflicto\/"},"modified":"2021-09-14T09:49:36","modified_gmt":"2021-09-14T07:49:36","slug":"minerales-de-conflicto","status":"publish","type":"page","link":"https:\/\/www.ampcometal.com\/es\/empresa\/trabajando-con-ampco\/minerales-de-conflicto\/","title":{"rendered":"Minerales de conflicto"},"content":{"rendered":"[et_pb_section fb_built=\u00bb1&#8243; specialty=\u00bbon\u00bb custom_padding_last_edited=\u00bbon|desktop\u00bb parallax_method_1=\u00bboff\u00bb parallax_method_2=\u00bboff\u00bb module_id_1=\u00bbproduct-page-sidebar-column\u00bb admin_label=\u00bbSection\u00bb _builder_version=\u00bb3.22&#8243; background_color=\u00bb#f7f7f7&#8243; custom_padding=\u00bb0px||0px|\u00bb custom_padding_tablet=\u00bb40px|||\u00bb custom_padding_phone=\u00bb\u00bb transparent_background=\u00bboff\u00bb make_fullwidth=\u00bboff\u00bb use_custom_width=\u00bboff\u00bb width_unit=\u00bbon\u00bb global_colors_info=\u00bb{}\u00bb][et_pb_column type=\u00bb1_3&#8243; _builder_version=\u00bb3.25&#8243; custom_padding=\u00bb|||\u00bb global_colors_info=\u00bb{}\u00bb custom_padding__hover=\u00bb|||\u00bb][et_pb_sidebar area=\u00bbcompany_sidebar\u00bb disabled_on=\u00bbon|on|off\u00bb admin_label=\u00bbSidebar\u00bb module_id=\u00bbinner-product-sidebar-module\u00bb _builder_version=\u00bb4.10.6&#8243; remove_border=\u00bboff\u00bb global_colors_info=\u00bb{}\u00bb][\/et_pb_sidebar][\/et_pb_column][et_pb_column type=\u00bb2_3&#8243; specialty_columns=\u00bb2&#8243; _builder_version=\u00bb3.25&#8243; custom_padding=\u00bb|||\u00bb global_colors_info=\u00bb{}\u00bb custom_padding__hover=\u00bb|||\u00bb][et_pb_row_inner admin_label=\u00bbRow\u00bb _builder_version=\u00bb3.25&#8243; global_colors_info=\u00bb{}\u00bb][et_pb_column_inner saved_specialty_column_type=\u00bb2_3&#8243; _builder_version=\u00bb3.25&#8243; custom_padding=\u00bb|||\u00bb global_colors_info=\u00bb{}\u00bb custom_padding__hover=\u00bb|||\u00bb][et_pb_text admin_label=\u00bbTitle\u00bb _builder_version=\u00bb4.10.6&#8243; text_letter_spacing=\u00bb0&#8243; text_line_height=\u00bb1.7&#8243; header_font_size=\u00bb30&#8243; header_letter_spacing=\u00bb0&#8243; header_line_height=\u00bb1&#8243; background_size=\u00bbinitial\u00bb background_position=\u00bbtop_left\u00bb background_repeat=\u00bbrepeat\u00bb use_border_color=\u00bboff\u00bb border_color=\u00bb#ffffff\u00bb border_width=\u00bb1&#8243; border_style=\u00bbsolid\u00bb global_colors_info=\u00bb{}\u00bb]\n<h2>Pol\u00edtica de minerales de conflicto de AMPCO METAL<\/h2>\n[\/et_pb_text][\/et_pb_column_inner][\/et_pb_row_inner][et_pb_row_inner custom_padding_last_edited=\u00bbon|tablet\u00bb admin_label=\u00bbRow\u00bb _builder_version=\u00bb3.25&#8243; custom_margin_tablet=\u00bb||40px|\u00bb custom_margin_phone=\u00bb\u00bb custom_margin_last_edited=\u00bbon|desktop\u00bb custom_padding=\u00bb0px||30px|\u00bb custom_padding_tablet=\u00bb\u00bb custom_padding_phone=\u00bb\u00bb custom_css_main_element=\u00bbborder-bottom: solid 2px #e8e8e8;\u00bb global_colors_info=\u00bb{}\u00bb][et_pb_column_inner saved_specialty_column_type=\u00bb2_3&#8243; _builder_version=\u00bb3.25&#8243; custom_padding=\u00bb|||\u00bb global_colors_info=\u00bb{}\u00bb custom_padding__hover=\u00bb|||\u00bb][et_pb_text admin_label=\u00bbtext\u00bb _builder_version=\u00bb4.10.6&#8243; text_letter_spacing=\u00bb0&#8243; text_line_height=\u00bb1.7&#8243; header_font_size=\u00bb30&#8243; header_letter_spacing=\u00bb0&#8243; header_line_height=\u00bb1&#8243; background_size=\u00bbinitial\u00bb background_position=\u00bbtop_left\u00bb background_repeat=\u00bbrepeat\u00bb custom_margin_last_edited=\u00bboff|\u00bb custom_padding_last_edited=\u00bboff|\u00bb use_border_color=\u00bboff\u00bb border_color=\u00bb#ffffff\u00bb border_width=\u00bb1&#8243; border_style=\u00bbsolid\u00bb global_colors_info=\u00bb{}\u00bb]\n<p>Los valores fundamentales y la cultura de AMPCO METAL reflejan un compromiso con las pr\u00e1cticas comerciales \u00e9ticas y la buena ciudadan\u00eda corporativa en cualquier lugar del mundo en el que operemos. Como empresa, reconocemos y respetamos los principios fundamentales contenidos en la Declaraci\u00f3n Universal de Derechos Humanos, y nuestras pol\u00edticas y pr\u00e1cticas reflejan nuestro compromiso de promover los derechos humanos dentro de la esfera de influencia de la empresa.<\/p>\n<p>Obtenemos componentes y ensamblajes para nuestros productos de proveedores en diferentes pa\u00edses del mundo, cada uno con sus propias leyes y regulaciones. Estamos comprometidos a respetar los derechos humanos en toda nuestra cadena de suministro global y no hacemos negocios a sabiendas con ninguna persona o empresa que participe en la explotaci\u00f3n de ni\u00f1os (incluido el trabajo infantil), el castigo f\u00edsico, el trabajo forzoso o la trata de personas.<\/p>\n<p>AMPCO METAL apoya el objetivo de poner fin a la violencia, las violaciones de los derechos humanos y la devastaci\u00f3n medioambiental en la Rep\u00fablica Democr\u00e1tica del Congo (\u00abRDC\u00bb) o los pa\u00edses vecinos (\u00abPa\u00edses cubiertos\u00bb). Estamos comprometidos a cumplir con los requisitos aplicables a AMPCO METAL bajo la Secci\u00f3n 1502 de la Ley Dodd-Frank (\u00abla Ley\u00bb). AMPCO METAL se compromete a obtener componentes y materiales de organizaciones que comparten nuestros valores en torno a los derechos humanos, la \u00e9tica y la responsabilidad medioambiental. Para lograr esto, AMPCO METAL hace:<\/p>\n<ul>\n<li>Cumplir con nuestros requisitos de divulgaci\u00f3n anual seg\u00fan la ley.<\/li>\n<li>Proporcione nuestro C\u00f3digo de conducta para proveedores para ayudar a nuestros proveedores a comprender nuestro compromiso de cumplir con todos los requisitos de la Regla de minerales en conflicto.<\/li>\n<li>Capacitar a nuestros empleados de adquisiciones sobre nuestras obligaciones con respecto al conflicto.<br \/>Regla de los minerales.<\/li>\n<li>Espere que nuestros proveedores suministren materiales a AMPCO METAL que est\u00e9n \u201clibres de conflictos en la Rep\u00fablica Democr\u00e1tica del Congo\u201d y adopten pol\u00edticas y sistemas de gesti\u00f3n con respecto a los minerales en conflicto para garantizar cadenas de suministro libres de conflictos.<\/li>\n<li>Solicite de forma rutinaria a nuestros suministros directos de materiales que presenten un informe de conformidad con la Plantilla de informes de minerales en conflicto de la Iniciativa de minerales responsables y revise sus presentaciones en funci\u00f3n de la conformidad con la Iniciativa de minerales responsables.<\/li>\n<li>En el caso de que AMPCO METAL determine que los esfuerzos de un proveedor para cumplir con las expectativas de AMPCO METAL han sido deficientes y el proveedor no coopera en el desarrollo e implementaci\u00f3n de medidas correctivas razonables, AMPCO METAL se reserva el derecho de tomar las acciones apropiadas hasta e incluyendo la descontinuaci\u00f3n de compras del proveedor.<\/li>\n<\/ul>\n<p>Las preguntas sobre el programa de minerales en conflicto de AMPCO METAL pueden dirigirse a<a href=\"mailto:conflictmineral_inquiry@ampcometal.com\"> conflictmineral_inquiry@ampcometal.com<\/a>[\/et_pb_text][et_pb_button _builder_version=\u00bb4.10.6&#8243; _module_preset=\u00bbdefault\u00bb button_text=\u00bbDescargar la &#8216;Pol\u00edtica de minerales en conflicto&#8217; como PDF\u00bb button_url=\u00bb\/documents\/Conflict-minerals-policy.pdf\u00bb hover_enabled=\u00bb0&#8243; sticky_enabled=\u00bb0&#8243;][\/et_pb_button][\/et_pb_column_inner][\/et_pb_row_inner][\/et_pb_column][\/et_pb_section]\n","protected":false},"excerpt":{"rendered":"<p>Pol\u00edtica de minerales de conflicto de AMPCO METALLos valores fundamentales y la cultura de AMPCO METAL reflejan un compromiso con las pr\u00e1cticas comerciales \u00e9ticas y la buena ciudadan\u00eda corporativa en cualquier lugar del mundo en el que operemos. Como empresa, reconocemos y respetamos los principios fundamentales contenidos en la Declaraci\u00f3n Universal de Derechos Humanos, y [&hellip;]<\/p>\n","protected":false},"author":1,"featured_media":0,"parent":54315,"menu_order":0,"comment_status":"closed","ping_status":"closed","template":"","meta":{"_et_pb_use_builder":"on","_et_pb_old_content":"","_et_gb_content_width":"","inline_featured_image":false,"footnotes":"","_links_to":"","_links_to_target":""},"class_list":["post-54333","page","type-page","status-publish","hentry"],"acf":[],"aioseo_notices":[],"_links":{"self":[{"href":"https:\/\/www.ampcometal.com\/es\/wp-json\/wp\/v2\/pages\/54333","targetHints":{"allow":["GET"]}}],"collection":[{"href":"https:\/\/www.ampcometal.com\/es\/wp-json\/wp\/v2\/pages"}],"about":[{"href":"https:\/\/www.ampcometal.com\/es\/wp-json\/wp\/v2\/types\/page"}],"author":[{"embeddable":true,"href":"https:\/\/www.ampcometal.com\/es\/wp-json\/wp\/v2\/users\/1"}],"replies":[{"embeddable":true,"href":"https:\/\/www.ampcometal.com\/es\/wp-json\/wp\/v2\/comments?post=54333"}],"version-history":[{"count":0,"href":"https:\/\/www.ampcometal.com\/es\/wp-json\/wp\/v2\/pages\/54333\/revisions"}],"up":[{"embeddable":true,"href":"https:\/\/www.ampcometal.com\/es\/wp-json\/wp\/v2\/pages\/54315"}],"wp:attachment":[{"href":"https:\/\/www.ampcometal.com\/es\/wp-json\/wp\/v2\/media?parent=54333"}],"curies":[{"name":"wp","href":"https:\/\/api.w.org\/{rel}","templated":true}]}}