{"id":54206,"date":"2021-09-14T09:49:03","date_gmt":"2021-09-14T07:49:03","guid":{"rendered":"https:\/\/www.ampcometal.com\/alcanzar\/"},"modified":"2021-10-29T14:17:00","modified_gmt":"2021-10-29T12:17:00","slug":"reach","status":"publish","type":"page","link":"https:\/\/www.ampcometal.com\/es\/empresa\/trabajando-con-ampco\/reach\/","title":{"rendered":"REACH"},"content":{"rendered":"[et_pb_section fb_built=\u00bb1&#8243; specialty=\u00bbon\u00bb custom_padding_last_edited=\u00bbon|desktop\u00bb parallax_method_1=\u00bboff\u00bb parallax_method_2=\u00bboff\u00bb module_id_1=\u00bbproduct-page-sidebar-column\u00bb admin_label=\u00bbSection\u00bb _builder_version=\u00bb3.22&#8243; background_color=\u00bb#f7f7f7&#8243; custom_padding=\u00bb0px||0px|\u00bb custom_padding_tablet=\u00bb40px|||\u00bb custom_padding_phone=\u00bb\u00bb transparent_background=\u00bboff\u00bb make_fullwidth=\u00bboff\u00bb use_custom_width=\u00bboff\u00bb width_unit=\u00bbon\u00bb global_colors_info=\u00bb{}\u00bb][et_pb_column type=\u00bb1_3&#8243; _builder_version=\u00bb3.25&#8243; custom_padding=\u00bb|||\u00bb global_colors_info=\u00bb{}\u00bb custom_padding__hover=\u00bb|||\u00bb][et_pb_sidebar area=\u00bbcompany_sidebar\u00bb disabled_on=\u00bbon|on|off\u00bb admin_label=\u00bbSidebar\u00bb module_id=\u00bbinner-product-sidebar-module\u00bb _builder_version=\u00bb4.10.6&#8243; remove_border=\u00bboff\u00bb global_colors_info=\u00bb{}\u00bb][\/et_pb_sidebar][\/et_pb_column][et_pb_column type=\u00bb2_3&#8243; specialty_columns=\u00bb2&#8243; _builder_version=\u00bb3.25&#8243; custom_padding=\u00bb|||\u00bb global_colors_info=\u00bb{}\u00bb custom_padding__hover=\u00bb|||\u00bb][et_pb_row_inner admin_label=\u00bbRow\u00bb _builder_version=\u00bb3.25&#8243; global_colors_info=\u00bb{}\u00bb][et_pb_column_inner saved_specialty_column_type=\u00bb2_3&#8243; _builder_version=\u00bb3.25&#8243; custom_padding=\u00bb|||\u00bb global_colors_info=\u00bb{}\u00bb custom_padding__hover=\u00bb|||\u00bb][et_pb_text admin_label=\u00bbTitle\u00bb _builder_version=\u00bb3.27.4&#8243; text_letter_spacing=\u00bb0&#8243; text_line_height=\u00bb1.7&#8243; header_font_size=\u00bb30&#8243; header_letter_spacing=\u00bb0&#8243; header_line_height=\u00bb1&#8243; background_size=\u00bbinitial\u00bb background_position=\u00bbtop_left\u00bb background_repeat=\u00bbrepeat\u00bb use_border_color=\u00bboff\u00bb border_color=\u00bb#ffffff\u00bb border_width=\u00bb1&#8243; border_style=\u00bbsolid\u00bb global_colors_info=\u00bb{}\u00bb]\n<h2 class=\"entry-title\">REACH<br \/>\n(Registration Evaluation Authorisation of Chemicals)<\/h2>\n[\/et_pb_text][\/et_pb_column_inner][\/et_pb_row_inner][et_pb_row_inner custom_padding_last_edited=\u00bbon|tablet\u00bb admin_label=\u00bbRow\u00bb _builder_version=\u00bb3.25&#8243; custom_margin_tablet=\u00bb||40px|\u00bb custom_margin_phone=\u00bb\u00bb custom_margin_last_edited=\u00bbon|desktop\u00bb custom_padding=\u00bb0px||30px|\u00bb custom_padding_tablet=\u00bb\u00bb custom_padding_phone=\u00bb\u00bb custom_css_main_element=\u00bbborder-bottom: solid 2px #e8e8e8;\u00bb global_colors_info=\u00bb{}\u00bb][et_pb_column_inner saved_specialty_column_type=\u00bb2_3&#8243; _builder_version=\u00bb3.25&#8243; custom_padding=\u00bb|||\u00bb global_colors_info=\u00bb{}\u00bb custom_padding__hover=\u00bb|||\u00bb][et_pb_text admin_label=\u00bbtext\u00bb _builder_version=\u00bb3.27.4&#8243; text_letter_spacing=\u00bb0&#8243; text_line_height=\u00bb1.7&#8243; header_font_size=\u00bb30&#8243; header_letter_spacing=\u00bb0&#8243; header_line_height=\u00bb1&#8243; background_size=\u00bbinitial\u00bb background_position=\u00bbtop_left\u00bb background_repeat=\u00bbrepeat\u00bb custom_margin_last_edited=\u00bboff|\u00bb custom_padding_last_edited=\u00bboff|\u00bb use_border_color=\u00bboff\u00bb border_color=\u00bb#ffffff\u00bb border_width=\u00bb1&#8243; border_style=\u00bbsolid\u00bb global_colors_info=\u00bb{}\u00bb]La regulaci\u00f3n europea REACH (EG 1907\/2006) relativa al registro, evaluaci\u00f3n, aprobaci\u00f3n y restricci\u00f3n de productos qu\u00edmicos entr\u00f3 en vigor el 1 de Junio de 2007. Esta nueva regulaci\u00f3n tiene como objetivo proporcionar un alto nivel de protecci\u00f3n y seguridad para la salud humana y el medio ambiente. La implementaci\u00f3n de esta regulaci\u00f3n ha dado un papel m\u00e1s relevante a la prevenci\u00f3n. La regulaci\u00f3n contempla, entre otras cosas, el registro de aquellos materiales que hayan sido comercializados dentro de la Uni\u00f3n Europea estableciendo una dependencia de los vol\u00famenes con el periodo de transici\u00f3n. Una condici\u00f3n previa para el cumplimiento de los plazos es el pre registro de estos materiales en el periodo que va desde el 1 de Junio hasta el 1 de Diciembre de 2008. Respecto a todas las cuestiones relativas a la implementaci\u00f3n de esta regulaci\u00f3n dentro de nuestra compa\u00f1\u00eda pueden contactar, en cualquier momento, con los especialistas de nuestro equipo REACH en la siguiente direcci\u00f3n de correo electr\u00f3nico: <a href=\"mailto:reach@ampcometal.com\">reach@ampcometal.com<\/a>.<br \/>\n[\/et_pb_text][\/et_pb_column_inner][\/et_pb_row_inner][\/et_pb_column][\/et_pb_section]\n","protected":false},"excerpt":{"rendered":"<p>REACH (Registration Evaluation Authorisation of Chemicals) La regulaci\u00f3n europea REACH (EG 1907\/2006) relativa al registro, evaluaci\u00f3n, aprobaci\u00f3n y restricci\u00f3n de productos qu\u00edmicos entr\u00f3 en vigor el 1 de Junio de 2007. Esta nueva regulaci\u00f3n tiene como objetivo proporcionar un alto nivel de protecci\u00f3n y seguridad para la salud humana y el medio ambiente. La implementaci\u00f3n [&hellip;]<\/p>\n","protected":false},"author":1,"featured_media":0,"parent":54315,"menu_order":0,"comment_status":"closed","ping_status":"closed","template":"","meta":{"_et_pb_use_builder":"on","_et_pb_old_content":"","_et_gb_content_width":"","inline_featured_image":false,"footnotes":"","_links_to":"","_links_to_target":""},"class_list":["post-54206","page","type-page","status-publish","hentry"],"acf":[],"aioseo_notices":[],"_links":{"self":[{"href":"https:\/\/www.ampcometal.com\/es\/wp-json\/wp\/v2\/pages\/54206","targetHints":{"allow":["GET"]}}],"collection":[{"href":"https:\/\/www.ampcometal.com\/es\/wp-json\/wp\/v2\/pages"}],"about":[{"href":"https:\/\/www.ampcometal.com\/es\/wp-json\/wp\/v2\/types\/page"}],"author":[{"embeddable":true,"href":"https:\/\/www.ampcometal.com\/es\/wp-json\/wp\/v2\/users\/1"}],"replies":[{"embeddable":true,"href":"https:\/\/www.ampcometal.com\/es\/wp-json\/wp\/v2\/comments?post=54206"}],"version-history":[{"count":0,"href":"https:\/\/www.ampcometal.com\/es\/wp-json\/wp\/v2\/pages\/54206\/revisions"}],"up":[{"embeddable":true,"href":"https:\/\/www.ampcometal.com\/es\/wp-json\/wp\/v2\/pages\/54315"}],"wp:attachment":[{"href":"https:\/\/www.ampcometal.com\/es\/wp-json\/wp\/v2\/media?parent=54206"}],"curies":[{"name":"wp","href":"https:\/\/api.w.org\/{rel}","templated":true}]}}