{"id":54200,"date":"2021-09-14T09:49:01","date_gmt":"2021-09-14T07:49:01","guid":{"rendered":"https:\/\/www.ampcometal.com\/declaracion-de-covid-19\/"},"modified":"2021-09-14T09:49:01","modified_gmt":"2021-09-14T07:49:01","slug":"declaracion-de-covid-19","status":"publish","type":"page","link":"https:\/\/www.ampcometal.com\/es\/empresa\/trabajando-con-ampco\/declaracion-de-covid-19\/","title":{"rendered":"Declaraci\u00f3n de COVID 19"},"content":{"rendered":"[et_pb_section fb_built=\u00bb1&#8243; specialty=\u00bbon\u00bb custom_padding_last_edited=\u00bbon|desktop\u00bb parallax_method_1=\u00bboff\u00bb parallax_method_2=\u00bboff\u00bb module_id_1=\u00bbproduct-page-sidebar-column\u00bb admin_label=\u00bbSection\u00bb _builder_version=\u00bb3.22&#8243; background_color=\u00bb#f7f7f7&#8243; custom_padding=\u00bb0px||0px|\u00bb custom_padding_tablet=\u00bb40px|||\u00bb custom_padding_phone=\u00bb\u00bb transparent_background=\u00bboff\u00bb make_fullwidth=\u00bboff\u00bb use_custom_width=\u00bboff\u00bb width_unit=\u00bbon\u00bb global_colors_info=\u00bb{}\u00bb][et_pb_column type=\u00bb1_3&#8243; _builder_version=\u00bb3.25&#8243; custom_padding=\u00bb|||\u00bb global_colors_info=\u00bb{}\u00bb custom_padding__hover=\u00bb|||\u00bb][et_pb_sidebar area=\u00bbcompany_sidebar\u00bb disabled_on=\u00bbon|on|off\u00bb admin_label=\u00bbSidebar\u00bb module_id=\u00bbinner-product-sidebar-module\u00bb _builder_version=\u00bb4.10.6&#8243; remove_border=\u00bboff\u00bb global_colors_info=\u00bb{}\u00bb][\/et_pb_sidebar][\/et_pb_column][et_pb_column type=\u00bb2_3&#8243; specialty_columns=\u00bb2&#8243; _builder_version=\u00bb3.25&#8243; custom_padding=\u00bb|||\u00bb global_colors_info=\u00bb{}\u00bb custom_padding__hover=\u00bb|||\u00bb][et_pb_row_inner admin_label=\u00bbRow\u00bb _builder_version=\u00bb3.25&#8243; global_colors_info=\u00bb{}\u00bb][et_pb_column_inner saved_specialty_column_type=\u00bb2_3&#8243; _builder_version=\u00bb3.25&#8243; custom_padding=\u00bb|||\u00bb global_colors_info=\u00bb{}\u00bb custom_padding__hover=\u00bb|||\u00bb][et_pb_text admin_label=\u00bbTitle\u00bb _builder_version=\u00bb4.10.6&#8243; text_letter_spacing=\u00bb0&#8243; text_line_height=\u00bb1.7&#8243; header_font_size=\u00bb30&#8243; header_letter_spacing=\u00bb0&#8243; header_line_height=\u00bb1&#8243; background_size=\u00bbinitial\u00bb background_position=\u00bbtop_left\u00bb background_repeat=\u00bbrepeat\u00bb hover_enabled=\u00bb0&#8243; use_border_color=\u00bboff\u00bb border_color=\u00bb#ffffff\u00bb border_width=\u00bb1&#8243; border_style=\u00bbsolid\u00bb global_colors_info=\u00bb{}\u00bb sticky_enabled=\u00bb0&#8243;]\n<h2>Declaraci\u00f3n de COVID 19<\/h2>\n[\/et_pb_text][\/et_pb_column_inner][\/et_pb_row_inner][et_pb_row_inner custom_padding_last_edited=\u00bbon|tablet\u00bb admin_label=\u00bbRow\u00bb _builder_version=\u00bb3.25&#8243; custom_margin_tablet=\u00bb||40px|\u00bb custom_margin_phone=\u00bb\u00bb custom_margin_last_edited=\u00bbon|desktop\u00bb custom_padding=\u00bb0px||30px|\u00bb custom_padding_tablet=\u00bb\u00bb custom_padding_phone=\u00bb\u00bb custom_css_main_element=\u00bbborder-bottom: solid 2px #e8e8e8;\u00bb global_colors_info=\u00bb{}\u00bb][et_pb_column_inner saved_specialty_column_type=\u00bb2_3&#8243; _builder_version=\u00bb3.25&#8243; custom_padding=\u00bb|||\u00bb global_colors_info=\u00bb{}\u00bb custom_padding__hover=\u00bb|||\u00bb][et_pb_text admin_label=\u00bbtext\u00bb _builder_version=\u00bb4.10.6&#8243; text_letter_spacing=\u00bb0&#8243; text_line_height=\u00bb1.7&#8243; header_font_size=\u00bb30&#8243; header_letter_spacing=\u00bb0&#8243; header_line_height=\u00bb1&#8243; background_size=\u00bbinitial\u00bb background_position=\u00bbtop_left\u00bb background_repeat=\u00bbrepeat\u00bb custom_margin_last_edited=\u00bboff|\u00bb custom_padding_last_edited=\u00bboff|\u00bb hover_enabled=\u00bb0&#8243; use_border_color=\u00bboff\u00bb border_color=\u00bb#ffffff\u00bb border_width=\u00bb1&#8243; border_style=\u00bbsolid\u00bb global_colors_info=\u00bb{}\u00bb sticky_enabled=\u00bb0&#8243;]\n<p>Estimados clientes y socios,<\/p>\n<p>Ante la escalada de propagaci\u00f3n del COVID-19 (coronavirus), hemos tomado medidas espec\u00edficas recomendadas por la OMS, los diferentes Gobiernos y el Departamento de Salud, y hemos implementado un conjunto de protocolos con el fin de garantizar el pleno funcionamiento de nuestra empresa. al mismo tiempo que minimizamos, en la medida de nuestras posibilidades, la propagaci\u00f3n de esta pandemia.<\/p>\n<p>Nuestros Centros de Distribuci\u00f3n contin\u00faan operando con normalidad y hemos tomado todas las medidas necesarias para garantizar la continuidad del env\u00edo a tiempo del producto a nuestros clientes.<\/p>\n<p>AMPCO METAL es una empresa global con instalaciones de producci\u00f3n locales (en Europa, Asia y Am\u00e9rica). Por lo tanto, cada continente trabaja de forma independiente, pero en caso de necesidad, tenemos toda la flexibilidad requerida en t\u00e9rminos de fabricaci\u00f3n de productos geogr\u00e1ficos y con tal distribuci\u00f3n de riesgos, no deber\u00edamos vernos afectados por ninguna interrupci\u00f3n de la cadena de suministro.<\/p>\n<p>Mantenemos un contacto estrecho y permanente con las autoridades nacionales competentes para garantizar la protecci\u00f3n de los derechos e intereses de nuestros clientes, socios, as\u00ed como la salud y seguridad de nuestro personal. Todos los sistemas inform\u00e1ticos y estructuras tecnol\u00f3gicas necesarios est\u00e1n funcionando en condiciones de total seguridad, de acuerdo con los altos est\u00e1ndares de calidad y excelencia que AMPCO METAL se enorgullece de mantener.<\/p>\n[\/et_pb_text][\/et_pb_column_inner][\/et_pb_row_inner][\/et_pb_column][\/et_pb_section]\n","protected":false},"excerpt":{"rendered":"<p>Declaraci\u00f3n de COVID 19Estimados clientes y socios, Ante la escalada de propagaci\u00f3n del COVID-19 (coronavirus), hemos tomado medidas espec\u00edficas recomendadas por la OMS, los diferentes Gobiernos y el Departamento de Salud, y hemos implementado un conjunto de protocolos con el fin de garantizar el pleno funcionamiento de nuestra empresa. al mismo tiempo que minimizamos, en [&hellip;]<\/p>\n","protected":false},"author":1,"featured_media":0,"parent":54315,"menu_order":0,"comment_status":"closed","ping_status":"closed","template":"","meta":{"_et_pb_use_builder":"on","_et_pb_old_content":"","_et_gb_content_width":"","inline_featured_image":false,"footnotes":"","_links_to":"","_links_to_target":""},"class_list":["post-54200","page","type-page","status-publish","hentry"],"acf":[],"aioseo_notices":[],"_links":{"self":[{"href":"https:\/\/www.ampcometal.com\/es\/wp-json\/wp\/v2\/pages\/54200","targetHints":{"allow":["GET"]}}],"collection":[{"href":"https:\/\/www.ampcometal.com\/es\/wp-json\/wp\/v2\/pages"}],"about":[{"href":"https:\/\/www.ampcometal.com\/es\/wp-json\/wp\/v2\/types\/page"}],"author":[{"embeddable":true,"href":"https:\/\/www.ampcometal.com\/es\/wp-json\/wp\/v2\/users\/1"}],"replies":[{"embeddable":true,"href":"https:\/\/www.ampcometal.com\/es\/wp-json\/wp\/v2\/comments?post=54200"}],"version-history":[{"count":0,"href":"https:\/\/www.ampcometal.com\/es\/wp-json\/wp\/v2\/pages\/54200\/revisions"}],"up":[{"embeddable":true,"href":"https:\/\/www.ampcometal.com\/es\/wp-json\/wp\/v2\/pages\/54315"}],"wp:attachment":[{"href":"https:\/\/www.ampcometal.com\/es\/wp-json\/wp\/v2\/media?parent=54200"}],"curies":[{"name":"wp","href":"https:\/\/api.w.org\/{rel}","templated":true}]}}