{"id":54093,"date":"2021-09-14T09:48:35","date_gmt":"2021-09-14T07:48:35","guid":{"rendered":"https:\/\/www.ampcometal.com\/datos-tecnicos\/hojas-de-datos-de-seguridad\/"},"modified":"2022-02-24T17:33:59","modified_gmt":"2022-02-24T15:33:59","slug":"fichas-de-seguridad","status":"publish","type":"page","link":"https:\/\/www.ampcometal.com\/es\/datos-tecnicos\/fichas-de-seguridad\/","title":{"rendered":"Fichas de seguridad"},"content":{"rendered":"[et_pb_section fb_built=\u00bb1&#8243; specialty=\u00bbon\u00bb custom_padding_last_edited=\u00bbon|desktop\u00bb parallax_method_1=\u00bboff\u00bb parallax_method_2=\u00bboff\u00bb module_id_1=\u00bbproduct-page-sidebar-column\u00bb admin_label=\u00bbSection\u00bb _builder_version=\u00bb3.22&#8243; background_color=\u00bb#f7f7f7&#8243; custom_padding=\u00bb0px||0px|\u00bb custom_padding_tablet=\u00bb40px|||\u00bb custom_padding_phone=\u00bb\u00bb transparent_background=\u00bboff\u00bb make_fullwidth=\u00bboff\u00bb use_custom_width=\u00bboff\u00bb width_unit=\u00bbon\u00bb global_colors_info=\u00bb{}\u00bb][et_pb_column type=\u00bb1_3&#8243; _builder_version=\u00bb3.25&#8243; custom_padding=\u00bb|||\u00bb global_colors_info=\u00bb{}\u00bb custom_padding__hover=\u00bb|||\u00bb][et_pb_sidebar area=\u00bbtechnical_data_sidebar\u00bb disabled_on=\u00bbon|on|off\u00bb admin_label=\u00bbSidebar\u00bb module_id=\u00bbinner-product-sidebar-module\u00bb _builder_version=\u00bb4.9.4&#8243; remove_border=\u00bboff\u00bb global_colors_info=\u00bb{}\u00bb][\/et_pb_sidebar][\/et_pb_column][et_pb_column type=\u00bb2_3&#8243; specialty_columns=\u00bb2&#8243; _builder_version=\u00bb3.25&#8243; custom_padding=\u00bb|||\u00bb global_colors_info=\u00bb{}\u00bb custom_padding__hover=\u00bb|||\u00bb][et_pb_row_inner custom_padding_last_edited=\u00bbon|desktop\u00bb admin_label=\u00bbRow\u00bb _builder_version=\u00bb3.25&#8243; custom_padding=\u00bb40px||40px|\u00bb custom_padding_tablet=\u00bb\u00bb custom_padding_phone=\u00bb\u00bb global_colors_info=\u00bb{}\u00bb][et_pb_column_inner saved_specialty_column_type=\u00bb2_3&#8243; _builder_version=\u00bb3.25&#8243; custom_padding=\u00bb|||\u00bb global_colors_info=\u00bb{}\u00bb custom_padding__hover=\u00bb|||\u00bb][et_pb_text admin_label=\u00bbTitle\u00bb _builder_version=\u00bb3.27.4&#8243; text_letter_spacing=\u00bb0&#8243; text_line_height=\u00bb1.7&#8243; header_font_size=\u00bb30&#8243; header_letter_spacing=\u00bb0&#8243; header_line_height=\u00bb1&#8243; background_size=\u00bbinitial\u00bb background_position=\u00bbtop_left\u00bb background_repeat=\u00bbrepeat\u00bb use_border_color=\u00bboff\u00bb border_color=\u00bb#ffffff\u00bb border_width=\u00bb1&#8243; border_style=\u00bbsolid\u00bb global_colors_info=\u00bb{}\u00bb]\n<h2 class=\"entry-title\">FICHAS DE SEGURIDAD<\/h2>\n[\/et_pb_text][\/et_pb_column_inner][\/et_pb_row_inner][et_pb_row_inner custom_padding_last_edited=\u00bbon|desktop\u00bb admin_label=\u00bbRow\u00bb _builder_version=\u00bb3.25&#8243; custom_padding=\u00bb0px||0px|\u00bb custom_padding_tablet=\u00bb\u00bb custom_padding_phone=\u00bb\u00bb global_colors_info=\u00bb{}\u00bb][et_pb_column_inner saved_specialty_column_type=\u00bb2_3&#8243; _builder_version=\u00bb3.25&#8243; custom_padding=\u00bb|||\u00bb global_colors_info=\u00bb{}\u00bb custom_padding__hover=\u00bb|||\u00bb][et_pb_text admin_label=\u00bbtext\u00bb _builder_version=\u00bb3.27.4&#8243; text_letter_spacing=\u00bb0&#8243; text_line_height=\u00bb1.7&#8243; header_font_size=\u00bb30&#8243; header_letter_spacing=\u00bb0&#8243; header_line_height=\u00bb1&#8243; background_size=\u00bbinitial\u00bb background_position=\u00bbtop_left\u00bb background_repeat=\u00bbrepeat\u00bb use_border_color=\u00bboff\u00bb border_color=\u00bb#ffffff\u00bb border_width=\u00bb1&#8243; border_style=\u00bbsolid\u00bb global_colors_info=\u00bb{}\u00bb]La pol\u00edtica de AMPCO METAL es producir y distribuir materiales seguros para el uso y f\u00e1ciles de reciclar, de una manera responsable y consciente con el medio ambiente.<br \/>\n[\/et_pb_text][\/et_pb_column_inner][\/et_pb_row_inner][et_pb_row_inner custom_padding_last_edited=\u00bbon|phone\u00bb admin_label=\u00bbRow\u00bb _builder_version=\u00bb3.25&#8243; custom_margin=\u00bb30px||0px|\u00bb custom_margin_tablet=\u00bb\u00bb custom_margin_phone=\u00bb\u00bb custom_margin_last_edited=\u00bbon|phone\u00bb custom_padding=\u00bb||0px|\u00bb custom_padding_tablet=\u00bb\u00bb custom_padding_phone=\u00bb\u00bb global_colors_info=\u00bb{}\u00bb][et_pb_column_inner saved_specialty_column_type=\u00bb2_3&#8243; module_id=\u00bbapplication-data-sheet-download-row\u00bb _builder_version=\u00bb3.25&#8243; custom_padding=\u00bb|||\u00bb global_colors_info=\u00bb{}\u00bb custom_padding__hover=\u00bb|||\u00bb][et_pb_image src=\u00bbhttps:\/\/www.ampcometal.com\/wp-content\/uploads\/2017\/04\/safety-data-page-img1.jpg\u00bb align_tablet=\u00bbcenter\u00bb align_phone=\u00bb\u00bb align_last_edited=\u00bbon|desktop\u00bb admin_label=\u00bbImage\u00bb module_class=\u00bbapplication-data-sheet-download-item\u00bb _builder_version=\u00bb3.23&#8243; animation_style=\u00bbslide\u00bb animation_direction=\u00bbleft\u00bb animation_duration=\u00bb500ms\u00bb animation_intensity_slide=\u00bb10%\u00bb use_border_color=\u00bboff\u00bb border_color=\u00bb#ffffff\u00bb border_style=\u00bbsolid\u00bb animation=\u00bbleft\u00bb sticky=\u00bboff\u00bb always_center_on_mobile=\u00bbon\u00bb global_colors_info=\u00bb{}\u00bb][\/et_pb_image][et_pb_image src=\u00bbhttps:\/\/www.ampcometal.com\/wp-content\/uploads\/2017\/04\/safety-data-page-img2.jpg\u00bb align_tablet=\u00bbcenter\u00bb align_phone=\u00bb\u00bb align_last_edited=\u00bbon|desktop\u00bb admin_label=\u00bbImage\u00bb module_class=\u00bbapplication-data-sheet-download-item\u00bb _builder_version=\u00bb3.23&#8243; animation_style=\u00bbslide\u00bb animation_direction=\u00bbbottom\u00bb animation_duration=\u00bb500ms\u00bb animation_intensity_slide=\u00bb10%\u00bb use_border_color=\u00bboff\u00bb border_color=\u00bb#ffffff\u00bb border_style=\u00bbsolid\u00bb animation=\u00bbbottom\u00bb sticky=\u00bboff\u00bb always_center_on_mobile=\u00bbon\u00bb global_colors_info=\u00bb{}\u00bb][\/et_pb_image][et_pb_image src=\u00bbhttps:\/\/www.ampcometal.com\/wp-content\/uploads\/2017\/04\/safety-data-page-img3.jpg\u00bb align_tablet=\u00bbcenter\u00bb align_phone=\u00bb\u00bb align_last_edited=\u00bbon|desktop\u00bb admin_label=\u00bbImage\u00bb module_class=\u00bbapplication-data-sheet-download-item\u00bb _builder_version=\u00bb3.23&#8243; animation_style=\u00bbslide\u00bb animation_direction=\u00bbright\u00bb animation_duration=\u00bb500ms\u00bb animation_intensity_slide=\u00bb10%\u00bb use_border_color=\u00bboff\u00bb border_color=\u00bb#ffffff\u00bb border_style=\u00bbsolid\u00bb animation=\u00bbright\u00bb sticky=\u00bboff\u00bb always_center_on_mobile=\u00bbon\u00bb global_colors_info=\u00bb{}\u00bb][\/et_pb_image][\/et_pb_column_inner][\/et_pb_row_inner][et_pb_row_inner custom_padding_last_edited=\u00bbon|desktop\u00bb admin_label=\u00bbRow\u00bb _builder_version=\u00bb3.25&#8243; custom_margin_last_edited=\u00bboff|phone\u00bb custom_padding=\u00bb0px|||\u00bb custom_padding_tablet=\u00bb\u00bb custom_padding_phone=\u00bb\u00bb custom_css_main_element=\u00bbborder-bottom: solid 2px #e8e8e8;\u00bb global_colors_info=\u00bb{}\u00bb][et_pb_column_inner saved_specialty_column_type=\u00bb2_3&#8243; _builder_version=\u00bb3.25&#8243; custom_padding=\u00bb|||\u00bb global_colors_info=\u00bb{}\u00bb custom_padding__hover=\u00bb|||\u00bb][et_pb_text admin_label=\u00bbtext\u00bb _builder_version=\u00bb3.27.4&#8243; text_letter_spacing=\u00bb0&#8243; text_line_height=\u00bb1.7&#8243; header_font_size=\u00bb30&#8243; header_letter_spacing=\u00bb0&#8243; header_line_height=\u00bb1&#8243; background_size=\u00bbinitial\u00bb background_position=\u00bbtop_left\u00bb background_repeat=\u00bbrepeat\u00bb use_border_color=\u00bboff\u00bb border_color=\u00bb#ffffff\u00bb border_width=\u00bb1&#8243; border_style=\u00bbsolid\u00bb global_colors_info=\u00bb{}\u00bb]De acuerdo con nuestra pol\u00edtica de Salud y Seguridad, hemos desarrollado unas Fichas de Seguridad de Materiales, donde se encuentran recomendaciones para el uso y el manejo de nuestros productos y materiales.<br \/>\n[\/et_pb_text][\/et_pb_column_inner][\/et_pb_row_inner][et_pb_row_inner admin_label=\u00bbRow\u00bb _builder_version=\u00bb3.25&#8243; global_colors_info=\u00bb{}\u00bb][et_pb_column_inner saved_specialty_column_type=\u00bb2_3&#8243; _builder_version=\u00bb3.25&#8243; custom_padding=\u00bb|||\u00bb global_colors_info=\u00bb{}\u00bb custom_padding__hover=\u00bb|||\u00bb][et_pb_text admin_label=\u00bbDocument Downloads\u00bb _builder_version=\u00bb3.27.4&#8243; text_letter_spacing=\u00bb0&#8243; text_line_height=\u00bb1.7&#8243; header_font_size=\u00bb30&#8243; header_letter_spacing=\u00bb0&#8243; header_line_height=\u00bb1&#8243; background_size=\u00bbinitial\u00bb background_position=\u00bbtop_left\u00bb background_repeat=\u00bbrepeat\u00bb use_border_color=\u00bboff\u00bb border_color=\u00bb#ffffff\u00bb border_width=\u00bb1&#8243; border_style=\u00bbsolid\u00bb global_colors_info=\u00bb{}\u00bb]\n<h2 class=\"entry-title\">DOCUMENTOS PARA DESCARGAR<\/h2>\n[\/et_pb_text][\/et_pb_column_inner][\/et_pb_row_inner][et_pb_row_inner custom_padding_last_edited=\u00bbon|phone\u00bb admin_label=\u00bbRow\u00bb _builder_version=\u00bb3.25&#8243; custom_margin=\u00bb||60px|\u00bb custom_margin_tablet=\u00bb\u00bb custom_margin_phone=\u00bb\u00bb custom_margin_last_edited=\u00bbon|desktop\u00bb custom_padding=\u00bb||0px|\u00bb custom_padding_tablet=\u00bb\u00bb custom_padding_phone=\u00bb\u00bb custom_css_main_element=\u00bbborder-bottom: solid 2px #e8e8e8;\u00bb global_colors_info=\u00bb{}\u00bb][et_pb_column_inner saved_specialty_column_type=\u00bb2_3&#8243; module_id=\u00bbapplication-data-sheet-download-row\u00bb _builder_version=\u00bb3.25&#8243; custom_padding=\u00bb|||\u00bb global_colors_info=\u00bb{}\u00bb custom_padding__hover=\u00bb|||\u00bb][et_pb_code admin_label=\u00bbAMPCO\u00ae General MSDS\u00bb module_class=\u00bbapplication-data-sheet-download-item\u00bb _builder_version=\u00bb4.14.8&#8243; hover_enabled=\u00bb0&#8243; global_colors_info=\u00bb{}\u00bb sticky_enabled=\u00bb0&#8243;]<a href=\"https:\/\/www.ampcometal.com\/documents\/J79%20191%20Rev%20I%20AMPCO%20SDS%20general%20alloys.pdf\" target=\"_blank\" rel=\"noopener\"><br \/>\n            <!-- [et_pb_line_break_holder] --><\/p>\n<div class=\"pdf-icon-container\">\n              <!-- [et_pb_line_break_holder] --><br \/>\n              <svg xmlns=\"http:\/\/www.w3.org\/2000\/svg\" xmlns:xlink=\"http:\/\/www.w3.org\/1999\/xlink\" version=\"1.1\" class=\"PDFicon\" x=\"0px\" y=\"0px\"> viewBox = \u00ab0 0 355.5 521.3\u00bb style = \u00abenable-background: new 0 0 355.5 521.3;\u00bb xml: space = \u00abpreservar\u00bb&gt;<!-- [et_pb_line_break_holder] --><\/p>\n<style type=\"text\/css\"><!-- [et_pb_line_break_holder] --> .pdf-icon-path{fill:#878787;}<!-- [et_pb_line_break_holder] --><\/style>\n<p><!-- [et_pb_line_break_holder] --><path class=\"pdf-icon-path\" d=\"M305.4,357.9c-0.3-2.1-2-4.7-3.8-6.5c-5.1-5-16.5-7.7-33.8-7.9c-13.6,0-27.1,1-40.6,3!-- wpml:html_comment PCEtLSBbZXRfcGJfbGluZV9icmVha19ob2xkZXJdIC0tPg== --> c-6.6-3.8-13.5-8-18.8-13c-14.4-13.5-26.5-32.2-34-52.8c0.5-1.9,0.9-3.6,1.3-5.3c0,0,8.1-46.2,6-61.8c -0,2-1,5-0,5-3-1,1-4,4<!-- [et_pb_line_break_holder] --> l-0.7-1.8c-2.2-5.1-6.6-10.5-13.3-10.2l-4-0.1h-0.1c-7.6,0-13.8,3.9-15.4,9.7c-4.9,18.2,0.2,45.4,9.4 , 80.6l-2.3,5.8<!-- [et_pb_line_break_holder] --> c-6.6,16.1-14.9,32.3-22.2,46.6l-0.9,1.9c-7.7,15-14.6,27.8-21,38.6l-6.5,3.5c-0.5,0.3-11.7,6.2-14.3,7.7<!-- [et_pb_line_break_holder] --> c-22.2,13.3-37,28.3-39.4,40.3c-0.8,3.8-0.2,8.7,3.8,11l6.3,3.1c2.7,1.3,5.6,2.1,8.6,2.1c15.8,0,34.2 -19,7,59,5-63,9<!-- [et_pb_line_break_holder] --> c29.9-9.7,60.6-16.9,91.7-21.8c22.2,12.5,49.6,21.2,66.8,21.2c2.6,0,5.3-0.2,7.9-0.9c3.2-0.8,5.9-2.7,7.8 -5,3<!-- [et_pb_line_break_holder] --> C305.7,371.9,306.3,365,305.4,357.9z M65.2,435.6c2.9-7.9,14.3-23.5,31.2-37.4c1.1-0.9,3.7-3.3,6.1-5.6<!-- [et_pb_line_break_holder] --> C84.8,420.9,72.9,432.1,65.2,435.6z M165.3,205.2c5.1,0,8,12.8,8.2,24.9s-2.6,20.5-6.1,26.7c-2.9-9.3-4.3-23.8-4.3-33.4<!-- [et_pb_line_break_holder] --> C163.1,223.4,162.9,205.2,165.3,205.2z M135.4,369.4c3.6-6.4,7.2-13,11-20.1c7.3-13.6,13.7-27.7,19.3-42.1<!-- [et_pb_line_break_holder] --> c8.1,15,18.9,28.5,31.9,39.6c1.6,1.3,3.2,2.7,5,4C177,355.8,154.9,361.9,135.4,369.4z M296.7,368c-1.6,1-6,1.5- 8.9,1.5<!-- [et_pb_line_break_holder] --> c-9.3,0-20.7-4.2-36.8-11.1c6.2-0.5,11.8-0.7,16.9-0.7c9.3,0,12,0,21.1,2.3S298.3,367,296.7,368z M207.1,9.3<!-- [et_pb_line_break_holder] --> C202,4.2,194.3,0,189.9,0H13.1C5.9,0,0,5.9,0,13.1v495.1c0,7.2,5.9,13.1,13.1,13.1h329.3c7.2,0,13.1-5.9,13.1- 13.1V165.5<!-- [et_pb_line_break_holder] --> c0-4.4-4.2-12.1-9.3-17.2L207.1,9.3z M204.4,51.4c0-7.2,4.2-8.9,9.3-3.8l94.2,94.2c5.1,5.1,3.4,9.3-3.9, 9.3h-86.5<!-- [et_pb_line_break_holder] --> c-7.2,0-13.1-5.9-13.1-13.1L204.4,51.4z M333,485.8c0,7.2-5.9,13.1-13.1,13.1H35.5c-7.2,0-13.1-5.9-13.1-13.1V35. 5<!-- [et_pb_line_break_holder] --> c0-7.2,5.9-13.1,13.1-13.1h133.3c7.2,0,13.1,5.9,13.1,13.1v124.8c0,7.2,5.9,13.1,13.1,13.1h124.8c7.2,0,13.1,5.9 , 13.1,13.1<!-- [et_pb_line_break_holder] --> L333,485.8z \u00ab&gt;<\/path><!-- [et_pb_line_break_holder] --><\/svg>\n            <\/div>\n<p>            <!-- [et_pb_line_break_holder] --><br \/>\n            <!-- [et_pb_line_break_holder] --><\/p>\n<div class=\"pdf-icon-title\">\n              <pee>MSDS general de AMPCO\u00ae<\/pee>\n            <\/div>\n<p>            <!-- [et_pb_line_break_holder] --><br \/>\n          <\/a>[\/et_pb_code][et_pb_code admin_label=\u00bbAMPCO\u00ae BeCu Alloys MSDS\u00bb module_class=\u00bbapplication-data-sheet-download-item\u00bb _builder_version=\u00bb4.14.8&#8243; hover_enabled=\u00bb0&#8243; global_colors_info=\u00bb{}\u00bb sticky_enabled=\u00bb0&#8243;]<a href=\"https:\/\/www.ampcometal.com\/documents\/J79%20198%20Rev%202%20AMPCO%20SDS%20BeCu%20general%20alloys.pdf\" target=\"_blank\" rel=\"noopener\"><br \/>\n            <!-- [et_pb_line_break_holder] --><\/p>\n<div class=\"pdf-icon-container\">\n              <!-- [et_pb_line_break_holder] --><br \/>\n              <svg xmlns=\"http:\/\/www.w3.org\/2000\/svg\" xmlns:xlink=\"http:\/\/www.w3.org\/1999\/xlink\" version=\"1.1\" class=\"PDFicon\" x=\"0px\" y=\"0px\"> viewBox = \u00ab0 0 355.5 521.3\u00bb style = \u00abenable-background: new 0 0 355.5 521.3;\u00bb xml: space = \u00abpreservar\u00bb&gt;<!-- [et_pb_line_break_holder] --><\/p>\n<style type=\"text\/css\"><!-- [et_pb_line_break_holder] --> .pdf-icon-path{fill:#878787;}<!-- [et_pb_line_break_holder] --><\/style>\n<p><!-- [et_pb_line_break_holder] --><path class=\"pdf-icon-path\" d=\"M305.4,357.9c-0.3-2.1-2-4.7-3.8-6.5c-5.1-5-16.5-7.7-33.8-7.9c-13.6,0-27.1,1-40.6,3!-- wpml:html_comment PCEtLSBbZXRfcGJfbGluZV9icmVha19ob2xkZXJdIC0tPg== --> c-6.6-3.8-13.5-8-18.8-13c-14.4-13.5-26.5-32.2-34-52.8c0.5-1.9,0.9-3.6,1.3-5.3c0,0,8.1-46.2,6-61.8c -0,2-1,5-0,5-3-1,1-4,4<!-- [et_pb_line_break_holder] --> l-0.7-1.8c-2.2-5.1-6.6-10.5-13.3-10.2l-4-0.1h-0.1c-7.6,0-13.8,3.9-15.4,9.7c-4.9,18.2,0.2,45.4,9.4 , 80.6l-2.3,5.8<!-- [et_pb_line_break_holder] --> c-6.6,16.1-14.9,32.3-22.2,46.6l-0.9,1.9c-7.7,15-14.6,27.8-21,38.6l-6.5,3.5c-0.5,0.3-11.7,6.2-14.3,7.7<!-- [et_pb_line_break_holder] --> c-22.2,13.3-37,28.3-39.4,40.3c-0.8,3.8-0.2,8.7,3.8,11l6.3,3.1c2.7,1.3,5.6,2.1,8.6,2.1c15.8,0,34.2 -19,7,59,5-63,9<!-- [et_pb_line_break_holder] --> c29.9-9.7,60.6-16.9,91.7-21.8c22.2,12.5,49.6,21.2,66.8,21.2c2.6,0,5.3-0.2,7.9-0.9c3.2-0.8,5.9-2.7,7.8 -5,3<!-- [et_pb_line_break_holder] --> C305.7,371.9,306.3,365,305.4,357.9z M65.2,435.6c2.9-7.9,14.3-23.5,31.2-37.4c1.1-0.9,3.7-3.3,6.1-5.6<!-- [et_pb_line_break_holder] --> C84.8,420.9,72.9,432.1,65.2,435.6z M165.3,205.2c5.1,0,8,12.8,8.2,24.9s-2.6,20.5-6.1,26.7c-2.9-9.3-4.3-23.8-4.3-33.4<!-- [et_pb_line_break_holder] --> C163.1,223.4,162.9,205.2,165.3,205.2z M135.4,369.4c3.6-6.4,7.2-13,11-20.1c7.3-13.6,13.7-27.7,19.3-42.1<!-- [et_pb_line_break_holder] --> c8.1,15,18.9,28.5,31.9,39.6c1.6,1.3,3.2,2.7,5,4C177,355.8,154.9,361.9,135.4,369.4z M296.7,368c-1.6,1-6,1.5- 8.9,1.5<!-- [et_pb_line_break_holder] --> c-9.3,0-20.7-4.2-36.8-11.1c6.2-0.5,11.8-0.7,16.9-0.7c9.3,0,12,0,21.1,2.3S298.3,367,296.7,368z M207.1,9.3<!-- [et_pb_line_break_holder] --> C202,4.2,194.3,0,189.9,0H13.1C5.9,0,0,5.9,0,13.1v495.1c0,7.2,5.9,13.1,13.1,13.1h329.3c7.2,0,13.1-5.9,13.1- 13.1V165.5<!-- [et_pb_line_break_holder] --> c0-4.4-4.2-12.1-9.3-17.2L207.1,9.3z M204.4,51.4c0-7.2,4.2-8.9,9.3-3.8l94.2,94.2c5.1,5.1,3.4,9.3-3.9, 9.3h-86.5<!-- [et_pb_line_break_holder] --> c-7.2,0-13.1-5.9-13.1-13.1L204.4,51.4z M333,485.8c0,7.2-5.9,13.1-13.1,13.1H35.5c-7.2,0-13.1-5.9-13.1-13.1V35. 5<!-- [et_pb_line_break_holder] --> c0-7.2,5.9-13.1,13.1-13.1h133.3c7.2,0,13.1,5.9,13.1,13.1v124.8c0,7.2,5.9,13.1,13.1,13.1h124.8c7.2,0,13.1,5.9 , 13.1,13.1<!-- [et_pb_line_break_holder] --> L333,485.8z \u00ab&gt;<\/path><!-- [et_pb_line_break_holder] --><\/svg>\n            <\/div>\n<p>            <!-- [et_pb_line_break_holder] --><br \/>\n            <!-- [et_pb_line_break_holder] --><\/p>\n<div class=\"pdf-icon-title\">\n              <pee>AMPCO\u00ae BeCu Alloys MSDS<\/pee>\n            <\/div>\n<p>            <!-- [et_pb_line_break_holder] --><br \/>\n          <\/a>[\/et_pb_code][et_pb_code admin_label=\u00bbAMPCO\u00ae Welding Rods &#038; Wires\u00bb module_class=\u00bbapplication-data-sheet-download-item\u00bb _builder_version=\u00bb4.14.8&#8243; hover_enabled=\u00bb0&#8243; global_colors_info=\u00bb{}\u00bb sticky_enabled=\u00bb0&#8243;]<a href=\"https:\/\/www.ampcometal.com\/documents\/J79%20195%20Rev%20I%20AMPCO%20SDS%20rod%20wire.pdf\" target=\"_blank\" rel=\"noopener\"><br \/>\n            <!-- [et_pb_line_break_holder] --><\/p>\n<div class=\"pdf-icon-container\">\n              <!-- [et_pb_line_break_holder] --><br \/>\n              <svg xmlns=\"http:\/\/www.w3.org\/2000\/svg\" xmlns:xlink=\"http:\/\/www.w3.org\/1999\/xlink\" version=\"1.1\" class=\"PDFicon\" x=\"0px\" y=\"0px\"> viewBox = \u00ab0 0 355.5 521.3\u00bb style = \u00abenable-background: new 0 0 355.5 521.3;\u00bb xml: space = \u00abpreservar\u00bb&gt;<!-- [et_pb_line_break_holder] --><\/p>\n<style type=\"text\/css\"><!-- [et_pb_line_break_holder] --> .pdf-icon-path{fill:#878787;}<!-- [et_pb_line_break_holder] --><\/style>\n<p><!-- [et_pb_line_break_holder] --><path class=\"pdf-icon-path\" d=\"M305.4,357.9c-0.3-2.1-2-4.7-3.8-6.5c-5.1-5-16.5-7.7-33.8-7.9c-13.6,0-27.1,1-40.6,3!-- wpml:html_comment PCEtLSBbZXRfcGJfbGluZV9icmVha19ob2xkZXJdIC0tPg== --> c-6.6-3.8-13.5-8-18.8-13c-14.4-13.5-26.5-32.2-34-52.8c0.5-1.9,0.9-3.6,1.3-5.3c0,0,8.1-46.2,6-61.8c -0,2-1,5-0,5-3-1,1-4,4<!-- [et_pb_line_break_holder] --> l-0.7-1.8c-2.2-5.1-6.6-10.5-13.3-10.2l-4-0.1h-0.1c-7.6,0-13.8,3.9-15.4,9.7c-4.9,18.2,0.2,45.4,9.4 , 80.6l-2.3,5.8<!-- [et_pb_line_break_holder] --> c-6.6,16.1-14.9,32.3-22.2,46.6l-0.9,1.9c-7.7,15-14.6,27.8-21,38.6l-6.5,3.5c-0.5,0.3-11.7,6.2-14.3,7.7<!-- [et_pb_line_break_holder] --> c-22.2,13.3-37,28.3-39.4,40.3c-0.8,3.8-0.2,8.7,3.8,11l6.3,3.1c2.7,1.3,5.6,2.1,8.6,2.1c15.8,0,34.2 -19,7,59,5-63,9<!-- [et_pb_line_break_holder] --> c29.9-9.7,60.6-16.9,91.7-21.8c22.2,12.5,49.6,21.2,66.8,21.2c2.6,0,5.3-0.2,7.9-0.9c3.2-0.8,5.9-2.7,7.8 -5,3<!-- [et_pb_line_break_holder] --> C305.7,371.9,306.3,365,305.4,357.9z M65.2,435.6c2.9-7.9,14.3-23.5,31.2-37.4c1.1-0.9,3.7-3.3,6.1-5.6<!-- [et_pb_line_break_holder] --> C84.8,420.9,72.9,432.1,65.2,435.6z M165.3,205.2c5.1,0,8,12.8,8.2,24.9s-2.6,20.5-6.1,26.7c-2.9-9.3-4.3-23.8-4.3-33.4<!-- [et_pb_line_break_holder] --> C163.1,223.4,162.9,205.2,165.3,205.2z M135.4,369.4c3.6-6.4,7.2-13,11-20.1c7.3-13.6,13.7-27.7,19.3-42.1<!-- [et_pb_line_break_holder] --> c8.1,15,18.9,28.5,31.9,39.6c1.6,1.3,3.2,2.7,5,4C177,355.8,154.9,361.9,135.4,369.4z M296.7,368c-1.6,1-6,1.5- 8.9,1.5<!-- [et_pb_line_break_holder] --> c-9.3,0-20.7-4.2-36.8-11.1c6.2-0.5,11.8-0.7,16.9-0.7c9.3,0,12,0,21.1,2.3S298.3,367,296.7,368z M207.1,9.3<!-- [et_pb_line_break_holder] --> C202,4.2,194.3,0,189.9,0H13.1C5.9,0,0,5.9,0,13.1v495.1c0,7.2,5.9,13.1,13.1,13.1h329.3c7.2,0,13.1-5.9,13.1- 13.1V165.5<!-- [et_pb_line_break_holder] --> c0-4.4-4.2-12.1-9.3-17.2L207.1,9.3z M204.4,51.4c0-7.2,4.2-8.9,9.3-3.8l94.2,94.2c5.1,5.1,3.4,9.3-3.9, 9.3h-86.5<!-- [et_pb_line_break_holder] --> c-7.2,0-13.1-5.9-13.1-13.1L204.4,51.4z M333,485.8c0,7.2-5.9,13.1-13.1,13.1H35.5c-7.2,0-13.1-5.9-13.1-13.1V35. 5<!-- [et_pb_line_break_holder] --> c0-7.2,5.9-13.1,13.1-13.1h133.3c7.2,0,13.1,5.9,13.1,13.1v124.8c0,7.2,5.9,13.1,13.1,13.1h124.8c7.2,0,13.1,5.9 , 13.1,13.1<!-- [et_pb_line_break_holder] --> L333,485.8z \u00ab&gt;<\/path><!-- [et_pb_line_break_holder] --><\/svg>\n            <\/div>\n<p>            <!-- [et_pb_line_break_holder] --><br \/>\n            <!-- [et_pb_line_break_holder] --><\/p>\n<div class=\"pdf-icon-title\">\n              <pee>AMPCO\u00ae Welding Rods &amp; Wires<\/pee>\n            <\/div>\n<p>            <!-- [et_pb_line_break_holder] --><br \/>\n          <\/a>[\/et_pb_code][\/et_pb_column_inner][\/et_pb_row_inner][\/et_pb_column][\/et_pb_section]\n","protected":false},"excerpt":{"rendered":"<p>FICHAS DE SEGURIDAD La pol\u00edtica de AMPCO METAL es producir y distribuir materiales seguros para el uso y f\u00e1ciles de reciclar, de una manera responsable y consciente con el medio ambiente. De acuerdo con nuestra pol\u00edtica de Salud y Seguridad, hemos desarrollado unas Fichas de Seguridad de Materiales, donde se encuentran recomendaciones para el uso [&hellip;]<\/p>\n","protected":false},"author":1,"featured_media":0,"parent":54090,"menu_order":0,"comment_status":"closed","ping_status":"closed","template":"","meta":{"_et_pb_use_builder":"on","_et_pb_old_content":"","_et_gb_content_width":"","inline_featured_image":false,"footnotes":"","_links_to":"","_links_to_target":""},"class_list":["post-54093","page","type-page","status-publish","hentry"],"acf":[],"aioseo_notices":[],"_links":{"self":[{"href":"https:\/\/www.ampcometal.com\/es\/wp-json\/wp\/v2\/pages\/54093","targetHints":{"allow":["GET"]}}],"collection":[{"href":"https:\/\/www.ampcometal.com\/es\/wp-json\/wp\/v2\/pages"}],"about":[{"href":"https:\/\/www.ampcometal.com\/es\/wp-json\/wp\/v2\/types\/page"}],"author":[{"embeddable":true,"href":"https:\/\/www.ampcometal.com\/es\/wp-json\/wp\/v2\/users\/1"}],"replies":[{"embeddable":true,"href":"https:\/\/www.ampcometal.com\/es\/wp-json\/wp\/v2\/comments?post=54093"}],"version-history":[{"count":0,"href":"https:\/\/www.ampcometal.com\/es\/wp-json\/wp\/v2\/pages\/54093\/revisions"}],"up":[{"embeddable":true,"href":"https:\/\/www.ampcometal.com\/es\/wp-json\/wp\/v2\/pages\/54090"}],"wp:attachment":[{"href":"https:\/\/www.ampcometal.com\/es\/wp-json\/wp\/v2\/media?parent=54093"}],"curies":[{"name":"wp","href":"https:\/\/api.w.org\/{rel}","templated":true}]}}