{"id":54074,"date":"2021-09-14T09:48:24","date_gmt":"2021-09-14T07:48:24","guid":{"rendered":"https:\/\/www.ampcometal.com\/condiciones-de-uso\/"},"modified":"2021-09-14T09:48:24","modified_gmt":"2021-09-14T07:48:24","slug":"condiciones-de-uso","status":"publish","type":"page","link":"https:\/\/www.ampcometal.com\/es\/condiciones-de-uso\/","title":{"rendered":"Condiciones de uso"},"content":{"rendered":"[et_pb_section fb_built=\u00bb1&#8243; specialty=\u00bbon\u00bb custom_padding_last_edited=\u00bbon|desktop\u00bb parallax_method_1=\u00bboff\u00bb parallax_method_2=\u00bboff\u00bb module_id_1=\u00bbproduct-page-sidebar-column\u00bb admin_label=\u00bbSection\u00bb _builder_version=\u00bb3.22&#8243; background_color=\u00bb#f7f7f7&#8243; custom_padding=\u00bb0px||0px|\u00bb custom_padding_tablet=\u00bb40px|||\u00bb custom_padding_phone=\u00bb\u00bb transparent_background=\u00bboff\u00bb make_fullwidth=\u00bboff\u00bb use_custom_width=\u00bboff\u00bb width_unit=\u00bbon\u00bb global_colors_info=\u00bb{}\u00bb][et_pb_column type=\u00bb1_3&#8243; _builder_version=\u00bb3.25&#8243; custom_padding=\u00bb|||\u00bb global_colors_info=\u00bb{}\u00bb custom_padding__hover=\u00bb|||\u00bb][et_pb_sidebar _builder_version=\u00bb4.9.11&#8243; _module_preset=\u00bbdefault\u00bb hover_enabled=\u00bb0&#8243; global_colors_info=\u00bb{}\u00bb area=\u00bblegal_sidebar\u00bb sticky_enabled=\u00bb0&#8243;][\/et_pb_sidebar][\/et_pb_column][et_pb_column type=\u00bb2_3&#8243; specialty_columns=\u00bb2&#8243; _builder_version=\u00bb3.25&#8243; custom_padding=\u00bb|||\u00bb global_colors_info=\u00bb{}\u00bb custom_padding__hover=\u00bb|||\u00bb][et_pb_row_inner custom_padding_last_edited=\u00bbon|desktop\u00bb admin_label=\u00bbRow\u00bb _builder_version=\u00bb3.25&#8243; custom_margin=\u00bb||80px|\u00bb custom_margin_tablet=\u00bb||60px|\u00bb custom_margin_phone=\u00bb\u00bb custom_margin_last_edited=\u00bbon|desktop\u00bb custom_padding=\u00bb40px||40px|\u00bb custom_padding_tablet=\u00bb\u00bb custom_padding_phone=\u00bb\u00bb custom_css_main_element=\u00bbborder-bottom: solid 2px #e8e8e8;\u00bb global_colors_info=\u00bb{}\u00bb][et_pb_column_inner saved_specialty_column_type=\u00bb2_3&#8243; _builder_version=\u00bb3.25&#8243; custom_padding=\u00bb|||\u00bb global_colors_info=\u00bb{}\u00bb custom_padding__hover=\u00bb|||\u00bb][et_pb_text admin_label=\u00bbTerms of use\u00bb _builder_version=\u00bb3.27.4&#8243; background_size=\u00bbinitial\u00bb background_position=\u00bbtop_left\u00bb background_repeat=\u00bbrepeat\u00bb use_border_color=\u00bboff\u00bb border_color=\u00bb#ffffff\u00bb border_style=\u00bbsolid\u00bb global_colors_info=\u00bb{}\u00bb]\n<h2>Condiciones de uso<\/h2>\n[\/et_pb_text][et_pb_text admin_label=\u00bbText\u00bb _builder_version=\u00bb3.27.4&#8243; background_size=\u00bbinitial\u00bb background_position=\u00bbtop_left\u00bb background_repeat=\u00bbrepeat\u00bb custom_margin_last_edited=\u00bboff|desktop\u00bb use_border_color=\u00bboff\u00bb border_color=\u00bb#ffffff\u00bb border_style=\u00bbsolid\u00bb global_colors_info=\u00bb{}\u00bb]Bienvenido a nuestro sitio web. Si contin\u00faa navegando y utilizando este sitio web, acepta cumplir y estar sujeto a los siguientes t\u00e9rminos y condiciones de uso, que junto con nuestra pol\u00edtica de privacidad rigen la relaci\u00f3n de AMPCO METAL con usted en relaci\u00f3n con este sitio web.<\/p>\n<p>El t\u00e9rmino \u201cAMPCO METAL\u201d o \u201cnosotros\u201d o \u201cnosotros\u201d se refiere al propietario del sitio web cuyo domicilio social es Route de Ch\u00e9salles 48, PO Box 45, 1723 Marly, Suiza. El t\u00e9rmino \u00abusted\u00bb se refiere al usuario o visitante de nuestro sitio web. El uso de este sitio web est\u00e1 sujeto a los siguientes t\u00e9rminos de uso:<\/p>\n<ul>\n<li>El contenido de las p\u00e1ginas de este sitio web es para su informaci\u00f3n general y uso exclusivo. Est\u00e1 sujeto a cambios sin previo aviso.<\/li>\n<li>Ni nosotros ni terceros ofrecemos garant\u00eda alguna en cuanto a la precisi\u00f3n, puntualidad, rendimiento, integridad o idoneidad de la informaci\u00f3n y los materiales que se encuentran u ofrecen en este sitio web para un prop\u00f3sito en particular. Usted reconoce que dicha informaci\u00f3n y materiales pueden contener inexactitudes o errores y excluimos expresamente la responsabilidad por tales inexactitudes o errores en la mayor medida permitida por la ley.<\/li>\n<li>El uso de cualquier informaci\u00f3n o material en este sitio web es bajo su propio riesgo, por lo que no seremos responsables. Ser\u00e1 su propia responsabilidad asegurarse de que cualquier producto, servicio o informaci\u00f3n disponible a trav\u00e9s de este sitio web cumpla con sus requisitos espec\u00edficos.<\/li>\n<li>Este sitio web contiene material que es de nuestra propiedad o que tenemos licencia. Este material incluye, entre otros, el dise\u00f1o, el dise\u00f1o, la apariencia, la apariencia y los gr\u00e1ficos del sitio web y toda la informaci\u00f3n del producto aqu\u00ed contenida. La reproducci\u00f3n est\u00e1 prohibida excepto de acuerdo con el aviso de derechos de autor, que forma parte de estos t\u00e9rminos y condiciones.<\/li>\n<li>Todas las marcas comerciales reproducidas en este sitio web que no son propiedad del operador ni tienen licencia para este se reconocen en el sitio web.<\/li>\n<li>El uso no autorizado de este sitio web puede dar lugar a una reclamaci\u00f3n por da\u00f1os y \/ o constituir un delito.<\/li>\n<li>De vez en cuando, este sitio web tambi\u00e9n puede incluir enlaces a otros sitios web. Estos enlaces se proporcionan para su conveniencia para proporcionar m\u00e1s informaci\u00f3n. No significan que respaldemos los sitios web. No tenemos ninguna responsabilidad por el contenido de los sitios web vinculados.<\/li>\n<li>No puede crear un enlace a este sitio web desde otro sitio web o documento sin el consentimiento previo por escrito de AMPCO METAL.<\/li>\n<\/ul>\n<p>Su uso de este sitio web y cualquier disputa que surja de dicho uso del sitio web est\u00e1n sujetos a las leyes de Suiza.<br \/>\n[\/et_pb_text][\/et_pb_column_inner][\/et_pb_row_inner][\/et_pb_column][\/et_pb_section]\n","protected":false},"excerpt":{"rendered":"<p>Condiciones de uso Bienvenido a nuestro sitio web. Si contin\u00faa navegando y utilizando este sitio web, acepta cumplir y estar sujeto a los siguientes t\u00e9rminos y condiciones de uso, que junto con nuestra pol\u00edtica de privacidad rigen la relaci\u00f3n de AMPCO METAL con usted en relaci\u00f3n con este sitio web. El t\u00e9rmino \u201cAMPCO METAL\u201d o [&hellip;]<\/p>\n","protected":false},"author":1,"featured_media":0,"parent":0,"menu_order":0,"comment_status":"closed","ping_status":"closed","template":"","meta":{"_et_pb_use_builder":"on","_et_pb_old_content":"","_et_gb_content_width":"","inline_featured_image":false,"footnotes":"","_links_to":"","_links_to_target":""},"class_list":["post-54074","page","type-page","status-publish","hentry"],"acf":[],"aioseo_notices":[],"_links":{"self":[{"href":"https:\/\/www.ampcometal.com\/es\/wp-json\/wp\/v2\/pages\/54074","targetHints":{"allow":["GET"]}}],"collection":[{"href":"https:\/\/www.ampcometal.com\/es\/wp-json\/wp\/v2\/pages"}],"about":[{"href":"https:\/\/www.ampcometal.com\/es\/wp-json\/wp\/v2\/types\/page"}],"author":[{"embeddable":true,"href":"https:\/\/www.ampcometal.com\/es\/wp-json\/wp\/v2\/users\/1"}],"replies":[{"embeddable":true,"href":"https:\/\/www.ampcometal.com\/es\/wp-json\/wp\/v2\/comments?post=54074"}],"version-history":[{"count":0,"href":"https:\/\/www.ampcometal.com\/es\/wp-json\/wp\/v2\/pages\/54074\/revisions"}],"wp:attachment":[{"href":"https:\/\/www.ampcometal.com\/es\/wp-json\/wp\/v2\/media?parent=54074"}],"curies":[{"name":"wp","href":"https:\/\/api.w.org\/{rel}","templated":true}]}}