{"id":54063,"date":"2021-09-14T09:48:17","date_gmt":"2021-09-14T07:48:17","guid":{"rendered":"https:\/\/www.ampcometal.com\/historia\/"},"modified":"2023-02-05T23:19:40","modified_gmt":"2023-02-05T21:19:40","slug":"historia","status":"publish","type":"page","link":"https:\/\/www.ampcometal.com\/es\/empresa\/historia\/","title":{"rendered":"Historia"},"content":{"rendered":"[et_pb_section fb_built=\u00bb1&#8243; specialty=\u00bbon\u00bb custom_padding_last_edited=\u00bbon|desktop\u00bb parallax_method_1=\u00bboff\u00bb parallax_method_2=\u00bboff\u00bb module_id_1=\u00bbproduct-page-sidebar-column\u00bb _builder_version=\u00bb4.16&#8243; background_color=\u00bb#f7f7f7&#8243; custom_padding=\u00bb0px||0px|\u00bb custom_padding_tablet=\u00bb40px|||\u00bb custom_padding_phone=\u00bb\u00bb transparent_background=\u00bboff\u00bb make_fullwidth=\u00bboff\u00bb use_custom_width=\u00bboff\u00bb width_unit=\u00bbon\u00bb global_colors_info=\u00bb{}\u00bb][et_pb_column type=\u00bb1_3&#8243; _builder_version=\u00bb4.16&#8243; custom_padding=\u00bb|||\u00bb global_colors_info=\u00bb{}\u00bb custom_padding__hover=\u00bb|||\u00bb][et_pb_sidebar area=\u00bbcompany_sidebar\u00bb disabled_on=\u00bbon|on|off\u00bb module_id=\u00bbinner-product-sidebar-module\u00bb _builder_version=\u00bb4.16&#8243; remove_border=\u00bboff\u00bb global_colors_info=\u00bb{}\u00bb][\/et_pb_sidebar][\/et_pb_column][et_pb_column type=\u00bb2_3&#8243; specialty_columns=\u00bb2&#8243; _builder_version=\u00bb4.16&#8243; custom_padding=\u00bb|||\u00bb global_colors_info=\u00bb{}\u00bb custom_padding__hover=\u00bb|||\u00bb][et_pb_row_inner custom_padding_last_edited=\u00bbon|desktop\u00bb admin_label=\u00bbRow\u00bb _builder_version=\u00bb4.16&#8243; custom_margin_last_edited=\u00bboff|desktop\u00bb custom_padding=\u00bb40px||0px|\u00bb custom_padding_tablet=\u00bb\u00bb custom_padding_phone=\u00bb\u00bb global_colors_info=\u00bb{}\u00bb][et_pb_column_inner saved_specialty_column_type=\u00bb2_3&#8243; _builder_version=\u00bb4.16&#8243; custom_padding=\u00bb|||\u00bb global_colors_info=\u00bb{}\u00bb custom_padding__hover=\u00bb|||\u00bb][et_pb_text admin_label=\u00bbHISTORY\u00bb _builder_version=\u00bb4.16&#8243; background_size=\u00bbinitial\u00bb background_position=\u00bbtop_left\u00bb background_repeat=\u00bbrepeat\u00bb use_border_color=\u00bboff\u00bb border_color=\u00bb#ffffff\u00bb border_style=\u00bbsolid\u00bb global_colors_info=\u00bb{}\u00bb]\n<h2>HISTORIA<\/h2>\n[\/et_pb_text][et_pb_text _builder_version=\u00bb4.16&#8243; background_size=\u00bbinitial\u00bb background_position=\u00bbtop_left\u00bb background_repeat=\u00bbrepeat\u00bb custom_margin=\u00bb20px|||\u00bb custom_margin_tablet=\u00bb\u00bb custom_margin_phone=\u00bb\u00bb custom_margin_last_edited=\u00bbon|\u00bb use_border_color=\u00bboff\u00bb border_color=\u00bb#ffffff\u00bb border_style=\u00bbsolid\u00bb global_colors_info=\u00bb{}\u00bb]A principios de 1914 un peque\u00f1o grupo de empresarios se reuni\u00f3 para tratar un descubrimiento interesante \u201cun nuevo bronce lo suficientemente duro para conformar el acero\u201d. El 6 de junio de 1914, el inventor August Littman, junto con otros empresarios, crearon la American Metal Products Company. El producto recibi\u00f3 el nombre de Bronce AMPCO\u00ae, derivado de las iniciales de la empresa. El logo seleccionado fue un diamante y la aleaci\u00f3n se produc\u00eda por medio de un proceso secreto que solo conoc\u00edan unos pocos.<br \/>\n[\/et_pb_text][\/et_pb_column_inner][\/et_pb_row_inner][et_pb_row_inner column_structure=\u00bb1_2,1_2&#8243; use_custom_gutter=\u00bbon\u00bb gutter_width=\u00bb1&#8243; make_equal=\u00bbon\u00bb admin_label=\u00bbRow\u00bb module_class=\u00bbproduct-description-row\u00bb _builder_version=\u00bb4.16&#8243; global_colors_info=\u00bb{}\u00bb][et_pb_column_inner type=\u00bb1_2&#8243; saved_specialty_column_type=\u00bb2_3&#8243; module_class=\u00bbproduct-description-col-text\u00bb _builder_version=\u00bb4.16&#8243; custom_padding=\u00bb|||\u00bb custom_css_main_element=\u00bbwidth: 70%;\u00bb global_colors_info=\u00bb{}\u00bb custom_padding__hover=\u00bb|||\u00bb][et_pb_text admin_label=\u00bbDescription\u00bb _builder_version=\u00bb4.16&#8243; background_size=\u00bbinitial\u00bb background_position=\u00bbtop_left\u00bb background_repeat=\u00bbrepeat\u00bb use_border_color=\u00bboff\u00bb border_color=\u00bb#ffffff\u00bb border_style=\u00bbsolid\u00bb global_colors_info=\u00bb{}\u00bb]El \u00e9xito tardo un poco en llegar, pero ya a principio de los a\u00f1os treinta, AMPCO METAL hab\u00eda conseguido una gran reputaci\u00f3n en la producci\u00f3n de aleaciones de bronce al aluminio, en coladas en arena, coladas centrifugas y forjados. La empresa American Metal Products Company despu\u00e9s de cambiar su nombre a AMPCO METAL INC. en 1930, se fue ganando una gran reputaci\u00f3n como fabricante fiable y de calidad excepcional. La segunda guerra mundial trajo una fuerte demanda para la producci\u00f3n de aleaciones de cobre y el valor de los bronces industriales fue reconocido cada vez m\u00e1s, especialmente en la ingenier\u00eda aeron\u00e1utica. En 1944, el n\u00famero de trabajadores de AMPCO METAL hab\u00eda aumentado de 100 a 2.500 personas, con todos los aviones americanos incorporando elementos AMPCO METAL en sus motores, trenes de aterrizaje, h\u00e9lices o fuselajes. En la industria naval, las h\u00e9lices AMPCO METAL fueron producidas para buqes y barcazas. De hecho, las aleaciones de AMPCO METAL fueron utilizadas en casi todas las esferas de las operaciones militares.<br \/>\n[\/et_pb_text][\/et_pb_column_inner][et_pb_column_inner type=\u00bb1_2&#8243; saved_specialty_column_type=\u00bb2_3&#8243; module_class=\u00bbproduct-description-col-image\u00bb _builder_version=\u00bb4.16&#8243; custom_padding=\u00bb|||\u00bb custom_css_main_element=\u00bbwidth: 30%;\u00bb global_colors_info=\u00bb{}\u00bb custom_padding__hover=\u00bb|||\u00bb][et_pb_image src=\u00bbhttps:\/\/www.ampcometal.com\/wp-content\/uploads\/2017\/05\/history_pict1.jpg\u00bb align=\u00bbright\u00bb align_tablet=\u00bbcenter\u00bb align_phone=\u00bb\u00bb align_last_edited=\u00bbon|desktop\u00bb module_class=\u00bbproduct-description-img\u00bb _builder_version=\u00bb4.16&#8243; max_width=\u00bb80%\u00bb max_width_tablet=\u00bb\u00bb max_width_phone=\u00bb\u00bb max_width_last_edited=\u00bbon|desktop\u00bb custom_margin_tablet=\u00bb30px|||\u00bb custom_margin_phone=\u00bb\u00bb custom_margin_last_edited=\u00bbon|tablet\u00bb use_border_color=\u00bboff\u00bb border_color=\u00bb#ffffff\u00bb border_style=\u00bbsolid\u00bb animation=\u00bboff\u00bb sticky=\u00bboff\u00bb always_center_on_mobile=\u00bbon\u00bb global_colors_info=\u00bb{}\u00bb][\/et_pb_image][\/et_pb_column_inner][\/et_pb_row_inner][et_pb_row_inner custom_padding_last_edited=\u00bbon|phone\u00bb admin_label=\u00bbRow\u00bb _builder_version=\u00bb4.16&#8243; custom_margin=\u00bb||80px|\u00bb custom_margin_tablet=\u00bb||60px|\u00bb custom_margin_phone=\u00bb\u00bb custom_margin_last_edited=\u00bbon|desktop\u00bb custom_padding=\u00bb0px|||\u00bb custom_padding_tablet=\u00bb\u00bb custom_padding_phone=\u00bb\u00bb custom_css_main_element=\u00bbborder-bottom: solid 2px #e8e8e8;\u00bb global_colors_info=\u00bb{}\u00bb][et_pb_column_inner saved_specialty_column_type=\u00bb2_3&#8243; _builder_version=\u00bb4.16&#8243; custom_padding=\u00bb|||\u00bb global_colors_info=\u00bb{}\u00bb custom_padding__hover=\u00bb|||\u00bb][et_pb_text _builder_version=\u00bb4.16&#8243; background_size=\u00bbinitial\u00bb background_position=\u00bbtop_left\u00bb background_repeat=\u00bbrepeat\u00bb custom_margin=\u00bb20px||40px|\u00bb custom_margin_tablet=\u00bb\u00bb custom_margin_phone=\u00bb\u00bb custom_margin_last_edited=\u00bbon|desktop\u00bb use_border_color=\u00bboff\u00bb global_colors_info=\u00bb{}\u00bb]Los a\u00f1os de 1922 a los 70 trajeron la introducci\u00f3n de productos y tecnolog\u00edas innovadores como las herramientas antichispa y no magn\u00e9ticas, bronces centrifugados, bronces duros para aplicaciones de moldeo, bronces al aluminio n\u00edquel, electrodos de soldadura de alta conductividad y nuevas aleaciones de alta resistencia para la aeron\u00e1utica.<\/p>\n<p>En los a\u00f1os 70 la empresa se convirti\u00f3 en el primer productor de aleaciones certificado por ASME y en la d\u00e9cada de 1980 la primera empresa el proceso de fabricaci\u00f3n EPC (Evaporative Pattern Casting) para producir aleaciones de cobre.<\/p>\n<p>A partir de 1957 AMPCO METAL comenz\u00f3 a ampliar su red de ventas en diversos pa\u00edses, principalmente en Europa, con el fin de aumentar la cobertura del mercado.<\/p>\n<p>Reconociendo la enorme oportunidad de mercado presentada por la r\u00e1pida expansi\u00f3n de la econom\u00eda China, AMPCO METAL abri\u00f3 una oficina de venta y marketing en Tianjin en 2003.<\/p>\n<p>Hoy en d\u00eda, AMPCO METAL tiene operaciones en 16 pa\u00edses y 3 continentes.<\/p>\n<p>Publicaciones y documentos hist\u00f3ricos de AMPCO METAL:<br \/>\n[\/et_pb_text][et_pb_image src=\u00bbhttps:\/\/www.ampcometal.com\/wp-content\/uploads\/2017\/05\/history-documents-image-2.jpg\u00bb align=\u00bbcenter\u00bb align_tablet=\u00bbcenter\u00bb align_phone=\u00bb\u00bb align_last_edited=\u00bbon|desktop\u00bb _builder_version=\u00bb4.16&#8243; use_border_color=\u00bboff\u00bb border_color=\u00bb#ffffff\u00bb border_style=\u00bbsolid\u00bb animation=\u00bboff\u00bb sticky=\u00bboff\u00bb always_center_on_mobile=\u00bbon\u00bb global_colors_info=\u00bb{}\u00bb][\/et_pb_image][\/et_pb_column_inner][\/et_pb_row_inner][\/et_pb_column][\/et_pb_section]\n","protected":false},"excerpt":{"rendered":"<p>HISTORIA A principios de 1914 un peque\u00f1o grupo de empresarios se reuni\u00f3 para tratar un descubrimiento interesante \u201cun nuevo bronce lo suficientemente duro para conformar el acero\u201d. El 6 de junio de 1914, el inventor August Littman, junto con otros empresarios, crearon la American Metal Products Company. El producto recibi\u00f3 el nombre de Bronce AMPCO\u00ae, [&hellip;]<\/p>\n","protected":false},"author":1,"featured_media":0,"parent":54166,"menu_order":0,"comment_status":"closed","ping_status":"closed","template":"","meta":{"_et_pb_use_builder":"on","_et_pb_old_content":"","_et_gb_content_width":"","inline_featured_image":false,"footnotes":"","_links_to":"","_links_to_target":""},"class_list":["post-54063","page","type-page","status-publish","hentry"],"acf":[],"aioseo_notices":[],"_links":{"self":[{"href":"https:\/\/www.ampcometal.com\/es\/wp-json\/wp\/v2\/pages\/54063","targetHints":{"allow":["GET"]}}],"collection":[{"href":"https:\/\/www.ampcometal.com\/es\/wp-json\/wp\/v2\/pages"}],"about":[{"href":"https:\/\/www.ampcometal.com\/es\/wp-json\/wp\/v2\/types\/page"}],"author":[{"embeddable":true,"href":"https:\/\/www.ampcometal.com\/es\/wp-json\/wp\/v2\/users\/1"}],"replies":[{"embeddable":true,"href":"https:\/\/www.ampcometal.com\/es\/wp-json\/wp\/v2\/comments?post=54063"}],"version-history":[{"count":3,"href":"https:\/\/www.ampcometal.com\/es\/wp-json\/wp\/v2\/pages\/54063\/revisions"}],"predecessor-version":[{"id":68712,"href":"https:\/\/www.ampcometal.com\/es\/wp-json\/wp\/v2\/pages\/54063\/revisions\/68712"}],"up":[{"embeddable":true,"href":"https:\/\/www.ampcometal.com\/es\/wp-json\/wp\/v2\/pages\/54166"}],"wp:attachment":[{"href":"https:\/\/www.ampcometal.com\/es\/wp-json\/wp\/v2\/media?parent=54063"}],"curies":[{"name":"wp","href":"https:\/\/api.w.org\/{rel}","templated":true}]}}