{"id":54060,"date":"2021-09-14T09:48:15","date_gmt":"2021-09-14T07:48:15","guid":{"rendered":"https:\/\/www.ampcometal.com\/tecnologia-microcast\/"},"modified":"2021-10-28T22:34:18","modified_gmt":"2021-10-28T20:34:18","slug":"tecnologia-microcast","status":"publish","type":"page","link":"https:\/\/www.ampcometal.com\/es\/datos-tecnicos\/tecnologia-microcast\/","title":{"rendered":"Tecnolog\u00eda Microcast\u00ae"},"content":{"rendered":"[et_pb_section fb_built=\u00bb1&#8243; specialty=\u00bbon\u00bb custom_padding_last_edited=\u00bbon|desktop\u00bb parallax_method_1=\u00bboff\u00bb parallax_method_2=\u00bboff\u00bb module_id_1=\u00bbproduct-page-sidebar-column\u00bb admin_label=\u00bbSection\u00bb _builder_version=\u00bb3.22&#8243; background_color=\u00bb#f7f7f7&#8243; custom_padding=\u00bb0px||0px|\u00bb custom_padding_tablet=\u00bb40px|||\u00bb custom_padding_phone=\u00bb\u00bb transparent_background=\u00bboff\u00bb make_fullwidth=\u00bboff\u00bb use_custom_width=\u00bboff\u00bb width_unit=\u00bbon\u00bb global_colors_info=\u00bb{}\u00bb][et_pb_column type=\u00bb1_3&#8243; _builder_version=\u00bb3.25&#8243; custom_padding=\u00bb|||\u00bb global_colors_info=\u00bb{}\u00bb custom_padding__hover=\u00bb|||\u00bb][et_pb_sidebar area=\u00bbtechnical_data_sidebar\u00bb disabled_on=\u00bbon|on|off\u00bb admin_label=\u00bbSidebar\u00bb module_id=\u00bbinner-product-sidebar-module\u00bb _builder_version=\u00bb4.9.4&#8243; remove_border=\u00bboff\u00bb global_colors_info=\u00bb{}\u00bb][\/et_pb_sidebar][\/et_pb_column][et_pb_column type=\u00bb2_3&#8243; specialty_columns=\u00bb2&#8243; _builder_version=\u00bb3.25&#8243; custom_padding=\u00bb|||\u00bb global_colors_info=\u00bb{}\u00bb custom_padding__hover=\u00bb|||\u00bb][et_pb_row_inner custom_padding_last_edited=\u00bbon|desktop\u00bb admin_label=\u00bbRow\u00bb _builder_version=\u00bb3.25&#8243; custom_margin=\u00bb||0px|\u00bb custom_margin_tablet=\u00bb\u00bb custom_margin_phone=\u00bb\u00bb custom_margin_last_edited=\u00bbon|\u00bb custom_padding=\u00bb40px||0px|\u00bb custom_padding_tablet=\u00bb\u00bb custom_padding_phone=\u00bb\u00bb global_colors_info=\u00bb{}\u00bb][et_pb_column_inner saved_specialty_column_type=\u00bb2_3&#8243; _builder_version=\u00bb3.25&#8243; custom_padding=\u00bb|||\u00bb global_colors_info=\u00bb{}\u00bb custom_padding__hover=\u00bb|||\u00bb][et_pb_text admin_label=\u00bbTitle\u00bb _builder_version=\u00bb3.27.4&#8243; text_letter_spacing=\u00bb0&#8243; text_line_height=\u00bb1.7&#8243; header_font_size=\u00bb30&#8243; header_letter_spacing=\u00bb0&#8243; header_line_height=\u00bb1&#8243; background_size=\u00bbinitial\u00bb background_position=\u00bbtop_left\u00bb background_repeat=\u00bbrepeat\u00bb use_border_color=\u00bboff\u00bb border_color=\u00bb#ffffff\u00bb border_width=\u00bb1&#8243; border_style=\u00bbsolid\u00bb global_colors_info=\u00bb{}\u00bb]\n<h2 class=\"entry-title\">TECNOLOG\u00cdA MICROCAST\u00ae<\/h2>\n[\/et_pb_text][\/et_pb_column_inner][\/et_pb_row_inner][et_pb_row_inner column_structure=\u00bb1_2,1_2&#8243; custom_padding_last_edited=\u00bbon|desktop\u00bb admin_label=\u00bbRow\u00bb _builder_version=\u00bb3.25&#8243; custom_margin_tablet=\u00bb||0px|\u00bb custom_margin_phone=\u00bb\u00bb custom_margin_last_edited=\u00bbon|tablet\u00bb custom_padding=\u00bb||0px|\u00bb custom_padding_tablet=\u00bb\u00bb custom_padding_phone=\u00bb\u00bb global_colors_info=\u00bb{}\u00bb][et_pb_column_inner type=\u00bb1_2&#8243; saved_specialty_column_type=\u00bb2_3&#8243; module_id=\u00bbmicrocast-logo-col\u00bb _builder_version=\u00bb3.25&#8243; custom_padding=\u00bb|||\u00bb global_colors_info=\u00bb{}\u00bb custom_padding__hover=\u00bb|||\u00bb][et_pb_image src=\u00bbhttps:\/\/www.ampcometal.com\/wp-content\/uploads\/2017\/01\/microcast.png\u00bb align_tablet=\u00bbcenter\u00bb align_phone=\u00bb\u00bb align_last_edited=\u00bbon|desktop\u00bb admin_label=\u00bbImage\u00bb _builder_version=\u00bb3.23&#8243; animation_style=\u00bbslide\u00bb animation_direction=\u00bbleft\u00bb animation_duration=\u00bb500ms\u00bb animation_intensity_slide=\u00bb10%\u00bb use_border_color=\u00bboff\u00bb border_color=\u00bb#ffffff\u00bb border_style=\u00bbsolid\u00bb animation=\u00bbleft\u00bb sticky=\u00bboff\u00bb always_center_on_mobile=\u00bbon\u00bb global_colors_info=\u00bb{}\u00bb][\/et_pb_image][\/et_pb_column_inner][et_pb_column_inner type=\u00bb1_2&#8243; saved_specialty_column_type=\u00bb2_3&#8243; _builder_version=\u00bb3.25&#8243; custom_padding=\u00bb|||\u00bb global_colors_info=\u00bb{}\u00bb custom_padding__hover=\u00bb|||\u00bb][\/et_pb_column_inner][\/et_pb_row_inner][et_pb_row_inner column_structure=\u00bb1_2,1_2&#8243; use_custom_gutter=\u00bbon\u00bb gutter_width=\u00bb1&#8243; make_equal=\u00bbon\u00bb custom_padding_last_edited=\u00bbon|desktop\u00bb admin_label=\u00bbRow\u00bb module_class=\u00bbproduct-description-row\u00bb _builder_version=\u00bb3.25&#8243; custom_margin=\u00bb||60px|\u00bb custom_margin_tablet=\u00bb||50px|\u00bb custom_margin_phone=\u00bb\u00bb custom_margin_last_edited=\u00bbon|desktop\u00bb custom_padding=\u00bb||30px|\u00bb custom_padding_tablet=\u00bb||0px|\u00bb custom_padding_phone=\u00bb\u00bb custom_css_main_element=\u00bbborder-bottom: solid 2px #e8e8e8;\u00bb global_colors_info=\u00bb{}\u00bb][et_pb_column_inner type=\u00bb1_2&#8243; saved_specialty_column_type=\u00bb2_3&#8243; module_class=\u00bbproduct-description-col-text\u00bb _builder_version=\u00bb3.25&#8243; custom_padding=\u00bb|||\u00bb custom_css_main_element=\u00bbwidth: 70%;\u00bb global_colors_info=\u00bb{}\u00bb custom_padding__hover=\u00bb|||\u00bb][et_pb_text admin_label=\u00bbText\u00bb _builder_version=\u00bb3.27.4&#8243; background_size=\u00bbinitial\u00bb background_position=\u00bbtop_left\u00bb background_repeat=\u00bbrepeat\u00bb custom_margin=\u00bb||30px|\u00bb custom_margin_tablet=\u00bb\u00bb custom_margin_phone=\u00bb\u00bb custom_margin_last_edited=\u00bbon|\u00bb use_border_color=\u00bboff\u00bb border_color=\u00bb#ffffff\u00bb border_style=\u00bbsolid\u00bb global_colors_info=\u00bb{}\u00bb]AMPCO METAL produce una serie de bronces al aluminio y de aleaciones de cobre especiales de alto rendimiento utilizando una tecnolog\u00eda patentada denominada Microcast\u00ae. Basada en una t\u00e9cnica exclusiva de conducci\u00f3n magn\u00e9tica (Magneto-Hidro-Din\u00e1mico) en el horno de fundici\u00f3n, este proceso de fabricaci\u00f3n produce un grano muy fino y una microestructura uniforme, promoviendo una excepcional dispersi\u00f3n de los elementos qu\u00edmicos de la aleaci\u00f3n para una calidad consistente y durabilidad superior.<\/p>\n<h4><span style=\"color: #f19a19;\">Ventajas\/Beneficios de las aleaciones AMPCO\u00ae MICROCAST\u00ae<\/span><\/h4>\n<p>El proceso de fabricaci\u00f3n MICROCAST\u00ae patentado por AMPCO METAL, para la fundici\u00f3n en colada continua de redondos, rect\u00e1ngulos y tubos, presenta los siguientes beneficios:<br \/>\n[\/et_pb_text][et_pb_blurb title=\u00bbEl grano m\u00e1s fino y uniforme disponible vs. los productos est\u00e1ndar.\u00bb image=\u00bbhttps:\/\/www.ampcometal.com\/wp-content\/uploads\/2017\/04\/checkmark.png\u00bb icon_placement=\u00bbleft\u00bb image_max_width=\u00bb20px\u00bb admin_label=\u00bbBlurb\u00bb _builder_version=\u00bb3.0.87&#8243; header_font_size=\u00bb14&#8243; background_size=\u00bbinitial\u00bb background_position=\u00bbtop_left\u00bb background_repeat=\u00bbrepeat\u00bb max_width_tablet=\u00bb\u00bb max_width_phone=\u00bb\u00bb max_width_last_edited=\u00bbon|\u00bb custom_margin=\u00bb||20px|\u00bb custom_margin_tablet=\u00bb\u00bb custom_margin_phone=\u00bb\u00bb custom_margin_last_edited=\u00bbon|\u00bb animation=\u00bboff\u00bb header_font_size_tablet=\u00bb\u00bb header_font_size_phone=\u00bb\u00bb header_font_size_last_edited=\u00bbon|\u00bb custom_css_blurb_image=\u00bbvertical-align: middle;||\u00bb custom_css_blurb_title=\u00bbmargin-left: -10px;||margin-bottom: -5px;\u00bb use_border_color=\u00bboff\u00bb border_color=\u00bb#ffffff\u00bb border_style=\u00bbsolid\u00bb global_colors_info=\u00bb{}\u00bb][\/et_pb_blurb][et_pb_blurb title=\u00bbCaracter\u00edsticas estables sobre una amplia gama de temperaturas de trabajo, similar a sus equivalentes en forjado.\u00bb image=\u00bbhttps:\/\/www.ampcometal.com\/wp-content\/uploads\/2017\/04\/checkmark.png\u00bb icon_placement=\u00bbleft\u00bb image_max_width=\u00bb20px\u00bb admin_label=\u00bbBlurb\u00bb _builder_version=\u00bb3.0.87&#8243; header_font_size=\u00bb14&#8243; background_size=\u00bbinitial\u00bb background_position=\u00bbtop_left\u00bb background_repeat=\u00bbrepeat\u00bb max_width_tablet=\u00bb\u00bb max_width_phone=\u00bb\u00bb max_width_last_edited=\u00bbon|\u00bb custom_margin=\u00bb||20px|\u00bb custom_margin_tablet=\u00bb\u00bb custom_margin_phone=\u00bb\u00bb custom_margin_last_edited=\u00bbon|\u00bb animation=\u00bboff\u00bb header_font_size_tablet=\u00bb\u00bb header_font_size_phone=\u00bb\u00bb header_font_size_last_edited=\u00bbon|\u00bb custom_css_blurb_image=\u00bbvertical-align: middle;||\u00bb custom_css_blurb_title=\u00bbmargin-left: -10px;||margin-bottom: -5px;\u00bb use_border_color=\u00bboff\u00bb border_color=\u00bb#ffffff\u00bb border_style=\u00bbsolid\u00bb global_colors_info=\u00bb{}\u00bb][\/et_pb_blurb][et_pb_blurb title=\u00bbAlta resistencia espec\u00edfica, permitiendo la fabricaci\u00f3n de componentes en peque\u00f1as dimensiones, ahorrando en el peso del componente.\u00bb image=\u00bbhttps:\/\/www.ampcometal.com\/wp-content\/uploads\/2017\/04\/checkmark.png\u00bb icon_placement=\u00bbleft\u00bb image_max_width=\u00bb20px\u00bb admin_label=\u00bbBlurb\u00bb _builder_version=\u00bb3.0.87&#8243; header_font_size=\u00bb14&#8243; background_size=\u00bbinitial\u00bb background_position=\u00bbtop_left\u00bb background_repeat=\u00bbrepeat\u00bb max_width_tablet=\u00bb\u00bb max_width_phone=\u00bb\u00bb max_width_last_edited=\u00bbon|\u00bb custom_margin=\u00bb||20px|\u00bb custom_margin_tablet=\u00bb\u00bb custom_margin_phone=\u00bb\u00bb custom_margin_last_edited=\u00bbon|\u00bb animation=\u00bboff\u00bb header_font_size_tablet=\u00bb\u00bb header_font_size_phone=\u00bb\u00bb header_font_size_last_edited=\u00bbon|\u00bb custom_css_blurb_image=\u00bbvertical-align: middle;||\u00bb custom_css_blurb_title=\u00bbmargin-left: -10px;||margin-bottom: -5px;\u00bb use_border_color=\u00bboff\u00bb border_color=\u00bb#ffffff\u00bb border_style=\u00bbsolid\u00bb global_colors_info=\u00bb{}\u00bb][\/et_pb_blurb][et_pb_blurb title=\u00bbAlta resistencia a la tracci\u00f3n y a la fatiga en un material para cojinetes y casquillos no sujeto al engrane.\u00bb image=\u00bbhttps:\/\/www.ampcometal.com\/wp-content\/uploads\/2017\/04\/checkmark.png\u00bb icon_placement=\u00bbleft\u00bb image_max_width=\u00bb20px\u00bb admin_label=\u00bbBlurb\u00bb _builder_version=\u00bb3.0.87&#8243; header_font_size=\u00bb14&#8243; background_size=\u00bbinitial\u00bb background_position=\u00bbtop_left\u00bb background_repeat=\u00bbrepeat\u00bb max_width_tablet=\u00bb\u00bb max_width_phone=\u00bb\u00bb max_width_last_edited=\u00bbon|\u00bb custom_margin=\u00bb||20px|\u00bb custom_margin_tablet=\u00bb\u00bb custom_margin_phone=\u00bb\u00bb custom_margin_last_edited=\u00bbon|\u00bb animation=\u00bboff\u00bb header_font_size_tablet=\u00bb\u00bb header_font_size_phone=\u00bb\u00bb header_font_size_last_edited=\u00bbon|\u00bb custom_css_blurb_image=\u00bbvertical-align: middle;||\u00bb custom_css_blurb_title=\u00bbmargin-left: -10px;||margin-bottom: -5px;\u00bb use_border_color=\u00bboff\u00bb border_color=\u00bb#ffffff\u00bb border_style=\u00bbsolid\u00bb global_colors_info=\u00bb{}\u00bb][\/et_pb_blurb][et_pb_blurb title=\u00bbResistencia excepcional al desgaste cuando debidamente lubricado.\u00bb image=\u00bbhttps:\/\/www.ampcometal.com\/wp-content\/uploads\/2017\/04\/checkmark.png\u00bb icon_placement=\u00bbleft\u00bb image_max_width=\u00bb20px\u00bb admin_label=\u00bbBlurb\u00bb _builder_version=\u00bb3.0.87&#8243; header_font_size=\u00bb14&#8243; background_size=\u00bbinitial\u00bb background_position=\u00bbtop_left\u00bb background_repeat=\u00bbrepeat\u00bb max_width_tablet=\u00bb\u00bb max_width_phone=\u00bb\u00bb max_width_last_edited=\u00bbon|\u00bb custom_margin=\u00bb||20px|\u00bb custom_margin_tablet=\u00bb\u00bb custom_margin_phone=\u00bb\u00bb custom_margin_last_edited=\u00bbon|\u00bb animation=\u00bboff\u00bb header_font_size_tablet=\u00bb\u00bb header_font_size_phone=\u00bb\u00bb header_font_size_last_edited=\u00bbon|\u00bb custom_css_blurb_image=\u00bbvertical-align: middle;||\u00bb custom_css_blurb_title=\u00bbmargin-left: -10px;||margin-bottom: -5px;\u00bb use_border_color=\u00bboff\u00bb border_color=\u00bb#ffffff\u00bb border_style=\u00bbsolid\u00bb global_colors_info=\u00bb{}\u00bb][\/et_pb_blurb][\/et_pb_column_inner][et_pb_column_inner type=\u00bb1_2&#8243; saved_specialty_column_type=\u00bb2_3&#8243; module_class=\u00bbproduct-description-col-image\u00bb _builder_version=\u00bb3.25&#8243; custom_padding=\u00bb|||20px\u00bb custom_css_main_element=\u00bbwidth: 30%;\u00bb global_colors_info=\u00bb{}\u00bb custom_padding__hover=\u00bb|||\u00bb][et_pb_code admin_label=\u00bbCSS for imgs below\u00bb global_colors_info=\u00bb{}\u00bb]\n<style><!-- [et_pb_line_break_holder] -->@media only screen and (min-width:600px) and (max-width:980px) {<!-- [et_pb_line_break_holder] -->.product-description-col-image {<!-- [et_pb_line_break_holder] -->display: flex;<!-- [et_pb_line_break_holder] -->justify-content: space-between;<!-- [et_pb_line_break_holder] -->align-items: flex-end:<!-- [et_pb_line_break_holder] -->padding-left: 0 !important;<!-- [et_pb_line_break_holder] -->}<!-- [et_pb_line_break_holder] -->.image-block-1 { margin-top: 0 !important; }<!-- [et_pb_line_break_holder] -->.image-block-2 h5 { min-height: 48px; }<!-- [et_pb_line_break_holder] -->}<!-- [et_pb_line_break_holder] --><!-- [et_pb_line_break_holder] -->@media (max-width:980px) {<!-- [et_pb_line_break_holder] -->.image-block-1 {border: none !important; }<!-- [et_pb_line_break_holder] -->.product-description-col-image { margin-top: 40px; }<!-- [et_pb_line_break_holder] -->}<!-- [et_pb_line_break_holder] --><!-- [et_pb_line_break_holder] -->@media (max-width:599px) {<!-- [et_pb_line_break_holder] -->.image-block-2 { margin-top: 48px; }<!-- [et_pb_line_break_holder] -->}<!-- [et_pb_line_break_holder] --><\/style>\n[\/et_pb_code][et_pb_text disabled_on=\u00bboff|off|\u00bb admin_label=\u00bbImage\u00bb module_class=\u00bbimage-block-1&#8243; _builder_version=\u00bb3.27.4&#8243; background_size=\u00bbinitial\u00bb background_position=\u00bbtop_left\u00bb background_repeat=\u00bbrepeat\u00bb text_orientation=\u00bbcenter\u00bb module_alignment=\u00bbcenter\u00bb custom_margin=\u00bb||30px|\u00bb custom_padding=\u00bb||30px|\u00bb custom_padding_tablet=\u00bb||0px|\u00bb custom_padding_phone=\u00bb\u00bb custom_padding_last_edited=\u00bbon|tablet\u00bb custom_css_main_element=\u00bbborder-bottom: 2px solid #e8e8e8;\u00bb use_border_color=\u00bboff\u00bb border_color=\u00bb#ffffff\u00bb border_style=\u00bbsolid\u00bb global_colors_info=\u00bb{}\u00bb]\n<h5 style=\"text-align: center;\">\n            <span style=\"color: #f19a19;\">Bronce Comercial<\/span><\/p>\n<p>            <span style=\"color: #f19a19;\">Reparto Est\u00e1ndar<\/span><br \/>\n          <\/h5>\n<p>          <img loading=\"lazy\" decoding=\"async\" class=\"size-full wp-image-651 aligncenter\" src=\"https:\/\/www.ampcometal.com\/wp-content\/uploads\/2017\/01\/Rough-grain.png\" alt=\"\" width=\"283\" height=\"150\"><br \/>\n[\/et_pb_text][et_pb_text disabled_on=\u00bboff|off|\u00bb admin_label=\u00bbImage\u00bb module_class=\u00bbimage-block-2&#8243; _builder_version=\u00bb3.27.4&#8243; background_size=\u00bbinitial\u00bb background_position=\u00bbtop_left\u00bb background_repeat=\u00bbrepeat\u00bb text_orientation=\u00bbcenter\u00bb module_alignment=\u00bbcenter\u00bb use_border_color=\u00bboff\u00bb border_color=\u00bb#ffffff\u00bb border_style=\u00bbsolid\u00bb global_colors_info=\u00bb{}\u00bb]\n<h5 style=\"text-align: center;\">\n            <span style=\"color: #f19a19;\">AMPCO<sup> \u00ae<\/sup> Bronce<\/span><br \/>\n          <\/h5>\n<p>          <img loading=\"lazy\" decoding=\"async\" class=\"size-full wp-image-639 aligncenter\" src=\"https:\/\/www.ampcometal.com\/wp-content\/uploads\/2017\/01\/Fone-grain.png\" alt=\"\" width=\"283\" height=\"152\"><br \/>\n[\/et_pb_text][\/et_pb_column_inner][\/et_pb_row_inner][\/et_pb_column][\/et_pb_section]\n","protected":false},"excerpt":{"rendered":"<p>TECNOLOG\u00cdA MICROCAST\u00ae AMPCO METAL produce una serie de bronces al aluminio y de aleaciones de cobre especiales de alto rendimiento utilizando una tecnolog\u00eda patentada denominada Microcast\u00ae. Basada en una t\u00e9cnica exclusiva de conducci\u00f3n magn\u00e9tica (Magneto-Hidro-Din\u00e1mico) en el horno de fundici\u00f3n, este proceso de fabricaci\u00f3n produce un grano muy fino y una microestructura uniforme, promoviendo una [&hellip;]<\/p>\n","protected":false},"author":1,"featured_media":0,"parent":54090,"menu_order":0,"comment_status":"closed","ping_status":"closed","template":"","meta":{"_et_pb_use_builder":"on","_et_pb_old_content":"","_et_gb_content_width":"","inline_featured_image":false,"footnotes":"","_links_to":"","_links_to_target":""},"class_list":["post-54060","page","type-page","status-publish","hentry"],"acf":[],"aioseo_notices":[],"_links":{"self":[{"href":"https:\/\/www.ampcometal.com\/es\/wp-json\/wp\/v2\/pages\/54060","targetHints":{"allow":["GET"]}}],"collection":[{"href":"https:\/\/www.ampcometal.com\/es\/wp-json\/wp\/v2\/pages"}],"about":[{"href":"https:\/\/www.ampcometal.com\/es\/wp-json\/wp\/v2\/types\/page"}],"author":[{"embeddable":true,"href":"https:\/\/www.ampcometal.com\/es\/wp-json\/wp\/v2\/users\/1"}],"replies":[{"embeddable":true,"href":"https:\/\/www.ampcometal.com\/es\/wp-json\/wp\/v2\/comments?post=54060"}],"version-history":[{"count":0,"href":"https:\/\/www.ampcometal.com\/es\/wp-json\/wp\/v2\/pages\/54060\/revisions"}],"up":[{"embeddable":true,"href":"https:\/\/www.ampcometal.com\/es\/wp-json\/wp\/v2\/pages\/54090"}],"wp:attachment":[{"href":"https:\/\/www.ampcometal.com\/es\/wp-json\/wp\/v2\/media?parent=54060"}],"curies":[{"name":"wp","href":"https:\/\/api.w.org\/{rel}","templated":true}]}}