{"id":54057,"date":"2021-09-14T09:48:13","date_gmt":"2021-09-14T07:48:13","guid":{"rendered":"https:\/\/www.ampcometal.com\/intimidad\/"},"modified":"2021-11-04T01:06:57","modified_gmt":"2021-11-03T23:06:57","slug":"privacidad","status":"publish","type":"page","link":"https:\/\/www.ampcometal.com\/es\/privacidad\/","title":{"rendered":"Privacidad"},"content":{"rendered":"[et_pb_section fb_built=\u00bb1&#8243; specialty=\u00bbon\u00bb custom_padding_last_edited=\u00bbon|desktop\u00bb parallax_method_1=\u00bboff\u00bb parallax_method_2=\u00bboff\u00bb module_id_1=\u00bbproduct-page-sidebar-column\u00bb _builder_version=\u00bb3.22&#8243; background_color=\u00bb#f7f7f7&#8243; custom_padding=\u00bb0px||0px|\u00bb custom_padding_tablet=\u00bb40px|||\u00bb custom_padding_phone=\u00bb\u00bb transparent_background=\u00bboff\u00bb make_fullwidth=\u00bboff\u00bb use_custom_width=\u00bboff\u00bb width_unit=\u00bbon\u00bb][et_pb_column type=\u00bb1_3&#8243; _builder_version=\u00bb3.25&#8243; custom_padding=\u00bb|||\u00bb custom_padding__hover=\u00bb|||\u00bb][et_pb_sidebar area=\u00bbmisc_sidebar\u00bb disabled_on=\u00bbon|on|off\u00bb module_id=\u00bbinner-product-sidebar-module\u00bb _builder_version=\u00bb4.9.4&#8243; hover_enabled=\u00bb0&#8243; remove_border=\u00bboff\u00bb sticky_enabled=\u00bb0&#8243;][\/et_pb_sidebar][\/et_pb_column][et_pb_column type=\u00bb2_3&#8243; specialty_columns=\u00bb2&#8243; _builder_version=\u00bb3.25&#8243; custom_padding=\u00bb|||\u00bb custom_padding__hover=\u00bb|||\u00bb][et_pb_row_inner custom_padding_last_edited=\u00bbon|desktop\u00bb admin_label=\u00bbRow\u00bb _builder_version=\u00bb3.25&#8243; custom_margin=\u00bb||40px|\u00bb custom_margin_tablet=\u00bb\u00bb custom_margin_phone=\u00bb\u00bb custom_margin_last_edited=\u00bbon|desktop\u00bb custom_padding=\u00bb40px||40px|\u00bb custom_padding_tablet=\u00bb\u00bb custom_padding_phone=\u00bb\u00bb custom_css_main_element=\u00bbborder-bottom: solid 2px #e8e8e8;\u00bb][et_pb_column_inner saved_specialty_column_type=\u00bb2_3&#8243; _builder_version=\u00bb3.25&#8243; custom_padding=\u00bb|||\u00bb custom_padding__hover=\u00bb|||\u00bb][et_pb_text admin_label=\u00bbPRIVACY\u00bb _builder_version=\u00bb3.27.4&#8243; background_size=\u00bbinitial\u00bb background_position=\u00bbtop_left\u00bb background_repeat=\u00bbrepeat\u00bb use_border_color=\u00bboff\u00bb border_color=\u00bb#ffffff\u00bb border_style=\u00bbsolid\u00bb]\n<h2>PRIVACIDAD<\/h2>\n[\/et_pb_text][et_pb_text _builder_version=\u00bb3.27.4&#8243; background_size=\u00bbinitial\u00bb background_position=\u00bbtop_left\u00bb background_repeat=\u00bbrepeat\u00bb custom_margin=\u00bb20px|||\u00bb custom_margin_tablet=\u00bb\u00bb custom_margin_phone=\u00bb\u00bb custom_margin_last_edited=\u00bbon|\u00bb use_border_color=\u00bboff\u00bb border_color=\u00bb#ffffff\u00bb border_style=\u00bbsolid\u00bb]Esta pol\u00edtica de privacidad establece c\u00f3mo AMPCO METAL usa y protege cualquier informaci\u00f3n que usted le da a AMPCO METAL cuando usa este sitio web. AMPCO METAL se compromete a garantizar que su privacidad est\u00e9 protegida. Si le solicitamos que proporcione cierta informaci\u00f3n mediante la cual pueda ser identificado al utilizar este sitio web, puede estar seguro de que solo se utilizar\u00e1 de acuerdo con esta declaraci\u00f3n de privacidad. AMPCO METAL puede cambiar esta pol\u00edtica de vez en cuando al actualizar esta p\u00e1gina. Debe consultar esta p\u00e1gina de vez en cuando para asegurarse de que est\u00e1 satisfecho con los cambios. Esta pol\u00edtica es efectiva a partir del 18 de enero de 2010.<br \/>\n[\/et_pb_text][\/et_pb_column_inner][\/et_pb_row_inner][et_pb_row_inner custom_padding_last_edited=\u00bbon|desktop\u00bb admin_label=\u00bbRow\u00bb _builder_version=\u00bb3.25&#8243; custom_margin=\u00bb||40px|\u00bb custom_margin_tablet=\u00bb\u00bb custom_margin_phone=\u00bb\u00bb custom_margin_last_edited=\u00bbon|desktop\u00bb custom_padding=\u00bb0px||40px|\u00bb custom_padding_tablet=\u00bb\u00bb custom_padding_phone=\u00bb\u00bb custom_css_main_element=\u00bbborder-bottom: solid 2px #e8e8e8;\u00bb][et_pb_column_inner saved_specialty_column_type=\u00bb2_3&#8243; _builder_version=\u00bb3.25&#8243; custom_padding=\u00bb|||\u00bb custom_padding__hover=\u00bb|||\u00bb][et_pb_text admin_label=\u00bbWhat we collect\u00bb _builder_version=\u00bb3.27.4&#8243; background_size=\u00bbinitial\u00bb background_position=\u00bbtop_left\u00bb background_repeat=\u00bbrepeat\u00bb use_border_color=\u00bboff\u00bb border_color=\u00bb#ffffff\u00bb border_style=\u00bbsolid\u00bb]\n<h2>Lo que recolectamos<\/h2>\n[\/et_pb_text][et_pb_text _builder_version=\u00bb3.27.4&#8243; background_size=\u00bbinitial\u00bb background_position=\u00bbtop_left\u00bb background_repeat=\u00bbrepeat\u00bb custom_margin=\u00bb20px|||\u00bb custom_margin_tablet=\u00bb\u00bb custom_margin_phone=\u00bb\u00bb custom_margin_last_edited=\u00bbon|\u00bb use_border_color=\u00bboff\u00bb border_color=\u00bb#ffffff\u00bb border_style=\u00bbsolid\u00bb]<strong>Podemos recopilar la siguiente informaci\u00f3n:<\/strong><\/p>\n<ul>\n<li>Nombre y cargo<\/li>\n<li>Informaci\u00f3n de contacto, incluida la direcci\u00f3n de correo electr\u00f3nico<\/li>\n<li>Informaci\u00f3n demogr\u00e1fica como c\u00f3digo postal, preferencias e intereses.<\/li>\n<li>Otra informaci\u00f3n relevante para encuestas de clientes y \/ u ofertas<\/li>\n<\/ul>\n<p>          <strong>Qu\u00e9 hacemos con la informaci\u00f3n que recopilamos:<\/strong><\/p>\n<ul>\n<li>Requerimos esta informaci\u00f3n para comprender sus necesidades y brindarle un mejor servicio, y en particular por las siguientes razones:<\/li>\n<li>Mantenimiento de registros internos.<\/li>\n<li>Podemos utilizar la informaci\u00f3n para mejorar nuestros productos y servicios.<\/li>\n<li>Es posible que enviemos peri\u00f3dicamente correos electr\u00f3nicos promocionales sobre nuevos productos, ofertas especiales u otra informaci\u00f3n que creemos que puede resultarle interesante utilizando la direcci\u00f3n de correo electr\u00f3nico que nos ha proporcionado.<\/li>\n<li>De vez en cuando, tambi\u00e9n podemos utilizar su informaci\u00f3n para comunicarnos con usted con fines de investigaci\u00f3n de mercado. Podemos comunicarnos con usted por correo electr\u00f3nico, tel\u00e9fono, fax o correo. Podemos utilizar la informaci\u00f3n para personalizar el sitio web de acuerdo con sus intereses.<\/li>\n<\/ul>\n[\/et_pb_text][\/et_pb_column_inner][\/et_pb_row_inner][et_pb_row_inner custom_padding_last_edited=\u00bbon|phone\u00bb admin_label=\u00bbRow\u00bb _builder_version=\u00bb3.25&#8243; custom_margin=\u00bb||40px|\u00bb custom_margin_tablet=\u00bb\u00bb custom_margin_phone=\u00bb\u00bb custom_margin_last_edited=\u00bbon|desktop\u00bb custom_padding=\u00bb0px||40px|\u00bb custom_padding_tablet=\u00bb\u00bb custom_padding_phone=\u00bb\u00bb custom_css_main_element=\u00bbborder-bottom: solid 2px #e8e8e8;\u00bb][et_pb_column_inner saved_specialty_column_type=\u00bb2_3&#8243; _builder_version=\u00bb3.25&#8243; custom_padding=\u00bb|||\u00bb custom_padding__hover=\u00bb|||\u00bb][et_pb_text admin_label=\u00bbSecurity\u00bb _builder_version=\u00bb3.27.4&#8243; background_size=\u00bbinitial\u00bb background_position=\u00bbtop_left\u00bb background_repeat=\u00bbrepeat\u00bb use_border_color=\u00bboff\u00bb border_color=\u00bb#ffffff\u00bb border_style=\u00bbsolid\u00bb]\n<h2>Seguridad<\/h2>\n[\/et_pb_text][et_pb_text _builder_version=\u00bb3.27.4&#8243; background_size=\u00bbinitial\u00bb background_position=\u00bbtop_left\u00bb background_repeat=\u00bbrepeat\u00bb custom_margin=\u00bb20px|||\u00bb custom_margin_tablet=\u00bb\u00bb custom_margin_phone=\u00bb\u00bb custom_margin_last_edited=\u00bbon|\u00bb use_border_color=\u00bboff\u00bb border_color=\u00bb#ffffff\u00bb border_style=\u00bbsolid\u00bb]Estamos comprometidos a garantizar que su informaci\u00f3n est\u00e9 segura. Para evitar el acceso o la divulgaci\u00f3n no autorizados, hemos implementado procedimientos f\u00edsicos, electr\u00f3nicos y administrativos adecuados para salvaguardar y asegurar la informaci\u00f3n que recopilamos en l\u00ednea.<br \/>\n[\/et_pb_text][\/et_pb_column_inner][\/et_pb_row_inner][et_pb_row_inner custom_padding_last_edited=\u00bbon|phone\u00bb admin_label=\u00bbRow\u00bb _builder_version=\u00bb3.25&#8243; custom_margin=\u00bb||40px|\u00bb custom_margin_tablet=\u00bb\u00bb custom_margin_phone=\u00bb\u00bb custom_margin_last_edited=\u00bbon|desktop\u00bb custom_padding=\u00bb0px||40px|\u00bb custom_padding_tablet=\u00bb\u00bb custom_padding_phone=\u00bb\u00bb custom_css_main_element=\u00bbborder-bottom: solid 2px #e8e8e8;\u00bb][et_pb_column_inner saved_specialty_column_type=\u00bb2_3&#8243; _builder_version=\u00bb3.25&#8243; custom_padding=\u00bb|||\u00bb custom_padding__hover=\u00bb|||\u00bb][et_pb_text admin_label=\u00bbCookies\u00bb _builder_version=\u00bb3.27.4&#8243; background_size=\u00bbinitial\u00bb background_position=\u00bbtop_left\u00bb background_repeat=\u00bbrepeat\u00bb use_border_color=\u00bboff\u00bb border_color=\u00bb#ffffff\u00bb border_style=\u00bbsolid\u00bb]\n<h2>Galletas<\/h2>\n[\/et_pb_text][et_pb_text _builder_version=\u00bb3.27.4&#8243; background_size=\u00bbinitial\u00bb background_position=\u00bbtop_left\u00bb background_repeat=\u00bbrepeat\u00bb custom_margin=\u00bb20px|||\u00bb custom_margin_tablet=\u00bb\u00bb custom_margin_phone=\u00bb\u00bb custom_margin_last_edited=\u00bbon|\u00bb use_border_color=\u00bboff\u00bb border_color=\u00bb#ffffff\u00bb border_style=\u00bbsolid\u00bb]Una cookie es un peque\u00f1o archivo que solicita permiso para colocarse en el disco duro de su computadora. Una vez que est\u00e1 de acuerdo, se agrega el archivo y la cookie ayuda a analizar el tr\u00e1fico web o le permite saber cu\u00e1ndo visita un sitio en particular. Las cookies permiten que las aplicaciones web le respondan como un individuo. La aplicaci\u00f3n web puede adaptar sus operaciones a sus necesidades, gustos y disgustos al recopilar y recordar informaci\u00f3n sobre sus preferencias. Usamos cookies de registro de tr\u00e1fico para identificar qu\u00e9 p\u00e1ginas se est\u00e1n utilizando. Esto nos ayuda a analizar datos sobre el tr\u00e1fico de la p\u00e1gina web y mejorar nuestro sitio web para adaptarlo a las necesidades del cliente. Solo usamos esta informaci\u00f3n con fines de an\u00e1lisis estad\u00edstico y luego los datos se eliminan del sistema. En general, las cookies nos ayudan a brindarle un mejor sitio web, al permitirnos monitorear qu\u00e9 p\u00e1ginas encuentra \u00fatiles y cu\u00e1les no. Una cookie de ninguna manera nos da acceso a su computadora ni a ninguna informaci\u00f3n sobre usted, aparte de los datos que elija compartir con nosotros. Puede optar por aceptar o rechazar las cookies. La mayor\u00eda de los navegadores web aceptan autom\u00e1ticamente las cookies, pero normalmente puede modificar la configuraci\u00f3n de su navegador para rechazar las cookies si lo prefiere. Esto puede impedirle aprovechar al m\u00e1ximo el sitio web.<br \/>\n[\/et_pb_text][\/et_pb_column_inner][\/et_pb_row_inner][et_pb_row_inner custom_padding_last_edited=\u00bbon|desktop\u00bb admin_label=\u00bbRow\u00bb _builder_version=\u00bb3.25&#8243; custom_margin=\u00bb||40px|\u00bb custom_margin_tablet=\u00bb\u00bb custom_margin_phone=\u00bb\u00bb custom_margin_last_edited=\u00bbon|desktop\u00bb custom_padding=\u00bb0px||40px|\u00bb custom_padding_tablet=\u00bb\u00bb custom_padding_phone=\u00bb\u00bb custom_css_main_element=\u00bbborder-bottom: solid 2px #e8e8e8;\u00bb][et_pb_column_inner saved_specialty_column_type=\u00bb2_3&#8243; _builder_version=\u00bb3.25&#8243; custom_padding=\u00bb|||\u00bb custom_padding__hover=\u00bb|||\u00bb][et_pb_text admin_label=\u00bbLinks to other websites\u00bb _builder_version=\u00bb3.27.4&#8243; background_size=\u00bbinitial\u00bb background_position=\u00bbtop_left\u00bb background_repeat=\u00bbrepeat\u00bb use_border_color=\u00bboff\u00bb border_color=\u00bb#ffffff\u00bb border_style=\u00bbsolid\u00bb]\n<h2>Enlaces a otros sitios web<\/h2>\n[\/et_pb_text][et_pb_text _builder_version=\u00bb3.27.4&#8243; background_size=\u00bbinitial\u00bb background_position=\u00bbtop_left\u00bb background_repeat=\u00bbrepeat\u00bb custom_margin=\u00bb20px|||\u00bb custom_margin_tablet=\u00bb\u00bb custom_margin_phone=\u00bb\u00bb custom_margin_last_edited=\u00bbon|\u00bb use_border_color=\u00bboff\u00bb border_color=\u00bb#ffffff\u00bb border_style=\u00bbsolid\u00bb]Nuestro sitio web puede contener enlaces a otros sitios web de inter\u00e9s. Sin embargo, una vez que haya utilizado estos enlaces para salir de nuestro sitio, debe tener en cuenta que no tenemos ning\u00fan control sobre ese otro sitio web. Por lo tanto, no podemos ser responsables de la protecci\u00f3n y privacidad de cualquier informaci\u00f3n que usted proporcione mientras visita dichos sitios y dichos sitios no se rigen por esta declaraci\u00f3n de privacidad. Debe tener cuidado y consultar la declaraci\u00f3n de privacidad aplicable al sitio web en cuesti\u00f3n.<br \/>\n[\/et_pb_text][\/et_pb_column_inner][\/et_pb_row_inner][et_pb_row_inner custom_padding_last_edited=\u00bbon|desktop\u00bb admin_label=\u00bbRow\u00bb _builder_version=\u00bb3.25&#8243; custom_margin=\u00bb||40px|\u00bb custom_margin_tablet=\u00bb\u00bb custom_margin_phone=\u00bb\u00bb custom_margin_last_edited=\u00bbon|desktop\u00bb custom_padding=\u00bb0px||40px|\u00bb custom_padding_tablet=\u00bb\u00bb custom_padding_phone=\u00bb\u00bb custom_css_main_element=\u00bbborder-bottom: solid 2px #e8e8e8;\u00bb][et_pb_column_inner saved_specialty_column_type=\u00bb2_3&#8243; _builder_version=\u00bb3.25&#8243; custom_padding=\u00bb|||\u00bb custom_padding__hover=\u00bb|||\u00bb][et_pb_text admin_label=\u00bbControlling your personal information\u00bb _builder_version=\u00bb3.27.4&#8243; background_size=\u00bbinitial\u00bb background_position=\u00bbtop_left\u00bb background_repeat=\u00bbrepeat\u00bb use_border_color=\u00bboff\u00bb border_color=\u00bb#ffffff\u00bb border_style=\u00bbsolid\u00bb]\n<h2>Controlando su informaci\u00f3n personal<\/h2>\n[\/et_pb_text][et_pb_text _builder_version=\u00bb3.27.4&#8243; background_size=\u00bbinitial\u00bb background_position=\u00bbtop_left\u00bb background_repeat=\u00bbrepeat\u00bb custom_margin=\u00bb20px|||\u00bb custom_margin_tablet=\u00bb\u00bb custom_margin_phone=\u00bb\u00bb custom_margin_last_edited=\u00bbon|\u00bb use_border_color=\u00bboff\u00bb border_color=\u00bb#ffffff\u00bb border_style=\u00bbsolid\u00bb]Puede optar por restringir la recopilaci\u00f3n o el uso de su informaci\u00f3n personal de las siguientes maneras:<\/p>\n<ul>\n<li>Siempre que se le pida que complete un formulario en el sitio web, busque la casilla en la que puede hacer clic para indicar que no desea que nadie utilice la informaci\u00f3n con fines de marketing directo.<\/li>\n<li>Si previamente ha aceptado que usemos su informaci\u00f3n personal con fines de marketing directo, puede cambiar de opini\u00f3n en cualquier momento escribi\u00e9ndonos.<\/li>\n<\/ul>\n[\/et_pb_text][\/et_pb_column_inner][\/et_pb_row_inner][et_pb_row_inner custom_padding_last_edited=\u00bbon|desktop\u00bb admin_label=\u00bbRow\u00bb _builder_version=\u00bb3.25&#8243; custom_margin=\u00bb||40px|\u00bb custom_margin_tablet=\u00bb\u00bb custom_margin_phone=\u00bb\u00bb custom_margin_last_edited=\u00bbon|desktop\u00bb custom_padding=\u00bb0px||40px|\u00bb custom_padding_tablet=\u00bb\u00bb custom_padding_phone=\u00bb\u00bb custom_css_main_element=\u00bbborder-bottom: solid 2px #e8e8e8;\u00bb][et_pb_column_inner saved_specialty_column_type=\u00bb2_3&#8243; _builder_version=\u00bb3.25&#8243; custom_padding=\u00bb|||\u00bb custom_padding__hover=\u00bb|||\u00bb][et_pb_text admin_label=\u00bbSummary of Your Rights under GDPR\u00bb _builder_version=\u00bb3.27.4&#8243; use_border_color=\u00bboff\u00bb border_color=\u00bb#ffffff\u00bb border_style=\u00bbsolid\u00bb]\n<h2>Resumen de sus derechos bajo GDPR<\/h2>\n[\/et_pb_text][et_pb_text _builder_version=\u00bb3.27.4&#8243; custom_margin=\u00bb20px|||\u00bb custom_margin_tablet=\u00bb\u00bb custom_margin_phone=\u00bb\u00bb custom_margin_last_edited=\u00bbon|\u00bb use_border_color=\u00bboff\u00bb border_color=\u00bb#ffffff\u00bb border_style=\u00bbsolid\u00bb]Seg\u00fan el RGPD, tiene:<\/p>\n<ol>\n<li>el derecho a solicitar acceso, eliminaci\u00f3n o correcci\u00f3n de sus datos personales que tenemos;<\/li>\n<li>el derecho a presentar una queja ante una autoridad supervisora;<\/li>\n<li>ser informado de qu\u00e9 procesamiento de datos se est\u00e1 llevando a cabo;<\/li>\n<li>el derecho a restringir el procesamiento;<\/li>\n<li>el derecho a la portabilidad de datos;<\/li>\n<li>oponerse al tratamiento de sus datos personales.<\/li>\n<\/ol>\n<p>Para hacer cumplir cualquiera de los derechos anteriores o si tiene alguna otra pregunta sobre Nuestro sitio o esta Pol\u00edtica de privacidad, comun\u00edquese con nosotros utilizando los detalles a continuaci\u00f3n.<\/p>\n<p><strong>Cont\u00e1ctanos<\/strong><\/p>\n<p>Si tiene alguna pregunta sobre Nuestro sitio o esta Pol\u00edtica de privacidad, cont\u00e1ctenos por correo electr\u00f3nico a privacy@ampcometal.com, por tel\u00e9fono al +41 26439 9300 o por correo postal a AMPCO METAL SA, Route de Ch\u00e9salles 48, 1723 Marly, Suiza . Aseg\u00farese de que su consulta sea clara. Adem\u00e1s, si se trata de una solicitud de informaci\u00f3n sobre los datos que tenemos sobre usted, cont\u00e1ctenos por correo electr\u00f3nico a gdpr@ampcometal.com.<\/p>\n<p><strong>Cambios a nuestra pol\u00edtica de privacidad<\/strong><\/p>\n<p>Podemos cambiar esta Pol\u00edtica de privacidad seg\u00fan lo consideremos necesario de vez en cuando, o seg\u00fan lo requiera la ley. Cualquier cambio se publicar\u00e1 inmediatamente en Nuestro sitio y se considerar\u00e1 que ha aceptado los t\u00e9rminos de la Pol\u00edtica de privacidad en su primer uso de Nuestro sitio despu\u00e9s de las modificaciones. Le recomendamos que consulte esta p\u00e1gina con regularidad para mantenerse actualizado.<br \/>\n[\/et_pb_text][\/et_pb_column_inner][\/et_pb_row_inner][et_pb_row_inner custom_padding_last_edited=\u00bbon|phone\u00bb admin_label=\u00bbRow\u00bb _builder_version=\u00bb3.25&#8243; custom_margin=\u00bb||80px|\u00bb custom_margin_tablet=\u00bb||60px|\u00bb custom_margin_phone=\u00bb\u00bb custom_margin_last_edited=\u00bbon|desktop\u00bb custom_padding=\u00bb0px|||\u00bb custom_padding_tablet=\u00bb\u00bb custom_padding_phone=\u00bb\u00bb custom_css_main_element=\u00bbborder-bottom: solid 2px #e8e8e8;\u00bb][et_pb_column_inner saved_specialty_column_type=\u00bb2_3&#8243; _builder_version=\u00bb3.25&#8243; custom_padding=\u00bb|||\u00bb custom_padding__hover=\u00bb|||\u00bb][et_pb_text _builder_version=\u00bb3.27.4&#8243; background_size=\u00bbinitial\u00bb background_position=\u00bbtop_left\u00bb background_repeat=\u00bbrepeat\u00bb custom_margin=\u00bb20px||40px|\u00bb custom_margin_tablet=\u00bb\u00bb custom_margin_phone=\u00bb\u00bb custom_margin_last_edited=\u00bbon|desktop\u00bb use_border_color=\u00bboff\u00bb border_color=\u00bb#ffffff\u00bb border_style=\u00bbsolid\u00bb]No venderemos, distribuiremos ni cederemos su informaci\u00f3n personal a terceros a menos que tengamos su permiso o la ley nos exija hacerlo. Si desea una copia de la informaci\u00f3n que tenemos sobre usted, comun\u00edquese con nosotros. Si cree que la informaci\u00f3n que tenemos sobre usted es incorrecta o est\u00e1 incompleta, escr\u00edbanos o env\u00edenos un correo electr\u00f3nico lo antes posible a la direcci\u00f3n anterior. Corregiremos de inmediato cualquier informaci\u00f3n que resulte incorrecta.<br \/>\n[\/et_pb_text][\/et_pb_column_inner][\/et_pb_row_inner][\/et_pb_column][\/et_pb_section]\n","protected":false},"excerpt":{"rendered":"<p>PRIVACIDAD Esta pol\u00edtica de privacidad establece c\u00f3mo AMPCO METAL usa y protege cualquier informaci\u00f3n que usted le da a AMPCO METAL cuando usa este sitio web. AMPCO METAL se compromete a garantizar que su privacidad est\u00e9 protegida. Si le solicitamos que proporcione cierta informaci\u00f3n mediante la cual pueda ser identificado al utilizar este sitio web, [&hellip;]<\/p>\n","protected":false},"author":1,"featured_media":0,"parent":0,"menu_order":0,"comment_status":"closed","ping_status":"closed","template":"","meta":{"_et_pb_use_builder":"on","_et_pb_old_content":"","_et_gb_content_width":"","inline_featured_image":false,"footnotes":"","_links_to":"","_links_to_target":""},"class_list":["post-54057","page","type-page","status-publish","hentry"],"acf":[],"aioseo_notices":[],"_links":{"self":[{"href":"https:\/\/www.ampcometal.com\/es\/wp-json\/wp\/v2\/pages\/54057","targetHints":{"allow":["GET"]}}],"collection":[{"href":"https:\/\/www.ampcometal.com\/es\/wp-json\/wp\/v2\/pages"}],"about":[{"href":"https:\/\/www.ampcometal.com\/es\/wp-json\/wp\/v2\/types\/page"}],"author":[{"embeddable":true,"href":"https:\/\/www.ampcometal.com\/es\/wp-json\/wp\/v2\/users\/1"}],"replies":[{"embeddable":true,"href":"https:\/\/www.ampcometal.com\/es\/wp-json\/wp\/v2\/comments?post=54057"}],"version-history":[{"count":0,"href":"https:\/\/www.ampcometal.com\/es\/wp-json\/wp\/v2\/pages\/54057\/revisions"}],"wp:attachment":[{"href":"https:\/\/www.ampcometal.com\/es\/wp-json\/wp\/v2\/media?parent=54057"}],"curies":[{"name":"wp","href":"https:\/\/api.w.org\/{rel}","templated":true}]}}