{"id":54054,"date":"2021-09-14T09:48:06","date_gmt":"2021-09-14T07:48:06","guid":{"rendered":"https:\/\/www.ampcometal.com\/perfil\/"},"modified":"2026-03-23T13:22:26","modified_gmt":"2026-03-23T11:22:26","slug":"perfil","status":"publish","type":"page","link":"https:\/\/www.ampcometal.com\/es\/empresa\/perfil\/","title":{"rendered":"Perfil"},"content":{"rendered":"[et_pb_section fb_built=\u00bb1&#8243; specialty=\u00bbon\u00bb custom_padding_last_edited=\u00bbon|desktop\u00bb parallax_method_1=\u00bboff\u00bb parallax_method_2=\u00bboff\u00bb module_id_1=\u00bbproduct-page-sidebar-column\u00bb admin_label=\u00bbSection\u00bb _builder_version=\u00bb4.16&#8243; background_color=\u00bb#f7f7f7&#8243; custom_padding=\u00bb0px||0px|\u00bb custom_padding_tablet=\u00bb40px|||\u00bb custom_padding_phone=\u00bb\u00bb transparent_background=\u00bboff\u00bb make_fullwidth=\u00bboff\u00bb use_custom_width=\u00bboff\u00bb width_unit=\u00bbon\u00bb global_colors_info=\u00bb{}\u00bb][et_pb_column type=\u00bb1_3&#8243; _builder_version=\u00bb4.16&#8243; custom_padding=\u00bb|||\u00bb global_colors_info=\u00bb{}\u00bb custom_padding__hover=\u00bb|||\u00bb][et_pb_sidebar area=\u00bbcompany_sidebar\u00bb disabled_on=\u00bbon|on|off\u00bb admin_label=\u00bbSidebar\u00bb module_id=\u00bbinner-product-sidebar-module\u00bb _builder_version=\u00bb4.16&#8243; remove_border=\u00bboff\u00bb global_colors_info=\u00bb{}\u00bb][\/et_pb_sidebar][\/et_pb_column][et_pb_column type=\u00bb2_3&#8243; specialty_columns=\u00bb2&#8243; _builder_version=\u00bb4.16&#8243; custom_padding=\u00bb|||\u00bb global_colors_info=\u00bb{}\u00bb custom_padding__hover=\u00bb|||\u00bb][et_pb_row_inner custom_padding_last_edited=\u00bbon|desktop\u00bb admin_label=\u00bbRow\u00bb _builder_version=\u00bb4.16&#8243; custom_margin=\u00bb||40px|\u00bb custom_margin_tablet=\u00bb\u00bb custom_margin_phone=\u00bb\u00bb custom_margin_last_edited=\u00bbon|desktop\u00bb custom_padding=\u00bb40px||40px|\u00bb custom_padding_tablet=\u00bb\u00bb custom_padding_phone=\u00bb\u00bb custom_css_main_element=\u00bbborder-bottom: solid 2px #e8e8e8;\u00bb global_colors_info=\u00bb{}\u00bb][et_pb_column_inner saved_specialty_column_type=\u00bb2_3&#8243; _builder_version=\u00bb4.16&#8243; custom_padding=\u00bb|||\u00bb global_colors_info=\u00bb{}\u00bb custom_padding__hover=\u00bb|||\u00bb][et_pb_text admin_label=\u00bbCORPORATE VISION\u00bb _builder_version=\u00bb4.17.6&#8243; background_size=\u00bbinitial\u00bb background_position=\u00bbtop_left\u00bb background_repeat=\u00bbrepeat\u00bb use_border_color=\u00bboff\u00bb border_color=\u00bb#ffffff\u00bb border_style=\u00bbsolid\u00bb global_colors_info=\u00bb{}\u00bb]\n<h2>Visi\u00f3n<\/h2>\n[\/et_pb_text][et_pb_text admin_label=\u00bbText\u00bb _builder_version=\u00bb4.27.6&#8243; background_size=\u00bbinitial\u00bb background_position=\u00bbtop_left\u00bb background_repeat=\u00bbrepeat\u00bb custom_margin=\u00bb20px|||\u00bb custom_margin_tablet=\u00bb\u00bb custom_margin_phone=\u00bb\u00bb custom_margin_last_edited=\u00bbon|\u00bb hover_enabled=\u00bb0&#8243; use_border_color=\u00bboff\u00bb border_color=\u00bb#ffffff\u00bb border_style=\u00bbsolid\u00bb global_colors_info=\u00bb{}\u00bb sticky_enabled=\u00bb0&#8243;]\n<p>Dondequiera que nuestros clientes se pongan en contacto con nosotros en todo el mundo, lo hacen con una sonrisa. Conf\u00edan en nosotros para el cuidado de sus equipos de fabricaci\u00f3n porque les ofrecemos constantemente soluciones valiosas que mejoran el rendimiento. Como socio fiable a largo plazo, marcamos la pauta en el sector con nuestros servicios innovadores y aleaciones sostenibles.<\/p>\n[\/et_pb_text][\/et_pb_column_inner][\/et_pb_row_inner][et_pb_row_inner custom_padding_last_edited=\u00bbon|phone\u00bb admin_label=\u00bbRow\u00bb _builder_version=\u00bb4.16&#8243; custom_margin=\u00bb||40px|\u00bb custom_margin_tablet=\u00bb\u00bb custom_margin_phone=\u00bb\u00bb custom_margin_last_edited=\u00bbon|desktop\u00bb custom_padding=\u00bb0px||40px|\u00bb custom_padding_tablet=\u00bb\u00bb custom_padding_phone=\u00bb\u00bb custom_css_main_element=\u00bbborder-bottom: solid 2px #e8e8e8;\u00bb global_colors_info=\u00bb{}\u00bb][et_pb_column_inner saved_specialty_column_type=\u00bb2_3&#8243; _builder_version=\u00bb4.16&#8243; custom_padding=\u00bb|||\u00bb global_colors_info=\u00bb{}\u00bb custom_padding__hover=\u00bb|||\u00bb][et_pb_text admin_label=\u00bbMISSION STATEMENT\u00bb _builder_version=\u00bb4.17.6&#8243; background_size=\u00bbinitial\u00bb background_position=\u00bbtop_left\u00bb background_repeat=\u00bbrepeat\u00bb use_border_color=\u00bboff\u00bb border_color=\u00bb#ffffff\u00bb border_style=\u00bbsolid\u00bb global_colors_info=\u00bb{}\u00bb]\n<h2>Misi\u00f3n<\/h2>\n[\/et_pb_text][et_pb_text admin_label=\u00bbText\u00bb _builder_version=\u00bb4.27.4&#8243; background_size=\u00bbinitial\u00bb background_position=\u00bbtop_left\u00bb background_repeat=\u00bbrepeat\u00bb custom_margin=\u00bb20px|||\u00bb custom_margin_tablet=\u00bb\u00bb custom_margin_phone=\u00bb\u00bb custom_margin_last_edited=\u00bbon|\u00bb use_border_color=\u00bboff\u00bb border_color=\u00bb#ffffff\u00bb border_style=\u00bbsolid\u00bb global_colors_info=\u00bb{}\u00bb]\n<p>Impulsados por nuestra visi\u00f3n, nuestra misi\u00f3n es desarrollar una experiencia l\u00edder en las aplicaciones de nuestros clientes. Nuestro objetivo es superar sus expectativas combinando una profunda experiencia en nuestros procesos de creaci\u00f3n de valor con soluciones innovadoras y originales.<\/p>\n<p>Nos enorgullece cultivar nuestra identidad \u00fanica, mantenernos fieles a nuestros valores fundamentales y fomentar una cultura de propiedad. Nos dedicamos a capacitar a nuestros empleados, mejorando continuamente sus habilidades e inspirando su ambici\u00f3n por alcanzar la excelencia.<\/p>\n[\/et_pb_text][\/et_pb_column_inner][\/et_pb_row_inner][et_pb_row_inner custom_padding_last_edited=\u00bbon|desktop\u00bb admin_label=\u00bbRow\u00bb _builder_version=\u00bb4.16&#8243; custom_margin=\u00bb||40px|\u00bb custom_margin_tablet=\u00bb\u00bb custom_margin_phone=\u00bb\u00bb custom_margin_last_edited=\u00bbon|desktop\u00bb custom_padding=\u00bb0px||20px|\u00bb custom_padding_tablet=\u00bb\u00bb custom_padding_phone=\u00bb\u00bb custom_css_main_element=\u00bbborder-bottom: solid 2px #e8e8e8;\u00bb global_colors_info=\u00bb{}\u00bb][et_pb_column_inner saved_specialty_column_type=\u00bb2_3&#8243; _builder_version=\u00bb4.16&#8243; custom_padding=\u00bb|||\u00bb global_colors_info=\u00bb{}\u00bb custom_padding__hover=\u00bb|||\u00bb][et_pb_text admin_label=\u00bbVALUES AND GUIDING PRINCIPLES\u00bb _builder_version=\u00bb4.17.6&#8243; background_size=\u00bbinitial\u00bb background_position=\u00bbtop_left\u00bb background_repeat=\u00bbrepeat\u00bb use_border_color=\u00bboff\u00bb border_color=\u00bb#ffffff\u00bb border_style=\u00bbsolid\u00bb global_colors_info=\u00bb{}\u00bb]\n<h2>Valores<\/h2>\n[\/et_pb_text][et_pb_text admin_label=\u00bbText\u00bb _builder_version=\u00bb4.27.4&#8243; background_size=\u00bbinitial\u00bb background_position=\u00bbtop_left\u00bb background_repeat=\u00bbrepeat\u00bb custom_margin=\u00bb20px|||\u00bb custom_margin_tablet=\u00bb\u00bb custom_margin_phone=\u00bb\u00bb custom_margin_last_edited=\u00bbon|\u00bb use_border_color=\u00bboff\u00bb border_color=\u00bb#ffffff\u00bb border_style=\u00bbsolid\u00bb global_colors_info=\u00bb{}\u00bb]\n<ol>\n<li><strong>Orientaci\u00f3n al cliente<\/strong>: Nuestros clientes son siempre lo primero; las necesidades externas priman sobre las prioridades internas.<\/li>\n<li><strong>Calidad<\/strong>: La excelencia define nuestro trabajo en todos los aspectos.<\/li>\n<li><strong>Esp\u00edritu de empresa<\/strong>: Valoramos la iniciativa y celebramos el esp\u00edritu emprendedor.<\/li>\n<li><strong>Responsabilidad<\/strong>: Asumimos plena responsabilidad por nuestras acciones y sus resultados.<\/li>\n<li><strong>Fiabilidad<\/strong>: Cumplimos nuestros compromisos y nos enorgullecemos de ser socios fiables.<\/li>\n<li><strong>Apertura e innovaci\u00f3n<\/strong>: Abrazamos el cambio y fomentamos la creatividad para impulsar la innovaci\u00f3n.<\/li>\n<\/ol>\n[\/et_pb_text][et_pb_image src=\u00bbhttps:\/\/www.ampcometal.com\/wp-content\/uploads\/2021\/08\/main_map.png\u00bb title_text=\u00bbmain_map\u00bb show_bottom_space=\u00bboff\u00bb align=\u00bbcenter\u00bb align_tablet=\u00bbcenter\u00bb align_phone=\u00bb\u00bb align_last_edited=\u00bbon|desktop\u00bb admin_label=\u00bbImage\u00bb _builder_version=\u00bb4.27.4&#8243; use_border_color=\u00bboff\u00bb border_color=\u00bb#ffffff\u00bb border_style=\u00bbsolid\u00bb animation=\u00bboff\u00bb sticky=\u00bbon\u00bb always_center_on_mobile=\u00bbon\u00bb global_colors_info=\u00bb{}\u00bb][\/et_pb_image][\/et_pb_column_inner][\/et_pb_row_inner][et_pb_row_inner custom_padding_last_edited=\u00bbon|phone\u00bb admin_label=\u00bbRow\u00bb _builder_version=\u00bb4.16&#8243; custom_margin=\u00bb||80px|\u00bb custom_margin_tablet=\u00bb||60px|\u00bb custom_margin_phone=\u00bb\u00bb custom_margin_last_edited=\u00bbon|desktop\u00bb custom_padding=\u00bb0px|||\u00bb custom_padding_tablet=\u00bb\u00bb custom_padding_phone=\u00bb\u00bb custom_css_main_element=\u00bbborder-bottom: solid 2px #e8e8e8;\u00bb global_colors_info=\u00bb{}\u00bb][et_pb_column_inner saved_specialty_column_type=\u00bb2_3&#8243; _builder_version=\u00bb4.16&#8243; custom_padding=\u00bb|||\u00bb global_colors_info=\u00bb{}\u00bb custom_padding__hover=\u00bb|||\u00bb][et_pb_text admin_label=\u00bbVALUES AND GUIDING PRINCIPLES\u00bb _builder_version=\u00bb4.16&#8243; background_size=\u00bbinitial\u00bb background_position=\u00bbtop_left\u00bb background_repeat=\u00bbrepeat\u00bb use_border_color=\u00bboff\u00bb border_color=\u00bb#ffffff\u00bb border_style=\u00bbsolid\u00bb global_colors_info=\u00bb{}\u00bb]\n<h2>AMPCO METAL<\/h2>\n[\/et_pb_text][et_pb_text admin_label=\u00bbText\u00bb _builder_version=\u00bb4.17.6&#8243; background_size=\u00bbinitial\u00bb background_position=\u00bbtop_left\u00bb background_repeat=\u00bbrepeat\u00bb custom_margin=\u00bb20px||40px|\u00bb custom_margin_tablet=\u00bb\u00bb custom_margin_phone=\u00bb\u00bb custom_margin_last_edited=\u00bbon|desktop\u00bb use_border_color=\u00bboff\u00bb border_color=\u00bb#ffffff\u00bb border_style=\u00bbsolid\u00bb global_colors_info=\u00bb{}\u00bb]UNA EMPRESA COMPROMETIDA CON PRODUCTOS INNOVADORES Y SERVICIO AL CLIENTE POR M\u00c1S DE 100 A\u00d1OS<\/p>\n<p>AMPCO METAL, con sede en Suiza, es un fabricante l\u00edder internacional y distribuidor integrado de aleaciones especiales de cobre.<\/p>\n<p>La empresa fue fundada en 1914 en Estados Unidos, y fue innovadora en la introducci\u00f3n y aplicaci\u00f3n de las aleaciones de bronce al aluminio. Tambi\u00e9n ha introducido al mercado varias nuevas t\u00e9cnicas metal\u00fargicas y de procesos, que han hecho de AMPCO METAL el reconocido l\u00edder en calidad en los bronces especiales y aleaciones de cobre.<\/p>\n<p>A trav\u00e9s de los a\u00f1os, AMPCO METAL ha servido a clientes en todo el mundo en aplicaciones de resistencia al desgaste y a la corrosi\u00f3n, y tambi\u00e9n de alta conductividad.<\/p>\n<p>Las principales industrias servidas incluyen: qu\u00edmica y petrolera, m\u00e1quinas y utillaje, productores de metales primarios, transporte y una amplia gama de maquinaria industrial y comercial.<\/p>\n<p>Para obtener caracter\u00edsticas de aleaci\u00f3n \u00fanicas y consistentes, AMPCO METAL utiliza algunos de los equipos m\u00e1s avanzados en la industria, una plantilla de ingenieros altamente calificado y sofisticados controles de calidad. Esto permite a AMPCO METAL de ofrecer consistencia de lote a lote, para obtener resultados confiables. Consciente del medio ambiente, AMPCO METAL utiliza tecnolog\u00eda avanzada en sus plantas y centros de distribuci\u00f3n para mantener programas de aire y agua limpios.<\/p>\n<p>AMPCO METAL fabrica una amplia gama de aleaciones en una variedad de categor\u00edas y condiciones y los distribuye a trav\u00e9s de su red mundial de centros de servicio. Esto permite a AMPCO METAL de trabajar estrechamente con sus clientes para producir aleaciones especiales con las propiedades y caracter\u00edsticas de que ellos necesitan.<br \/>\n[\/et_pb_text][\/et_pb_column_inner][\/et_pb_row_inner][\/et_pb_column][\/et_pb_section]\n","protected":false},"excerpt":{"rendered":"<p>Visi\u00f3nDondequiera que nuestros clientes se pongan en contacto con nosotros en todo el mundo, lo hacen con una sonrisa. Conf\u00edan en nosotros para el cuidado de sus equipos de fabricaci\u00f3n porque les ofrecemos constantemente soluciones valiosas que mejoran el rendimiento. Como socio fiable a largo plazo, marcamos la pauta en el sector con nuestros servicios [&hellip;]<\/p>\n","protected":false},"author":1,"featured_media":0,"parent":54166,"menu_order":0,"comment_status":"closed","ping_status":"closed","template":"","meta":{"_et_pb_use_builder":"on","_et_pb_old_content":"","_et_gb_content_width":"","inline_featured_image":false,"footnotes":"","_links_to":"","_links_to_target":""},"class_list":["post-54054","page","type-page","status-publish","hentry"],"acf":[],"aioseo_notices":[],"_links":{"self":[{"href":"https:\/\/www.ampcometal.com\/es\/wp-json\/wp\/v2\/pages\/54054","targetHints":{"allow":["GET"]}}],"collection":[{"href":"https:\/\/www.ampcometal.com\/es\/wp-json\/wp\/v2\/pages"}],"about":[{"href":"https:\/\/www.ampcometal.com\/es\/wp-json\/wp\/v2\/types\/page"}],"author":[{"embeddable":true,"href":"https:\/\/www.ampcometal.com\/es\/wp-json\/wp\/v2\/users\/1"}],"replies":[{"embeddable":true,"href":"https:\/\/www.ampcometal.com\/es\/wp-json\/wp\/v2\/comments?post=54054"}],"version-history":[{"count":11,"href":"https:\/\/www.ampcometal.com\/es\/wp-json\/wp\/v2\/pages\/54054\/revisions"}],"predecessor-version":[{"id":69685,"href":"https:\/\/www.ampcometal.com\/es\/wp-json\/wp\/v2\/pages\/54054\/revisions\/69685"}],"up":[{"embeddable":true,"href":"https:\/\/www.ampcometal.com\/es\/wp-json\/wp\/v2\/pages\/54166"}],"wp:attachment":[{"href":"https:\/\/www.ampcometal.com\/es\/wp-json\/wp\/v2\/media?parent=54054"}],"curies":[{"name":"wp","href":"https:\/\/api.w.org\/{rel}","templated":true}]}}