{"id":54029,"date":"2021-09-14T09:47:53","date_gmt":"2021-09-14T07:47:53","guid":{"rendered":"https:\/\/www.ampcometal.com\/carreras\/"},"modified":"2023-02-07T12:14:01","modified_gmt":"2023-02-07T10:14:01","slug":"carreras","status":"publish","type":"page","link":"https:\/\/www.ampcometal.com\/es\/empresa\/carreras\/","title":{"rendered":"Carreras"},"content":{"rendered":"[et_pb_section fb_built=\u00bb1&#8243; specialty=\u00bbon\u00bb custom_padding_last_edited=\u00bbon|desktop\u00bb parallax_method_1=\u00bboff\u00bb parallax_method_2=\u00bboff\u00bb module_id_1=\u00bbproduct-page-sidebar-column\u00bb admin_label=\u00bbSection\u00bb _builder_version=\u00bb4.16&#8243; background_color=\u00bb#f7f7f7&#8243; custom_padding=\u00bb0px||0px|\u00bb custom_padding_tablet=\u00bb40px|||\u00bb custom_padding_phone=\u00bb\u00bb transparent_background=\u00bboff\u00bb make_fullwidth=\u00bboff\u00bb use_custom_width=\u00bboff\u00bb width_unit=\u00bbon\u00bb global_colors_info=\u00bb{}\u00bb][et_pb_column type=\u00bb1_3&#8243; _builder_version=\u00bb4.16&#8243; custom_padding=\u00bb|||\u00bb global_colors_info=\u00bb{}\u00bb custom_padding__hover=\u00bb|||\u00bb][et_pb_sidebar area=\u00bbcompany_sidebar\u00bb disabled_on=\u00bbon|on|off\u00bb admin_label=\u00bbSidebar\u00bb module_id=\u00bbinner-product-sidebar-module\u00bb _builder_version=\u00bb4.16&#8243; remove_border=\u00bboff\u00bb global_colors_info=\u00bb{}\u00bb][\/et_pb_sidebar][\/et_pb_column][et_pb_column type=\u00bb2_3&#8243; specialty_columns=\u00bb2&#8243; _builder_version=\u00bb4.16&#8243; custom_padding=\u00bb|||\u00bb global_colors_info=\u00bb{}\u00bb custom_padding__hover=\u00bb|||\u00bb][et_pb_row_inner custom_padding_last_edited=\u00bbon|desktop\u00bb admin_label=\u00bbRow\u00bb _builder_version=\u00bb4.16&#8243; custom_margin=\u00bb||40px|\u00bb custom_margin_tablet=\u00bb\u00bb custom_margin_phone=\u00bb\u00bb custom_margin_last_edited=\u00bbon|desktop\u00bb custom_padding=\u00bb40px||40px|\u00bb custom_padding_tablet=\u00bb\u00bb custom_padding_phone=\u00bb\u00bb custom_css_main_element=\u00bbborder-bottom: solid 2px #e8e8e8;\u00bb global_colors_info=\u00bb{}\u00bb][et_pb_column_inner saved_specialty_column_type=\u00bb2_3&#8243; _builder_version=\u00bb4.16&#8243; custom_padding=\u00bb|||\u00bb global_colors_info=\u00bb{}\u00bb custom_padding__hover=\u00bb|||\u00bb][et_pb_text admin_label=\u00bbWORKING AT AMPCO\u00bb _builder_version=\u00bb4.16&#8243; background_size=\u00bbinitial\u00bb background_position=\u00bbtop_left\u00bb background_repeat=\u00bbrepeat\u00bb use_border_color=\u00bboff\u00bb border_color=\u00bb#ffffff\u00bb border_style=\u00bbsolid\u00bb global_colors_info=\u00bb{}\u00bb]\n<h2>TRABAJAR EN AMPCO<\/h2>\n[\/et_pb_text][et_pb_text admin_label=\u00bbText\u00bb _builder_version=\u00bb4.16&#8243; background_size=\u00bbinitial\u00bb background_position=\u00bbtop_left\u00bb background_repeat=\u00bbrepeat\u00bb custom_margin=\u00bb20px|||\u00bb custom_margin_tablet=\u00bb\u00bb custom_margin_phone=\u00bb\u00bb custom_margin_last_edited=\u00bbon|\u00bb use_border_color=\u00bboff\u00bb border_color=\u00bb#ffffff\u00bb border_style=\u00bbsolid\u00bb global_colors_info=\u00bb{}\u00bb]<strong>UNA EMPRESA COMPROMETIDA CON PRODUCTOS INNOVADORES Y SERVICIO AL CLIENTE POR M\u00c1S DE 100 A\u00d1OS<\/strong><\/p>\n<p>AMPCO METAL, con sede en Suiza, es un fabricante l\u00edder internacional y distribuidor integrado de aleaciones especiales de cobre.<\/p>\n<p>Nuestro personal est\u00e1 dedicado a brindar los mejores productos y servicios a cada uno de nuestros 20,000 valiosos clientes en todo el mundo.<\/p>\n<p>La calidad es el sin\u00f3nimo de AMPCO METAL, en cada paso de nuestras operaciones, desde la fabricaci\u00f3n hasta la distribuci\u00f3n.<\/p>\n<p>La certificaci\u00f3n ISO 9001 en nuestras unidades de fabricaci\u00f3n y nuestros centros de distribuci\u00f3n y servicio en Europa, Am\u00e9rica del Norte, India y China garantiza la satisfacci\u00f3n y el seguimiento completos del cliente, y los ingenieros de AMPCO METAL est\u00e1n siempre disponibles para proporcionar soluciones expertas y personalizadas a un los requisitos precisos y exactos del cliente.<br \/>\n[\/et_pb_text][\/et_pb_column_inner][\/et_pb_row_inner][et_pb_row_inner custom_padding_last_edited=\u00bbon|phone\u00bb admin_label=\u00bbRow\u00bb _builder_version=\u00bb4.16&#8243; custom_margin=\u00bb||40px|\u00bb custom_margin_tablet=\u00bb\u00bb custom_margin_phone=\u00bb\u00bb custom_margin_last_edited=\u00bbon|desktop\u00bb custom_padding=\u00bb0px||40px|\u00bb custom_padding_tablet=\u00bb\u00bb custom_padding_phone=\u00bb\u00bb custom_css_main_element=\u00bbborder-bottom: solid 2px #e8e8e8;\u00bb global_colors_info=\u00bb{}\u00bb][et_pb_column_inner saved_specialty_column_type=\u00bb2_3&#8243; _builder_version=\u00bb4.16&#8243; custom_padding=\u00bb|||\u00bb global_colors_info=\u00bb{}\u00bb custom_padding__hover=\u00bb|||\u00bb][et_pb_text admin_label=\u00bbCommercial Core Activities\u00bb _builder_version=\u00bb4.16&#8243; background_size=\u00bbinitial\u00bb background_position=\u00bbtop_left\u00bb background_repeat=\u00bbrepeat\u00bb use_border_color=\u00bboff\u00bb border_color=\u00bb#ffffff\u00bb border_style=\u00bbsolid\u00bb global_colors_info=\u00bb{}\u00bb]\n<h2>Actividades comerciales principales<\/h2>\n[\/et_pb_text][et_pb_text admin_label=\u00bbText\u00bb _builder_version=\u00bb4.16&#8243; background_size=\u00bbinitial\u00bb background_position=\u00bbtop_left\u00bb background_repeat=\u00bbrepeat\u00bb custom_margin=\u00bb20px|||\u00bb custom_margin_tablet=\u00bb\u00bb custom_margin_phone=\u00bb\u00bb custom_margin_last_edited=\u00bbon|\u00bb use_border_color=\u00bboff\u00bb border_color=\u00bb#ffffff\u00bb border_style=\u00bbsolid\u00bb global_colors_info=\u00bb{}\u00bb]AMPCO METAL siempre busca personas motivadas con una s\u00f3lida comprensi\u00f3n del servicio al cliente, la confianza y la creaci\u00f3n y el seguimiento de la confianza. Nuestros clientes son el sustento de nuestro \u00e9xito de larga data y esperan lo mejor de nosotros en todos los niveles.<\/p>\n<p><em>Los puestos que est\u00e1n disponibles en AMPCO METAL de vez en cuando incluyen:<\/em><\/p>\n<p>representante de ventas interno<br \/>\nRepresentante de ventas externo<br \/>\nIngeniero de aplicaciones \/ metal\u00fargico<br \/>\n[\/et_pb_text][\/et_pb_column_inner][\/et_pb_row_inner][et_pb_row_inner custom_padding_last_edited=\u00bbon|desktop\u00bb admin_label=\u00bbRow\u00bb _builder_version=\u00bb4.16&#8243; custom_margin=\u00bb||40px|\u00bb custom_margin_tablet=\u00bb\u00bb custom_margin_phone=\u00bb\u00bb custom_margin_last_edited=\u00bbon|desktop\u00bb custom_padding=\u00bb0px||20px|\u00bb custom_padding_tablet=\u00bb\u00bb custom_padding_phone=\u00bb\u00bb custom_css_main_element=\u00bbborder-bottom: solid 2px #e8e8e8;\u00bb global_colors_info=\u00bb{}\u00bb][et_pb_column_inner saved_specialty_column_type=\u00bb2_3&#8243; _builder_version=\u00bb4.16&#8243; custom_padding=\u00bb|||\u00bb global_colors_info=\u00bb{}\u00bb custom_padding__hover=\u00bb|||\u00bb][et_pb_text admin_label=\u00bbManufacturing Core Activities\u00bb _builder_version=\u00bb4.16&#8243; background_size=\u00bbinitial\u00bb background_position=\u00bbtop_left\u00bb background_repeat=\u00bbrepeat\u00bb use_border_color=\u00bboff\u00bb border_color=\u00bb#ffffff\u00bb border_style=\u00bbsolid\u00bb global_colors_info=\u00bb{}\u00bb]\n<h2>Actividades b\u00e1sicas de fabricaci\u00f3n<\/h2>\n[\/et_pb_text][et_pb_text admin_label=\u00bbText\u00bb _builder_version=\u00bb4.19.4&#8243; background_size=\u00bbinitial\u00bb background_position=\u00bbtop_left\u00bb background_repeat=\u00bbrepeat\u00bb custom_margin=\u00bb20px|||\u00bb custom_margin_tablet=\u00bb\u00bb custom_margin_phone=\u00bb\u00bb custom_margin_last_edited=\u00bbon|\u00bb hover_enabled=\u00bb0&#8243; use_border_color=\u00bboff\u00bb border_color=\u00bb#ffffff\u00bb border_style=\u00bbsolid\u00bb global_colors_info=\u00bb{}\u00bb sticky_enabled=\u00bb0&#8243;]Las actividades de fabricaci\u00f3n de AMPCO METAL requieren personas dedicadas con habilidades altamente especializadas y una s\u00f3lida comprensi\u00f3n de la calidad, confiabilidad y precisi\u00f3n, para garantizar la mejor calidad del producto.<\/p>\n<p><em>Los puestos en esta \u00e1rea disponibles en AMPCO METAL de vez en cuando incluyen:<\/em><\/p>\n<p>Metal\u00fargico<br \/>\nControlador de calidad<br \/>\nTrabajador de fundici\u00f3n<br \/>\nOperador de m\u00e1quinas de corte[\/et_pb_text][\/et_pb_column_inner][\/et_pb_row_inner][et_pb_row_inner custom_padding_last_edited=\u00bbon|phone\u00bb admin_label=\u00bbRow\u00bb _builder_version=\u00bb4.16&#8243; custom_margin=\u00bb||80px|\u00bb custom_margin_tablet=\u00bb||60px|\u00bb custom_margin_phone=\u00bb\u00bb custom_margin_last_edited=\u00bbon|desktop\u00bb custom_padding=\u00bb0px|||\u00bb custom_padding_tablet=\u00bb\u00bb custom_padding_phone=\u00bb\u00bb custom_css_main_element=\u00bbborder-bottom: solid 2px #e8e8e8;\u00bb global_colors_info=\u00bb{}\u00bb][et_pb_column_inner saved_specialty_column_type=\u00bb2_3&#8243; _builder_version=\u00bb4.16&#8243; custom_padding=\u00bb|||\u00bb global_colors_info=\u00bb{}\u00bb custom_padding__hover=\u00bb|||\u00bb][et_pb_text admin_label=\u00bbCurrent Job Openings\u00bb _builder_version=\u00bb4.16&#8243; background_size=\u00bbinitial\u00bb background_position=\u00bbtop_left\u00bb background_repeat=\u00bbrepeat\u00bb use_border_color=\u00bboff\u00bb border_color=\u00bb#ffffff\u00bb border_style=\u00bbsolid\u00bb global_colors_info=\u00bb{}\u00bb]\n<h2>Ofertas de trabajo actuales<\/h2>\n[\/et_pb_text][et_pb_text admin_label=\u00bbText\u00bb _builder_version=\u00bb4.16&#8243; background_size=\u00bbinitial\u00bb background_position=\u00bbtop_left\u00bb background_repeat=\u00bbrepeat\u00bb custom_margin=\u00bb20px||40px|\u00bb custom_margin_tablet=\u00bb\u00bb custom_margin_phone=\u00bb\u00bb custom_margin_last_edited=\u00bbon|desktop\u00bb hover_enabled=\u00bb0&#8243; use_border_color=\u00bboff\u00bb border_color=\u00bb#ffffff\u00bb border_style=\u00bbsolid\u00bb global_colors_info=\u00bb{}\u00bb sticky_enabled=\u00bb0&#8243;]Consulte las vacantes de trabajo actuales<a href=\"https:\/\/www.ampcometal.com\/es\/empresa\/carreras\/vacantes\/\"> aqu\u00ed<\/a><br \/>\n[\/et_pb_text][\/et_pb_column_inner][\/et_pb_row_inner][\/et_pb_column][\/et_pb_section]\n","protected":false},"excerpt":{"rendered":"<p>TRABAJAR EN AMPCO UNA EMPRESA COMPROMETIDA CON PRODUCTOS INNOVADORES Y SERVICIO AL CLIENTE POR M\u00c1S DE 100 A\u00d1OS AMPCO METAL, con sede en Suiza, es un fabricante l\u00edder internacional y distribuidor integrado de aleaciones especiales de cobre. Nuestro personal est\u00e1 dedicado a brindar los mejores productos y servicios a cada uno de nuestros 20,000 valiosos [&hellip;]<\/p>\n","protected":false},"author":1,"featured_media":0,"parent":54166,"menu_order":0,"comment_status":"closed","ping_status":"closed","template":"","meta":{"_et_pb_use_builder":"on","_et_pb_old_content":"","_et_gb_content_width":"","inline_featured_image":false,"footnotes":"","_links_to":"","_links_to_target":""},"class_list":["post-54029","page","type-page","status-publish","hentry"],"acf":[],"aioseo_notices":[],"_links":{"self":[{"href":"https:\/\/www.ampcometal.com\/es\/wp-json\/wp\/v2\/pages\/54029","targetHints":{"allow":["GET"]}}],"collection":[{"href":"https:\/\/www.ampcometal.com\/es\/wp-json\/wp\/v2\/pages"}],"about":[{"href":"https:\/\/www.ampcometal.com\/es\/wp-json\/wp\/v2\/types\/page"}],"author":[{"embeddable":true,"href":"https:\/\/www.ampcometal.com\/es\/wp-json\/wp\/v2\/users\/1"}],"replies":[{"embeddable":true,"href":"https:\/\/www.ampcometal.com\/es\/wp-json\/wp\/v2\/comments?post=54029"}],"version-history":[{"count":3,"href":"https:\/\/www.ampcometal.com\/es\/wp-json\/wp\/v2\/pages\/54029\/revisions"}],"predecessor-version":[{"id":68759,"href":"https:\/\/www.ampcometal.com\/es\/wp-json\/wp\/v2\/pages\/54029\/revisions\/68759"}],"up":[{"embeddable":true,"href":"https:\/\/www.ampcometal.com\/es\/wp-json\/wp\/v2\/pages\/54166"}],"wp:attachment":[{"href":"https:\/\/www.ampcometal.com\/es\/wp-json\/wp\/v2\/media?parent=54029"}],"curies":[{"name":"wp","href":"https:\/\/api.w.org\/{rel}","templated":true}]}}