{"id":52676,"date":"2021-09-03T13:29:29","date_gmt":"2021-09-03T11:29:29","guid":{"rendered":"https:\/\/www.ampcometal.com\/products\/%product_category%\/ampcoloy-89-2\/"},"modified":"2024-04-02T11:27:59","modified_gmt":"2024-04-02T09:27:59","slug":"ampcoloy-89","status":"publish","type":"product","link":"https:\/\/www.ampcometal.com\/de\/produkte\/ampcoloy-hochleitfahige-kupferlegierungen\/ampcoloy-89\/","title":{"rendered":"AMPCOLOY\u00ae 89"},"content":{"rendered":"<ul>\n<li data-gc-list-depth=\"1\" data-gc-list-style=\"bullet\"><strong>Hohe elektrische Leitf\u00e4higkeit:<\/strong> Diese hochkupferhaltige Legierung hat eine ausgezeichnete elektrische Leitf\u00e4higkeit und eignet sich daher f\u00fcr Anwendungen, die eine effiziente elektrische \u00dcbertragung erfordern.<\/li>\n<li data-gc-list-depth=\"1\" data-gc-list-style=\"bullet\"><strong>Hervorragende W\u00e4rme\u00fcbertragungseigenschaften:<\/strong> Die Bronzelegierung weist verbesserte W\u00e4rme\u00fcbertragungseigenschaften auf und gew\u00e4hrleistet eine effektive W\u00e4rmeleitf\u00e4higkeit in verschiedenen Anwendungen.<\/li>\n<li data-gc-list-depth=\"1\" data-gc-list-style=\"bullet\"><strong>Au\u00dfergew\u00f6hnliche Verschlei\u00dffestigkeit:<\/strong> Entwickelt f\u00fcr \u00fcberragende Verschlei\u00dffestigkeit, die Haltbarkeit und Langlebigkeit in anspruchsvollen Umgebungen gew\u00e4hrleistet.<\/li>\n<li data-gc-list-depth=\"1\" data-gc-list-style=\"bullet\"><strong>Korrosionsbest\u00e4ndigkeit: <\/strong>Dank ihrer Korrosionsbest\u00e4ndigkeit beh\u00e4lt die Legierung auch unter rauen und korrosiven Bedingungen ihre Integrit\u00e4t und verl\u00e4ngert ihre Lebensdauer und Zuverl\u00e4ssigkeit.<\/li>\n<\/ul>\n<h5>Eigenschaften und Spezifikationen<\/h5>\n<p><\/br><br \/>\nAMPCOLOY\u00ae 89 ist eine bemerkenswerte Bronzelegierung, die geschmiedet und stranggepresst wurde, um optimale physikalische Eigenschaften zu erzielen. Es wurde mit etwas besseren elektrischen und W\u00e4rme\u00fcbertragungseigenschaften als <a href=\"https:\/\/www.ampcometal.com\/products\/ampcoloy-high-copper-alloy\/ampcoloy-95\/\">AMPCOLOY\u00ae 95<\/a> entwickelt und bietet eine au\u00dfergew\u00f6hnliche Verschlei\u00df- und Korrosionsbest\u00e4ndigkeit. Diese einzigartige Zusammensetzung f\u00fchrt zu einer \u00fcberragenden W\u00e4rmeleitf\u00e4higkeit, einer verbesserten Zykluszeit und einer l\u00e4ngeren Werkzeuglebensdauer &#8211; bis zu 50 % l\u00e4nger als bei Kupfer-Titan. Mit seiner hohen Zugfestigkeit ist AMPCOLOY\u00ae 89 die ideale Wahl f\u00fcr Anwendungen, die Langlebigkeit und effiziente W\u00e4rme\u00fcbertragung erfordern.<\/p>\n<h5>Anwendungen<\/h5>\n<p><\/br><br \/>\nAMPCOLOY\u00ae 89 hat eine breite Palette von Anwendungen in verschiedenen Branchen. Seine au\u00dfergew\u00f6hnlichen elektrischen und W\u00e4rme\u00fcbertragungseigenschaften machen es zu einer bevorzugten Wahl f\u00fcr Abbrennstumpfschwei\u00dfwerkzeuge, Schwei\u00dfr\u00e4der und Gitterschwei\u00dfelektroden. Es eignet sich auch hervorragend als Kolbenspitze in Aluminiumdruckgussmaschinen und als Bestandteil von Formen f\u00fcr das Kunststoffspritzgie\u00dfen. Ob bei der Herstellung von Pr\u00e4zisionsbauteilen oder bei der Verbesserung der Leistung von Schwei\u00dfger\u00e4ten &#8211; die einzigartigen Eigenschaften der Legierung erweisen sich bei einer Reihe von anspruchsvollen Anwendungen als unsch\u00e4tzbar wertvoll.<\/p>\n","protected":false},"featured_media":50550,"template":"","meta":{"_et_pb_use_builder":"","_et_pb_old_content":"","_et_gb_content_width":"","inline_featured_image":false,"_links_to":"","_links_to_target":""},"product_category":[409],"product_type":[388,386],"product_shape":[392,395],"class_list":["post-52676","product","type-product","status-publish","has-post-thumbnail","hentry","product_category-ampcoloy-hochleitfahige-kupferlegierungen"],"acf":[],"aioseo_notices":[],"_links":{"self":[{"href":"https:\/\/www.ampcometal.com\/de\/wp-json\/wp\/v2\/product\/52676","targetHints":{"allow":["GET"]}}],"collection":[{"href":"https:\/\/www.ampcometal.com\/de\/wp-json\/wp\/v2\/product"}],"about":[{"href":"https:\/\/www.ampcometal.com\/de\/wp-json\/wp\/v2\/types\/product"}],"wp:featuredmedia":[{"embeddable":true,"href":"https:\/\/www.ampcometal.com\/de\/wp-json\/wp\/v2\/media\/50550"}],"wp:attachment":[{"href":"https:\/\/www.ampcometal.com\/de\/wp-json\/wp\/v2\/media?parent=52676"}],"wp:term":[{"taxonomy":"product_category","embeddable":true,"href":"https:\/\/www.ampcometal.com\/de\/wp-json\/wp\/v2\/product_category?post=52676"},{"taxonomy":"product_type","embeddable":true,"href":"https:\/\/www.ampcometal.com\/de\/wp-json\/wp\/v2\/product_type?post=52676"},{"taxonomy":"product_shape","embeddable":true,"href":"https:\/\/www.ampcometal.com\/de\/wp-json\/wp\/v2\/product_shape?post=52676"}],"curies":[{"name":"wp","href":"https:\/\/api.w.org\/{rel}","templated":true}]}}