{"id":52673,"date":"2021-09-03T13:29:24","date_gmt":"2021-09-03T11:29:24","guid":{"rendered":"https:\/\/www.ampcometal.com\/products\/%product_category%\/ampco-18-2\/"},"modified":"2025-07-21T19:44:51","modified_gmt":"2025-07-21T17:44:51","slug":"ampco-18","status":"publish","type":"product","link":"https:\/\/www.ampcometal.com\/de\/produkte\/ampco-aluminiumbronze\/ampco-18\/","title":{"rendered":"AMPCO\u00ae 18"},"content":{"rendered":"<ul>\n<li data-gc-list-depth=\"1\" data-gc-list-style=\"bullet\"><strong>Au\u00dfergew\u00f6hnliche Langlebigkeit:<\/strong> Hervorragende Verschlei\u00df- und Erm\u00fcdungsfestigkeit f\u00fcr lang anhaltende Leistung bei anspruchsvollen Anwendungen.<\/li>\n<li data-gc-list-depth=\"1\" data-gc-list-style=\"bullet\"><strong>Hochfeste Legierung:<\/strong> Diese Bronzelegierung bietet eine beeindruckende Festigkeit und H\u00e4rte, was sie zu einer ausgezeichneten Wahl f\u00fcr kritische Komponenten macht.<\/li>\n<li data-gc-list-depth=\"1\" data-gc-list-style=\"bullet\"><strong>Vielseitige Anwendungen:<\/strong> Geeignet f\u00fcr eine Vielzahl von Anwendungen, einschlie\u00dflich Buchsen, Lager, Zahnr\u00e4der, Ventilsitze, Prozess- und Schiffskomponenten.<\/li>\n<li data-gc-list-depth=\"1\" data-gc-list-style=\"bullet\"><strong>Pr\u00e4zise und verl\u00e4sslich:<\/strong> Mit einer kompakten Kornstruktur, einer guten Oberfl\u00e4cheng\u00fcte und der Einhaltung der handels\u00fcblichen Toleranzen ist AMPCO\u00ae 18 f\u00fcr seine Pr\u00e4zision und Zuverl\u00e4ssigkeit bekannt.<\/li>\n<\/ul>\n<h5>Eigenschaften und Spezifikationen<\/h5>\n<p><\/br><br \/>\nAMPCO\u00ae 18 ist eine Hochleistungsbronzelegierung, die f\u00fcr ihre au\u00dfergew\u00f6hnlichen Eigenschaften und Spezifikationen bekannt ist. Diese Legierung hat ein kompaktes Korngef\u00fcge und hervorragende physikalische Eigenschaften als Ergebnis einer sorgf\u00e4ltigen Phasenverteilung und Warmumformung w\u00e4hrend des Strangpressprozesses. Sie bietet eine hohe Festigkeit, H\u00e4rte und Widerstandsf\u00e4higkeit gegen Verschlei\u00df und Erm\u00fcdung, was sie zu einer idealen Wahl f\u00fcr anspruchsvolle Anwendungen macht. Mit einer guten Oberfl\u00e4chenbeschaffenheit, die den handels\u00fcblichen Toleranzen entspricht, eignet sich AMPCO\u00ae 18 besonders gut f\u00fcr Serienanwendungen. Seine Vielseitigkeit und Zuverl\u00e4ssigkeit machen es zur ersten Wahl f\u00fcr Industrien, die Pr\u00e4zision, Langlebigkeit und au\u00dfergew\u00f6hnliche Leistung in Komponenten wie Buchsen, Lagern, Zahnr\u00e4dern, Ventilsitzen und mehr ben\u00f6tigen.    <\/p>\n<h5>Anwendungen<\/h5>\n<p><\/br><br \/>\nAMPCO\u00ae 18 findet vielseitige Anwendungen in einer Vielzahl von Branchen. Diese hochfeste Bronzelegierung eignet sich hervorragend f\u00fcr Anwendungen, die eine au\u00dfergew\u00f6hnliche Haltbarkeit und Verschlei\u00dffestigkeit erfordern. Sie wird h\u00e4ufig in kritischen Komponenten wie Buchsen, Lagern, Zahnr\u00e4dern und Ventilsitzen verwendet, bei denen Pr\u00e4zision und Haltbarkeit von gr\u00f6\u00dfter Bedeutung sind. Neben diesen mechanischen Anwendungen ist es ideal f\u00fcr den Einsatz in Rohren, Schl\u00e4uchen, Verbindungen und verschiedenen Teilen in der Prozessindustrie, der Schifffahrt und verwandten Branchen. Seine \u00fcberlegenen Eigenschaften und seine Leistung machen es zur ersten Wahl f\u00fcr Anwendungen, bei denen Zuverl\u00e4ssigkeit und Robustheit gefragt sind. Es tr\u00e4gt dazu bei, die Lebensdauer der Komponenten zu verl\u00e4ngern und den Wartungsaufwand zu verringern.    <\/p>\n","protected":false},"featured_media":50514,"template":"","meta":{"_et_pb_use_builder":"","_et_pb_old_content":"","_et_gb_content_width":"","inline_featured_image":false,"_links_to":"","_links_to_target":""},"product_category":[385],"product_type":[388,605,390,387,386,389],"product_shape":[392,393,394,396,395,391],"class_list":["post-52673","product","type-product","status-publish","has-post-thumbnail","hentry","product_category-ampco-aluminiumbronze"],"acf":[],"aioseo_notices":[],"_links":{"self":[{"href":"https:\/\/www.ampcometal.com\/de\/wp-json\/wp\/v2\/product\/52673","targetHints":{"allow":["GET"]}}],"collection":[{"href":"https:\/\/www.ampcometal.com\/de\/wp-json\/wp\/v2\/product"}],"about":[{"href":"https:\/\/www.ampcometal.com\/de\/wp-json\/wp\/v2\/types\/product"}],"wp:featuredmedia":[{"embeddable":true,"href":"https:\/\/www.ampcometal.com\/de\/wp-json\/wp\/v2\/media\/50514"}],"wp:attachment":[{"href":"https:\/\/www.ampcometal.com\/de\/wp-json\/wp\/v2\/media?parent=52673"}],"wp:term":[{"taxonomy":"product_category","embeddable":true,"href":"https:\/\/www.ampcometal.com\/de\/wp-json\/wp\/v2\/product_category?post=52673"},{"taxonomy":"product_type","embeddable":true,"href":"https:\/\/www.ampcometal.com\/de\/wp-json\/wp\/v2\/product_type?post=52673"},{"taxonomy":"product_shape","embeddable":true,"href":"https:\/\/www.ampcometal.com\/de\/wp-json\/wp\/v2\/product_shape?post=52673"}],"curies":[{"name":"wp","href":"https:\/\/api.w.org\/{rel}","templated":true}]}}