{"id":52672,"date":"2021-09-03T13:29:23","date_gmt":"2021-09-03T11:29:23","guid":{"rendered":"https:\/\/www.ampcometal.com\/products\/%product_category%\/ampco-21-2\/"},"modified":"2025-07-21T19:44:35","modified_gmt":"2025-07-21T17:44:35","slug":"ampco-21","status":"publish","type":"product","link":"https:\/\/www.ampcometal.com\/de\/produkte\/ampco-aluminiumbronze\/ampco-21\/","title":{"rendered":"AMPCO\u00ae 21"},"content":{"rendered":"<ul>\n<li data-gc-list-depth=\"1\" data-gc-list-style=\"bullet\"><strong>Hohe Verschlei\u00dfbest\u00e4ndigkeit:<\/strong> Diese Aluminium-Bronze-Legierung ist f\u00fcr ihre au\u00dfergew\u00f6hnliche Verschlei\u00df- und Abriebfestigkeit bekannt und damit ideal f\u00fcr Anwendungen in Umgebungen mit hoher Reibung.<\/li>\n<li data-gc-list-depth=\"1\" data-gc-list-style=\"bullet\"><strong>Einzigartige metallurgische Eigenschaften:<\/strong> Die pr\u00e4zise metallurgische Kontrolle der Legierung gew\u00e4hrleistet eine gleichm\u00e4\u00dfige Verteilung der harten Gamma-2-Phase, die die Verschlei\u00dffestigkeit erh\u00f6ht.<\/li>\n<li data-gc-list-depth=\"1\" data-gc-list-style=\"bullet\"><strong>Vielseitige Anwendungen:<\/strong> Er eignet sich f\u00fcr eine Vielzahl von Anwendungen, darunter F\u00fchrungsbuchsen, Matrizenringe, Formrollen und spitzenlose Schleifhalter.<\/li>\n<li data-gc-list-depth=\"1\" data-gc-list-style=\"bullet\"><strong>Kosteneffiziente L\u00f6sung:<\/strong> Diese Legierung bietet Kosteneinsparungen durch Reduzierung der Produktionskosten und Minimierung der Reibung, was zu einer verl\u00e4ngerten Werkzeuglebensdauer und verbesserter Produktqualit\u00e4t f\u00fchrt.<\/li>\n<\/ul>\n<h5>Eigenschaften und Spezifikationen<\/h5>\n<p><\/br><br \/>\nAMPCO\u00ae 21 ist eine Hochleistungs-Aluminiumbronzelegierung, die f\u00fcr ihre au\u00dfergew\u00f6hnliche Verschlei\u00dffestigkeit und einzigartigen metallurgischen Eigenschaften bekannt ist. Diese Legierung enth\u00e4lt einen hohen Anteil an Aluminium und Eisen, was zu einer harten Gamma-2-Phase f\u00fchrt, die etwa 400 HB (Brinell-H\u00e4rte) misst. Durch eine pr\u00e4zise metallurgische Kontrolle ist dieser harte Bestandteil gleichm\u00e4\u00dfig im Material verteilt und verleiht dieser Aluminiumbronzelegierung ihre bemerkenswerte Verschlei\u00df- und Abriebfestigkeit. Es ist die bevorzugte Wahl f\u00fcr eine Vielzahl von Anwendungen, darunter F\u00fchrungsbuchsen, Matrizenringe, Wendeplatten, Formrollen und Werkst\u00fccktr\u00e4ger f\u00fcr das spitzenlose Schleifen, insbesondere bei der Bearbeitung von rostfreiem Stahl. Die \u00fcberlegenen Eigenschaften der Legierung machen sie zu einem unsch\u00e4tzbaren Material f\u00fcr die Maximierung der Werkzeuggeschwindigkeit, die Verbesserung der Produktqualit\u00e4t, die Senkung der Produktionskosten und die Minimierung der Reibung bei gleichzeitiger Vermeidung des Risikos des Festfressens oder Kratzens.<\/p>\n<h5>Anwendungen<\/h5>\n<p><\/br><br \/>\nAMPCO\u00ae 21 wird aufgrund seiner hervorragenden Eigenschaften in einer Vielzahl von Branchen eingesetzt. Diese Hochleistungs-Aluminiumbronzelegierung eignet sich besonders gut f\u00fcr den Einsatz in F\u00fchrungsbuchsen und Verschlei\u00dfleisten, wo sie geh\u00e4rteten Stahl ersetzt und eine hervorragende Verschlei\u00dffestigkeit bietet. Es ist auch die bevorzugte Wahl f\u00fcr Matrizenringe, Eins\u00e4tze und Formwalzen bei verschiedenen Umform-, Biege- oder Ziehvorg\u00e4ngen, insbesondere bei der Verarbeitung von Edelstahlmaterialien. Dar\u00fcber hinaus eignet sich die Legierung hervorragend als Werkst\u00fccktr\u00e4ger f\u00fcr das spitzenlose Schleifen von Stabstahl. Seine Vielseitigkeit und au\u00dfergew\u00f6hnliche Langlebigkeit machen es zu einem unverzichtbaren Material in Industrien, die die Produktqualit\u00e4t verbessern, die Lebensdauer der Werkzeuge verl\u00e4ngern und die Produktionskosten senken wollen.<\/p>\n","protected":false},"featured_media":50554,"template":"","meta":{"_et_pb_use_builder":"","_et_pb_old_content":"","_et_gb_content_width":"","inline_featured_image":false,"_links_to":"","_links_to_target":""},"product_category":[385],"product_type":[388,390,387,386,389],"product_shape":[392,393,394,395],"class_list":["post-52672","product","type-product","status-publish","has-post-thumbnail","hentry","product_category-ampco-aluminiumbronze"],"acf":[],"aioseo_notices":[],"_links":{"self":[{"href":"https:\/\/www.ampcometal.com\/de\/wp-json\/wp\/v2\/product\/52672","targetHints":{"allow":["GET"]}}],"collection":[{"href":"https:\/\/www.ampcometal.com\/de\/wp-json\/wp\/v2\/product"}],"about":[{"href":"https:\/\/www.ampcometal.com\/de\/wp-json\/wp\/v2\/types\/product"}],"wp:featuredmedia":[{"embeddable":true,"href":"https:\/\/www.ampcometal.com\/de\/wp-json\/wp\/v2\/media\/50554"}],"wp:attachment":[{"href":"https:\/\/www.ampcometal.com\/de\/wp-json\/wp\/v2\/media?parent=52672"}],"wp:term":[{"taxonomy":"product_category","embeddable":true,"href":"https:\/\/www.ampcometal.com\/de\/wp-json\/wp\/v2\/product_category?post=52672"},{"taxonomy":"product_type","embeddable":true,"href":"https:\/\/www.ampcometal.com\/de\/wp-json\/wp\/v2\/product_type?post=52672"},{"taxonomy":"product_shape","embeddable":true,"href":"https:\/\/www.ampcometal.com\/de\/wp-json\/wp\/v2\/product_shape?post=52672"}],"curies":[{"name":"wp","href":"https:\/\/api.w.org\/{rel}","templated":true}]}}