{"id":52669,"date":"2021-09-03T13:29:20","date_gmt":"2021-09-03T11:29:20","guid":{"rendered":"https:\/\/www.ampcometal.com\/products\/%product_category%\/ampco-22-2\/"},"modified":"2024-04-03T16:13:35","modified_gmt":"2024-04-03T14:13:35","slug":"ampco-22","status":"publish","type":"product","link":"https:\/\/www.ampcometal.com\/de\/produkte\/ampco-aluminiumbronze\/ampco-22\/","title":{"rendered":"AMPCO\u00ae 22"},"content":{"rendered":"<ul>\n<li data-gc-list-depth=\"1\" data-gc-list-style=\"bullet\"><strong>Bemerkenswerte H\u00e4rte: <\/strong>Diese Aluminium-Bronze-Legierung bietet eine au\u00dfergew\u00f6hnliche H\u00e4rte und eignet sich daher ideal f\u00fcr Anwendungen, die z\u00e4he und langlebige Materialien erfordern.<\/li>\n<li data-gc-list-depth=\"1\" data-gc-list-style=\"bullet\"><strong>Hervorragende Druckfestigkeit:<\/strong> Die hohe Druckfestigkeit erm\u00f6glicht es, hohen Belastungen und Dr\u00fccken standzuhalten und gew\u00e4hrleistet Zuverl\u00e4ssigkeit in anspruchsvollen Umgebungen.<\/li>\n<li data-gc-list-depth=\"1\" data-gc-list-style=\"bullet\"><strong>Beeindruckende Verschlei\u00dfbest\u00e4ndigkeit:<\/strong> Die beeindruckende Verschlei\u00dffestigkeit dieser Legierung macht sie zu einer zuverl\u00e4ssigen Wahl f\u00fcr Bauteile, die Abrieb und Reibung ausgesetzt sind, und verl\u00e4ngert deren Lebensdauer.<\/li>\n<li data-gc-list-depth=\"1\" data-gc-list-style=\"bullet\"><strong>Ausgezeichnete Gleiteigenschaften:<\/strong> Seine hervorragenden Gleiteigenschaften machen es ideal f\u00fcr Anwendungen, die eine reibungslose und effiziente Bewegung erfordern, wodurch Reibung und Verschlei\u00df reduziert werden.<\/li>\n<\/ul>\n<h5>Eigenschaften und Spezifikationen<\/h5>\n<p><\/br><br \/>\nAMPCO\u00ae 22 ist eine sehr begehrte Aluminiumbronzelegierung, die f\u00fcr ihre au\u00dfergew\u00f6hnlichen Eigenschaften bekannt ist. Diese Legierung mit Duplexstruktur besteht zu etwa 50 % aus der Gamma-2- und zu 50 % aus der Beta-Phase und bietet un\u00fcbertroffene H\u00e4rte, hervorragende Druckfestigkeit, beeindruckende Verschlei\u00dffestigkeit und ausgezeichnete Gleiteigenschaften. Seine einzigartige Zusammensetzung macht es ideal f\u00fcr anspruchsvolle Anwendungen, bei denen enge Toleranzen eingehalten werden m\u00fcssen, insbesondere bei der Umformung und dem Ziehen von Edelstahl. Mit ihren bemerkenswerten Eigenschaften und pr\u00e4zisen Spezifikationen ist diese Aluminium-Bronze-Legierung die erste Wahl f\u00fcr Branchen, in denen Haltbarkeit und Leistung gefragt sind.<\/p>\n<h5>Anwendungen<\/h5>\n<p><\/br><br \/>\nAMPCO\u00ae 22 findet vielseitige Anwendungen in einer Vielzahl von Branchen, wobei der Schwerpunkt auf dem Umformen und Ziehen von Edelstahl liegt. Seine au\u00dfergew\u00f6hnliche H\u00e4rte, hervorragende Druckfestigkeit und Verschlei\u00dffestigkeit machen ihn zu einer unsch\u00e4tzbaren Wahl f\u00fcr Prozesse, bei denen Pr\u00e4zision und Haltbarkeit von gr\u00f6\u00dfter Bedeutung sind. Ganz gleich, ob es darum geht, komplizierte Bauteile aus Edelstahl zu formen oder enge Toleranzen bei langen Produktionsl\u00e4ufen einzuhalten, es ist die Legierung der Wahl. Ihre Zuverl\u00e4ssigkeit erstreckt sich auf Branchen wie die Fertigungsindustrie, die Automobilbranche, die Luft- und Raumfahrt und andere, wo sie eine entscheidende Rolle bei der Gew\u00e4hrleistung qualitativ hochwertiger Ergebnisse und einer l\u00e4ngeren Lebensdauer der Werkzeuge spielt.<\/p>\n","protected":false},"featured_media":50554,"template":"","meta":{"_et_pb_use_builder":"","_et_pb_old_content":"","_et_gb_content_width":"","inline_featured_image":false,"_links_to":"","_links_to_target":""},"product_category":[385],"product_type":[388,390,387,386,389],"product_shape":[392,394,395,391],"class_list":["post-52669","product","type-product","status-publish","has-post-thumbnail","hentry","product_category-ampco-aluminiumbronze"],"acf":[],"aioseo_notices":[],"_links":{"self":[{"href":"https:\/\/www.ampcometal.com\/de\/wp-json\/wp\/v2\/product\/52669","targetHints":{"allow":["GET"]}}],"collection":[{"href":"https:\/\/www.ampcometal.com\/de\/wp-json\/wp\/v2\/product"}],"about":[{"href":"https:\/\/www.ampcometal.com\/de\/wp-json\/wp\/v2\/types\/product"}],"wp:featuredmedia":[{"embeddable":true,"href":"https:\/\/www.ampcometal.com\/de\/wp-json\/wp\/v2\/media\/50554"}],"wp:attachment":[{"href":"https:\/\/www.ampcometal.com\/de\/wp-json\/wp\/v2\/media?parent=52669"}],"wp:term":[{"taxonomy":"product_category","embeddable":true,"href":"https:\/\/www.ampcometal.com\/de\/wp-json\/wp\/v2\/product_category?post=52669"},{"taxonomy":"product_type","embeddable":true,"href":"https:\/\/www.ampcometal.com\/de\/wp-json\/wp\/v2\/product_type?post=52669"},{"taxonomy":"product_shape","embeddable":true,"href":"https:\/\/www.ampcometal.com\/de\/wp-json\/wp\/v2\/product_shape?post=52669"}],"curies":[{"name":"wp","href":"https:\/\/api.w.org\/{rel}","templated":true}]}}