{"id":52666,"date":"2021-09-03T13:29:13","date_gmt":"2021-09-03T11:29:13","guid":{"rendered":"https:\/\/www.ampcometal.com\/products\/%product_category%\/ampco-863-2\/"},"modified":"2024-04-02T11:36:27","modified_gmt":"2024-04-02T09:36:27","slug":"ampco-863","status":"publish","type":"product","link":"https:\/\/www.ampcometal.com\/de\/produkte\/andere-legierungen\/ampco-863\/","title":{"rendered":"AMPCO\u00ae 863"},"content":{"rendered":"<ul>\n<li data-gc-list-depth=\"1\" data-gc-list-style=\"bullet\"><strong>Hohe Festigkeit: <\/strong>Diese Legierung bietet eine au\u00dfergew\u00f6hnliche Festigkeit, die sie f\u00fcr anspruchsvolle Anwendungen geeignet macht.<\/li>\n<li data-gc-list-depth=\"1\" data-gc-list-style=\"bullet\"><strong>Hervorragende Korrosionsbest\u00e4ndigkeit:<\/strong> Es ist hochgradig korrosionsbest\u00e4ndig und gew\u00e4hrleistet Langlebigkeit in rauen Umgebungen.<\/li>\n<li data-gc-list-depth=\"1\" data-gc-list-style=\"bullet\"><strong>Vielseitige Anwendungen: <\/strong>Diese Aluminiumbronze wird in einer Vielzahl von Branchen eingesetzt, vom schweren Bauwesen bis hin zu industriellen Umgebungen.<\/li>\n<li data-gc-list-depth=\"1\" data-gc-list-style=\"bullet\"><strong>Einzigartige AMPCO Phase Mikrostruktur: <\/strong>Seine einzigartige <a href=\"https:\/\/www.ampcometal.com\/technical-data\/microcast-technology\/\">Mikrostrukturverteilung<\/a>, bekannt als &#8222;AMPCO Phase&#8220;, hebt es von anderen Produkten ab und tr\u00e4gt zu seiner best\u00e4ndigen \u00dcberlegenheit und dauerhaften Leistung bei.<\/li>\n<\/ul>\n<h5>AMPCO\u00ae 863 Eigenschaften und Spezifikationen<\/h5>\n<p><\/br><br \/>\nAMPCO\u00ae 863 ist eine Manganbronze-Stranggusslegierung, die f\u00fcr ihre bemerkenswerten Eigenschaften bekannt ist. Mit einer Zusammensetzung aus 62 % Kupfer, 6 % Aluminium, 3 % Mangan, 3 % Eisen und 26 % Zink bietet diese Legierung au\u00dfergew\u00f6hnliche Festigkeit und hervorragende Korrosionsbest\u00e4ndigkeit. Es eignet sich hervorragend f\u00fcr schwere Baum\u00e4rkte und verschiedene industrielle Anwendungen wie Lager, Schneckengetriebe, Nocken, Pleuelstangen und Spindelmuttern. Diese Aluminiumbronze hat eine einzigartige Mikrostrukturverteilung, die so genannte <a href=\"https:\/\/www.ampcometal.com\/technical-data\/microcast-technology\/\">AMPCO-Phase<\/a>, die sie von handels\u00fcblichen Bronzen abhebt und wesentlich zu ihrer gleichbleibenden \u00dcberlegenheit und dauerhaften Leistung beitr\u00e4gt.<\/p>\n<h5>AMPCO\u00ae 863 Anwendungen<\/h5>\n<p><\/br><br \/>\nAMPCO\u00ae 863 wird in einer Vielzahl von Branchen eingesetzt und ist daher eine zuverl\u00e4ssige Wahl f\u00fcr anspruchsvolle Umgebungen. Diese hochfeste Mangan-Bronze-Stranggusslegierung eignet sich ideal f\u00fcr den Schwerlastbau, wo sie durch ihre au\u00dfergew\u00f6hnliche Festigkeit und Korrosionsbest\u00e4ndigkeit \u00fcberzeugt. Es eignet sich hervorragend f\u00fcr Anwendungen wie segmentierte Buchsen und Gleitlager und bietet zuverl\u00e4ssige Leistung und lange Lebensdauer. Neben dem Bauwesen hat sich die Legierung auch in industriellen Anwendungen bew\u00e4hrt, z. B. in Lagern, Schneckenr\u00e4dern, Nocken, Pleuelstangen, Gewindemuttern und vielem mehr. Seine Anpassungsf\u00e4higkeit und Langlebigkeit machen es zu einem bevorzugten Material f\u00fcr eine breite Palette kritischer Anwendungen.<\/p>\n","protected":false},"featured_media":50558,"template":"","meta":{"_et_pb_use_builder":"","_et_pb_old_content":"","_et_gb_content_width":"","inline_featured_image":false,"_links_to":"","_links_to_target":""},"product_category":[411],"product_type":[389],"product_shape":[393,396,395],"class_list":["post-52666","product","type-product","status-publish","has-post-thumbnail","hentry","product_category-andere-legierungen"],"acf":[],"aioseo_notices":[],"_links":{"self":[{"href":"https:\/\/www.ampcometal.com\/de\/wp-json\/wp\/v2\/product\/52666","targetHints":{"allow":["GET"]}}],"collection":[{"href":"https:\/\/www.ampcometal.com\/de\/wp-json\/wp\/v2\/product"}],"about":[{"href":"https:\/\/www.ampcometal.com\/de\/wp-json\/wp\/v2\/types\/product"}],"wp:featuredmedia":[{"embeddable":true,"href":"https:\/\/www.ampcometal.com\/de\/wp-json\/wp\/v2\/media\/50558"}],"wp:attachment":[{"href":"https:\/\/www.ampcometal.com\/de\/wp-json\/wp\/v2\/media?parent=52666"}],"wp:term":[{"taxonomy":"product_category","embeddable":true,"href":"https:\/\/www.ampcometal.com\/de\/wp-json\/wp\/v2\/product_category?post=52666"},{"taxonomy":"product_type","embeddable":true,"href":"https:\/\/www.ampcometal.com\/de\/wp-json\/wp\/v2\/product_type?post=52666"},{"taxonomy":"product_shape","embeddable":true,"href":"https:\/\/www.ampcometal.com\/de\/wp-json\/wp\/v2\/product_shape?post=52666"}],"curies":[{"name":"wp","href":"https:\/\/api.w.org\/{rel}","templated":true}]}}