{"id":52655,"date":"2021-09-03T13:28:55","date_gmt":"2021-09-03T11:28:55","guid":{"rendered":"https:\/\/www.ampcometal.com\/products\/%product_category%\/ampco-8-2\/"},"modified":"2023-01-30T12:27:38","modified_gmt":"2023-01-30T10:27:38","slug":"ampco-8","status":"publish","type":"product","link":"https:\/\/www.ampcometal.com\/de\/produkte\/ampco-aluminiumbronze\/ampco-8\/","title":{"rendered":"AMPCO\u00ae 8"},"content":{"rendered":"<ul>\n<li>Au\u00dfergew\u00f6hnliche Korrosionsbest\u00e4ndigkeit, nicht nur in alkalischer oder reduzierender Umgebung, sondern auch in oxidierendem Material.<\/li>\n<li>Wenn H\u00e4rte und Duktilit\u00e4t f\u00fcr einen ununterbrochenen Betrieb unerl\u00e4sslich sind.<\/li>\n<li>Die extreme H\u00e4rte macht es zu einem idealen Verschraubungsmaterial.<\/li>\n<\/ul>\n<p>Eine hochfeste Legierung mit au\u00dfergew\u00f6hnlicher Streckgrenze, inh\u00e4renter Z\u00e4higkeit und Duktilit\u00e4t. Alles Eigenschaften, die normalerweise nicht in einer einphasigen Aluminiumbronze zu finden sind. Das Metall wird beim Strangpressen warmverformt, wodurch eine kompakte Kornstruktur entsteht, die frei von Einschl\u00fcssen oder anderen Defekten ist, was zu einzigartig verbesserten physikalischen Eigenschaften f\u00fchrt, die in anderen Legierungen nicht zu finden sind.<\/p>\n","protected":false},"featured_media":52302,"template":"","meta":{"_et_pb_use_builder":"","_et_pb_old_content":"","_et_gb_content_width":"","inline_featured_image":false,"_links_to":"","_links_to_target":""},"product_category":[385],"product_type":[611,386],"product_shape":[392],"class_list":["post-52655","product","type-product","status-publish","has-post-thumbnail","hentry","product_category-ampco-aluminiumbronze"],"acf":[],"aioseo_notices":[],"_links":{"self":[{"href":"https:\/\/www.ampcometal.com\/de\/wp-json\/wp\/v2\/product\/52655","targetHints":{"allow":["GET"]}}],"collection":[{"href":"https:\/\/www.ampcometal.com\/de\/wp-json\/wp\/v2\/product"}],"about":[{"href":"https:\/\/www.ampcometal.com\/de\/wp-json\/wp\/v2\/types\/product"}],"wp:featuredmedia":[{"embeddable":true,"href":"https:\/\/www.ampcometal.com\/de\/wp-json\/wp\/v2\/media\/52302"}],"wp:attachment":[{"href":"https:\/\/www.ampcometal.com\/de\/wp-json\/wp\/v2\/media?parent=52655"}],"wp:term":[{"taxonomy":"product_category","embeddable":true,"href":"https:\/\/www.ampcometal.com\/de\/wp-json\/wp\/v2\/product_category?post=52655"},{"taxonomy":"product_type","embeddable":true,"href":"https:\/\/www.ampcometal.com\/de\/wp-json\/wp\/v2\/product_type?post=52655"},{"taxonomy":"product_shape","embeddable":true,"href":"https:\/\/www.ampcometal.com\/de\/wp-json\/wp\/v2\/product_shape?post=52655"}],"curies":[{"name":"wp","href":"https:\/\/api.w.org\/{rel}","templated":true}]}}