{"id":52654,"date":"2021-09-03T13:28:55","date_gmt":"2021-09-03T11:28:55","guid":{"rendered":"https:\/\/www.ampcometal.com\/products\/%product_category%\/messing\/"},"modified":"2025-07-21T19:40:59","modified_gmt":"2025-07-21T17:40:59","slug":"messing","status":"publish","type":"product","link":"https:\/\/www.ampcometal.com\/de\/produkte\/standardlegierungen\/messing\/","title":{"rendered":"Messing"},"content":{"rendered":"<ul>\n<li><strong>Hohe Festigkeit: <\/strong>Unser Messing verf\u00fcgt \u00fcber ausgezeichnete Festigkeitseigenschaften, die es f\u00fcr eine Vielzahl von anspruchsvollen Anwendungen geeignet machen.<\/li>\n<li data-gc-list-depth=\"1\" data-gc-list-style=\"bullet\"><strong>Korrosionsbest\u00e4ndigkeit:<\/strong> Die Legierung ist \u00e4u\u00dferst korrosionsbest\u00e4ndig und gew\u00e4hrleistet eine lange Lebensdauer in rauen Umgebungen.<\/li>\n<li data-gc-list-depth=\"1\" data-gc-list-style=\"bullet\"><strong>Hitzebest\u00e4ndigkeit: <\/strong>Beh\u00e4lt seine Unversehrtheit bei hohen Temperaturen und ist daher ideal f\u00fcr Anwendungen, die mit Hitze und Reibung verbunden sind.<\/li>\n<li data-gc-list-depth=\"1\" data-gc-list-style=\"bullet\"><strong>Vielseitigkeit: <\/strong>Erh\u00e4ltlich in einer Vielzahl von Formen und Gr\u00f6\u00dfen, bietet es Vielseitigkeit in Design und Verwendbarkeit in verschiedenen Branchen und Produkten.<\/li>\n<\/ul>\n<h5>Eigenschaften und Spezifikationen<\/h5>\n<p><\/br>  AMPCOs Standard-Messinglegierung hat au\u00dfergew\u00f6hnliche Eigenschaften, die sie zu einer ersten Wahl f\u00fcr anspruchsvolle Anwendungen machen. Diese erstklassige Messinglegierung ist in verschiedenen Qualit\u00e4ten erh\u00e4ltlich, wobei kundenspezifische Zusammensetzungen auf Anfrage m\u00f6glich sind. Es ist bekannt f\u00fcr seine hohe Festigkeit, <a href=\"https:\/\/www.ampcometal.com\/applications\/corrosion-resistance\/\">Korrosions<\/a>&#8211; und Hitzebest\u00e4ndigkeit. Diese vielseitige Legierung eignet sich ideal f\u00fcr Anwendungen mit geringer Reibung, niedriger Geschwindigkeit und hohem Druck und ist somit die perfekte Wahl f\u00fcr Befestigungselemente, Buchsen, Nocken, Maschinenteile und vieles mehr.  <\/p>\n<ul>\n<li>Erh\u00e4ltlich in Sondergr\u00f6\u00dfen wie U-\/L-\/T-Formen.<\/li>\n<li>Rechteckenstangen ab 8 mm Dicke.<\/li>\n<li>Rundst\u00e4be von 20 mm bis 212 mm Durchmesser.<\/li>\n<li>Rohre mit Wandst\u00e4rken von min. 8mm bis Au\u00dfendurchmesser 100mm.<\/li>\n<\/ul>\n<p>  Die Legierungen umfassen:  <\/p>\n<ul>\n<li>CuZn25Al5Mn4Fe3<\/li>\n<li>CuZn35Mn2Al1Fe1<\/li>\n<li>CuZn35Mn2Al1Fe1<\/li>\n<li>CuZn37Al1<\/li>\n<li>CuZn19Al6<\/li>\n<li>CuZn23Al4<\/li>\n<\/ul>\n<p>  Spezifische oder kundenspezifische chemische Zusammensetzungen sind auf Anfrage erh\u00e4ltlich.  <\/p>\n<h5>Anwendungen<\/h5>\n<p><\/br>  AMPCO&#8217;s Standard Brass Alloy findet seine vielseitigen Anwendungen in einer Vielzahl von Industrien. Die bemerkenswerten Eigenschaften dieser hochwertigen Messinglegierung, darunter hohe Festigkeit, Korrosionsbest\u00e4ndigkeit und Hitzebest\u00e4ndigkeit, machen sie unverzichtbar. Die Anwendungsbereiche reichen von Befestigungselementen, Muttern und Buchsen bis hin zu Nocken, Rahmen, Schneckenr\u00e4dern, Maschinenteilen, Haken, Gesenken, Wellen und Ventilsch\u00e4ften. Ihre Zuverl\u00e4ssigkeit und Langlebigkeit machen sie zur ersten Wahl f\u00fcr Branchen wie die Automobilindustrie, das Baugewerbe, elektrische Steckverbinder, Sanit\u00e4rtechnik sowie Luft- und Raumfahrt. Ob es um reibungsarme L\u00f6sungen oder Langlebigkeit in Hochdruckumgebungen geht, AMPCOs Standard-Messinglegierung ist ein zuverl\u00e4ssiges Material f\u00fcr eine Vielzahl von Anwendungen.<\/p>\n","protected":false},"featured_media":0,"template":"product-standard-alloy.php","meta":{"_et_pb_use_builder":"","_et_pb_old_content":"","_et_gb_content_width":"","inline_featured_image":false,"_links_to":"","_links_to_target":""},"product_category":[412],"product_type":[],"product_shape":[],"class_list":["post-52654","product","type-product","status-publish","hentry","product_category-standardlegierungen"],"acf":[],"aioseo_notices":[],"_links":{"self":[{"href":"https:\/\/www.ampcometal.com\/de\/wp-json\/wp\/v2\/product\/52654","targetHints":{"allow":["GET"]}}],"collection":[{"href":"https:\/\/www.ampcometal.com\/de\/wp-json\/wp\/v2\/product"}],"about":[{"href":"https:\/\/www.ampcometal.com\/de\/wp-json\/wp\/v2\/types\/product"}],"wp:attachment":[{"href":"https:\/\/www.ampcometal.com\/de\/wp-json\/wp\/v2\/media?parent=52654"}],"wp:term":[{"taxonomy":"product_category","embeddable":true,"href":"https:\/\/www.ampcometal.com\/de\/wp-json\/wp\/v2\/product_category?post=52654"},{"taxonomy":"product_type","embeddable":true,"href":"https:\/\/www.ampcometal.com\/de\/wp-json\/wp\/v2\/product_type?post=52654"},{"taxonomy":"product_shape","embeddable":true,"href":"https:\/\/www.ampcometal.com\/de\/wp-json\/wp\/v2\/product_shape?post=52654"}],"curies":[{"name":"wp","href":"https:\/\/api.w.org\/{rel}","templated":true}]}}