{"id":52650,"date":"2021-09-03T13:28:52","date_gmt":"2021-09-03T11:28:52","guid":{"rendered":"https:\/\/www.ampcometal.com\/products\/%product_category%\/ampco-15-2\/"},"modified":"2025-07-24T11:39:47","modified_gmt":"2025-07-24T09:39:47","slug":"ampco-15","status":"publish","type":"product","link":"https:\/\/www.ampcometal.com\/de\/produkte\/ampco-aluminiumbronze\/ampco-15\/","title":{"rendered":"AMPCO\u00ae 15"},"content":{"rendered":"<ul>\n<li><strong>Au\u00dfergew\u00f6hnliche Korrosionsbest\u00e4ndigkeit:<\/strong> Hervorragende Best\u00e4ndigkeit gegen Seewasser und nicht oxidierende Minerals\u00e4uren, daher ideal f\u00fcr Anwendungen in der Schifffahrt und im Offshore-Bereich.<\/li>\n<li><strong>Hohe mechanische Stabilit\u00e4t:<\/strong> Diese Legierung beh\u00e4lt ihre mechanischen Eigenschaften bei Temperaturen von bis zu 315\u00b0C bei und gew\u00e4hrleistet eine zuverl\u00e4ssige Leistung in einer Vielzahl von industriellen Umgebungen.<\/li>\n<li\"><strong>Vielseitige Anwendungen:<\/strong> Es handelt sich um ein vielseitiges Material, das f\u00fcr Nocken, Buchsen und Lager verwendet wird und sich daher f\u00fcr eine Vielzahl von mittelschweren Anwendungen eignet.<\/li>\n<li><strong>Einzigartige Legierungsmikrostruktur:<\/strong> Die best\u00e4ndige \u00dcberlegenheit von AMPCO\u00ae 15 ist auf seine einzigartige Legierungsmikrostruktur zur\u00fcckzuf\u00fchren, die eine zuverl\u00e4ssige und dauerhafte Leistung in allen Branchen gew\u00e4hrleistet.<\/li>\n<\/ul>\n<h5>Eigenschaften und Spezifikationen<\/h5>\n<p>AMPCO\u00ae 15 ist eine Aluminium-Eisen-Kupfer-Knetlegierung, die f\u00fcr ihre bemerkenswerten Eigenschaften bekannt ist. Mit einer ausgezeichneten mechanischen Stabilit\u00e4t bei Temperaturen von bis zu 315\u00b0C und einer Bearbeitbarkeit von 50 % ist es eine vielseitige Wahl f\u00fcr mittelschwere Anwendungen. Diese Legierung weist auch eine ausgezeichnete Korrosionsbest\u00e4ndigkeit in Meerwasser und nicht oxidierenden Minerals\u00e4uren auf und ist damit ideal f\u00fcr raue Umgebungen. Die Legierung kann bei bestimmten Temperaturen warmverarbeitet und gegl\u00fcht werden, um eine optimale Leistung zu erzielen. Seine best\u00e4ndige \u00dcberlegenheit gegen\u00fcber handels\u00fcblicher Bronze ist auf seine einzigartige Legierungsmikrostruktur zur\u00fcckzuf\u00fchren, die oft als \u201eAMPCO-Phase\u201c bezeichnet wird. AMPCO\u00ae 15 besteht zu 88 % aus Kupfer, zu 9 % aus Aluminium und zu 3 % aus Eisen und entspricht den ASTM- und ASME-Normen, was seine Zuverl\u00e4ssigkeit in einer Vielzahl von industriellen Umgebungen gew\u00e4hrleistet.<\/p>\n<h5>Anwendungen<\/h5>\n<p>Die Legierung AMPCO\u00ae 15 wird in einer Vielzahl von industriellen Anwendungen eingesetzt. Seine \u00fcberragende Korrosionsbest\u00e4ndigkeit gegen\u00fcber Meerwasser und nicht oxidierenden Minerals\u00e4uren machen es zur ersten Wahl f\u00fcr Marine- und Offshore-Anwendungen. In industriellen Anwendungen wird die Legierung f\u00fcr Nocken, Buchsen, Lagerk\u00e4fige, Ventilsch\u00e4fte, F\u00fchrungen und Gleitlager verwendet. Seine Vielseitigkeit und seine au\u00dfergew\u00f6hnlichen mechanischen Eigenschaften machen es auch zu einer idealen Wahl f\u00fcr Anwendungen mit mittlerer Beanspruchung und Erm\u00fcdung. Ob in der Schifffahrt, in der Luft- und Raumfahrt, in der Automobilindustrie oder in anderen Industriezweigen, es bietet gleichbleibende Leistung und Haltbarkeit und ist damit ein wertvolles Material f\u00fcr eine Vielzahl von technischen Anforderungen.<\/p>\n","protected":false},"featured_media":50558,"template":"","meta":{"_et_pb_use_builder":"","_et_pb_old_content":"","_et_gb_content_width":"","inline_featured_image":false,"_links_to":"","_links_to_target":""},"product_category":[385],"product_type":[512],"product_shape":[],"class_list":["post-52650","product","type-product","status-publish","has-post-thumbnail","hentry","product_category-ampco-aluminiumbronze"],"acf":[],"aioseo_notices":[],"_links":{"self":[{"href":"https:\/\/www.ampcometal.com\/de\/wp-json\/wp\/v2\/product\/52650","targetHints":{"allow":["GET"]}}],"collection":[{"href":"https:\/\/www.ampcometal.com\/de\/wp-json\/wp\/v2\/product"}],"about":[{"href":"https:\/\/www.ampcometal.com\/de\/wp-json\/wp\/v2\/types\/product"}],"wp:featuredmedia":[{"embeddable":true,"href":"https:\/\/www.ampcometal.com\/de\/wp-json\/wp\/v2\/media\/50558"}],"wp:attachment":[{"href":"https:\/\/www.ampcometal.com\/de\/wp-json\/wp\/v2\/media?parent=52650"}],"wp:term":[{"taxonomy":"product_category","embeddable":true,"href":"https:\/\/www.ampcometal.com\/de\/wp-json\/wp\/v2\/product_category?post=52650"},{"taxonomy":"product_type","embeddable":true,"href":"https:\/\/www.ampcometal.com\/de\/wp-json\/wp\/v2\/product_type?post=52650"},{"taxonomy":"product_shape","embeddable":true,"href":"https:\/\/www.ampcometal.com\/de\/wp-json\/wp\/v2\/product_shape?post=52650"}],"curies":[{"name":"wp","href":"https:\/\/api.w.org\/{rel}","templated":true}]}}