{"id":52643,"date":"2021-09-03T13:28:46","date_gmt":"2021-09-03T11:28:46","guid":{"rendered":"https:\/\/www.ampcometal.com\/products\/%product_category%\/ampcoloy-972-2\/"},"modified":"2025-07-21T19:42:54","modified_gmt":"2025-07-21T17:42:54","slug":"ampcoloy-972","status":"publish","type":"product","link":"https:\/\/www.ampcometal.com\/de\/produkte\/ampcoloy-hochleitfahige-kupferlegierungen\/ampcoloy-972\/","title":{"rendered":"AMPCOLOY\u00ae 972"},"content":{"rendered":"<h5><\/h5>\n<ul>\n<li data-gc-list-depth=\"1\" data-gc-list-style=\"bullet\"><strong>Au\u00dfergew\u00f6hnliche mechanische Eigenschaften:<\/strong> Diese hochkupferhaltige Legierung beh\u00e4lt selbst bei Temperaturen zwischen 300 und 500 \u00b0C hervorragende mechanische Eigenschaften, einschlie\u00dflich hoher Duktilit\u00e4t.<\/li>\n<li data-gc-list-depth=\"1\" data-gc-list-style=\"bullet\"><strong>Ausgezeichnete Verschlei\u00df- und Korrosionsbest\u00e4ndigkeit:<\/strong> Diese Legierung bietet eine hervorragende Verschlei\u00df- und Korrosionsbest\u00e4ndigkeit, was sie sehr langlebig und f\u00fcr anspruchsvolle Umgebungen geeignet macht.<\/li>\n<li data-gc-list-depth=\"1\" data-gc-list-style=\"bullet\"><strong>Hohe elektrische Leitf\u00e4higkeit: <\/strong>Es weist eine hohe elektrische Leitf\u00e4higkeit auf, was es zu einer ausgezeichneten Wahl f\u00fcr Anwendungen macht, bei denen die elektrische Leistung entscheidend ist.<\/li>\n<li data-gc-list-depth=\"1\" data-gc-list-style=\"bullet\"><strong>Vielseitigkeit:<\/strong> Es ist f\u00fcr seine Vielseitigkeit bekannt und wird in einer Vielzahl von Anwendungen eingesetzt, z. B. f\u00fcr Widerstandsschwei\u00dfspitzen und Elektrodenkappen.<\/li>\n<\/ul>\n<h5>Eigenschaften und Spezifikationen<\/h5>\n<p><\/br><br \/>\nAMPCOLOY\u00ae 972 ist eine ausscheidungsh\u00e4rtende Kupferbasislegierung, die f\u00fcr ihre au\u00dfergew\u00f6hnlichen Eigenschaften bekannt ist. Bei der W\u00e4rmebehandlung beh\u00e4lt diese Legierung bemerkenswerte mechanische Eigenschaften, einschlie\u00dflich einer hohen Duktilit\u00e4t \u00fcber den Temperaturbereich von 300 &#8211; 500\u00b0C. Es verf\u00fcgt \u00fcber eine ausgezeichnete Verschlei\u00df- und Korrosionsbest\u00e4ndigkeit und eignet sich daher f\u00fcr eine Vielzahl von Anwendungen. Die Legierung weist sowohl eine hohe elektrische Leitf\u00e4higkeit als auch eine ausgezeichnete mechanische Festigkeit auf, was sie zu einer vielseitigen Wahl f\u00fcr Anwendungen wie Widerstandsschwei\u00dfspitzen, Elektrodenkappen und Teile zur Stromerzeugung macht. Mit seiner geschmiedeten und stranggepressten Konstruktion bietet er \u00fcberlegene physikalische Eigenschaften, die Zuverl\u00e4ssigkeit und Langlebigkeit in einer Vielzahl von anspruchsvollen Umgebungen gew\u00e4hrleisten.<\/p>\n<h5>Anwendungen<\/h5>\n<p><\/br><br \/>\nAMPCOLOY\u00ae 972 wird in einer Vielzahl von Branchen eingesetzt. Seine einzigartige Kombination von Eigenschaften, einschlie\u00dflich hoher elektrischer Leitf\u00e4higkeit und beeindruckender mechanischer Festigkeit, machen es zu einer begehrten Wahl f\u00fcr verschiedene anspruchsvolle Szenarien. Diese vielseitige Legierung eignet sich hervorragend f\u00fcr Widerstandsschwei\u00dfspitzen und Elektrodenkappen in der Automobilindustrie, wo ihre au\u00dfergew\u00f6hnliche Verschlei\u00dffestigkeit und elektrische Leitf\u00e4higkeit von unsch\u00e4tzbarem Wert sind. Auch in der Energietechnik spielt es eine wichtige Rolle, denn es hilft bei der Herstellung von Teilen, die sowohl langlebig als auch elektrisch leistungsf\u00e4hig sein m\u00fcssen. Ob in Pressteilen, Klappenfingersegmenten oder Elektrodenhaltern, diese hochkupferhaltige Legierung liefert stets zuverl\u00e4ssige Ergebnisse und beweist ihre Anpassungsf\u00e4higkeit an ein breites Spektrum von Anwendungen.<\/p>\n","protected":false},"featured_media":50574,"template":"","meta":{"_et_pb_use_builder":"","_et_pb_old_content":"","_et_gb_content_width":"","inline_featured_image":false,"_links_to":"","_links_to_target":""},"product_category":[409],"product_type":[388,605,518,525],"product_shape":[392,393,395,398],"class_list":["post-52643","product","type-product","status-publish","has-post-thumbnail","hentry","product_category-ampcoloy-hochleitfahige-kupferlegierungen"],"acf":[],"aioseo_notices":[],"_links":{"self":[{"href":"https:\/\/www.ampcometal.com\/de\/wp-json\/wp\/v2\/product\/52643","targetHints":{"allow":["GET"]}}],"collection":[{"href":"https:\/\/www.ampcometal.com\/de\/wp-json\/wp\/v2\/product"}],"about":[{"href":"https:\/\/www.ampcometal.com\/de\/wp-json\/wp\/v2\/types\/product"}],"wp:featuredmedia":[{"embeddable":true,"href":"https:\/\/www.ampcometal.com\/de\/wp-json\/wp\/v2\/media\/50574"}],"wp:attachment":[{"href":"https:\/\/www.ampcometal.com\/de\/wp-json\/wp\/v2\/media?parent=52643"}],"wp:term":[{"taxonomy":"product_category","embeddable":true,"href":"https:\/\/www.ampcometal.com\/de\/wp-json\/wp\/v2\/product_category?post=52643"},{"taxonomy":"product_type","embeddable":true,"href":"https:\/\/www.ampcometal.com\/de\/wp-json\/wp\/v2\/product_type?post=52643"},{"taxonomy":"product_shape","embeddable":true,"href":"https:\/\/www.ampcometal.com\/de\/wp-json\/wp\/v2\/product_shape?post=52643"}],"curies":[{"name":"wp","href":"https:\/\/api.w.org\/{rel}","templated":true}]}}