{"id":52641,"date":"2021-09-03T13:28:45","date_gmt":"2021-09-03T11:28:45","guid":{"rendered":"https:\/\/www.ampcometal.com\/products\/%product_category%\/ampco-18-22-2\/"},"modified":"2025-07-21T19:44:37","modified_gmt":"2025-07-21T17:44:37","slug":"ampco-18-22","status":"publish","type":"product","link":"https:\/\/www.ampcometal.com\/de\/produkte\/ampco-aluminiumbronze\/ampco-18-22\/","title":{"rendered":"AMPCO\u00ae 18.22"},"content":{"rendered":"<ul>\n<li><strong>Au\u00dfergew\u00f6hnliche Festigkeit:<\/strong> Diese Bronzelegierung verf\u00fcgt \u00fcber eine hohe Bruchfestigkeit, die sie f\u00fcr anspruchsvolle industrielle Anwendungen geeignet macht.<\/li>\n<li><strong>Gute Duktilit\u00e4t:<\/strong> Diese Kupferlegierung bietet zwar eine beeindruckende H\u00e4rte, ist aber dennoch gut verformbar, so dass sie flexibel eingesetzt werden kann.<\/li>\n<li><strong>Korrosionsbest\u00e4ndigkeit:<\/strong> Es weist eine ausgezeichnete Korrosionsbest\u00e4ndigkeit auf, was seine Langlebigkeit und Haltbarkeit erh\u00f6ht.<\/li>\n<li><strong>Vielseitige Anwendungen:<\/strong> Die in der Luft- und Raumfahrtindustrie weit verbreitete Legierung eignet sich ideal f\u00fcr Buchsen, Lagerbuchsen, Eins\u00e4tze, Kolbenteile, Muttern und Gleitschuhe sowie f\u00fcr andere kritische Komponenten.<\/li>\n<\/ul>\n<h5>Eigenschaften und Spezifikationen<\/h5>\n<p><\/br><br \/>\nAMPCO\u00ae 18.22 ist eine bemerkenswerte Kupferlegierung mit herausragenden Eigenschaften und Spezifikationen. Diese hochfeste Legierung weist eine au\u00dfergew\u00f6hnliche Duktilit\u00e4t auf und eignet sich daher gut f\u00fcr Anwendungen in der Luft- und Raumfahrt, bei denen sowohl Festigkeit als auch Flexibilit\u00e4t entscheidend sind. Durch pr\u00e4zise W\u00e4rmebehandlung und Produktionskontrolle erreicht die Bronzelegierung eine hervorragende Zugfestigkeit, Streckgrenze und H\u00e4rte. Seine physikalischen Eigenschaften, einschlie\u00dflich der Korrosionsbest\u00e4ndigkeit, erm\u00f6glichen es ihm, erheblichen St\u00f6\u00dfen und Belastungen standzuhalten. Diese Legierung eignet sich hervorragend f\u00fcr Anwendungen wie Buchsen, Lagerbuchsen, Eins\u00e4tze, Kolbenteile, Muttern und Gleitschuhe und beweist ihre Zuverl\u00e4ssigkeit in anspruchsvollen industriellen Umgebungen.<\/p>\n<h5>Anwendungen<\/h5>\n<p><\/br><br \/>\nAMPCO\u00ae 18.22 findet vielseitige Anwendungen in einer Vielzahl von Branchen, wobei der Schwerpunkt auf der Erf\u00fcllung der strengen Anforderungen der Luft- und Raumfahrtindustrie liegt. Diese hochfeste Kupferlegierung ist die erste Wahl f\u00fcr eine Vielzahl von kritischen Komponenten, darunter Buchsen, Lagerbuchsen, Eins\u00e4tze, Kolbenteile, Muttern und Gleitschuhe. Seine \u00fcberlegenen Eigenschaften wie erh\u00f6hte H\u00e4rte und ausgezeichnete Duktilit\u00e4t machen es zu einem idealen Werkstoff f\u00fcr diese Anwendungen und gew\u00e4hrleisten eine zuverl\u00e4ssige Leistung unter den anspruchsvollsten Bedingungen. Diese Aluminium-Bronze-Legierung ist daf\u00fcr bekannt, dass sie erheblichen St\u00f6\u00dfen und Belastungen standh\u00e4lt, was sie zu einer unsch\u00e4tzbaren Wahl in Branchen macht, in denen Pr\u00e4zision, Langlebigkeit und St\u00e4rke von gr\u00f6\u00dfter Bedeutung sind.<\/p>\n","protected":false},"featured_media":50514,"template":"","meta":{"_et_pb_use_builder":"","_et_pb_old_content":"","_et_gb_content_width":"","inline_featured_image":false,"_links_to":"","_links_to_target":""},"product_category":[385],"product_type":[390,387],"product_shape":[],"class_list":["post-52641","product","type-product","status-publish","has-post-thumbnail","hentry","product_category-ampco-aluminiumbronze"],"acf":[],"aioseo_notices":[],"_links":{"self":[{"href":"https:\/\/www.ampcometal.com\/de\/wp-json\/wp\/v2\/product\/52641","targetHints":{"allow":["GET"]}}],"collection":[{"href":"https:\/\/www.ampcometal.com\/de\/wp-json\/wp\/v2\/product"}],"about":[{"href":"https:\/\/www.ampcometal.com\/de\/wp-json\/wp\/v2\/types\/product"}],"wp:featuredmedia":[{"embeddable":true,"href":"https:\/\/www.ampcometal.com\/de\/wp-json\/wp\/v2\/media\/50514"}],"wp:attachment":[{"href":"https:\/\/www.ampcometal.com\/de\/wp-json\/wp\/v2\/media?parent=52641"}],"wp:term":[{"taxonomy":"product_category","embeddable":true,"href":"https:\/\/www.ampcometal.com\/de\/wp-json\/wp\/v2\/product_category?post=52641"},{"taxonomy":"product_type","embeddable":true,"href":"https:\/\/www.ampcometal.com\/de\/wp-json\/wp\/v2\/product_type?post=52641"},{"taxonomy":"product_shape","embeddable":true,"href":"https:\/\/www.ampcometal.com\/de\/wp-json\/wp\/v2\/product_shape?post=52641"}],"curies":[{"name":"wp","href":"https:\/\/api.w.org\/{rel}","templated":true}]}}