{"id":52638,"date":"2021-09-03T13:28:43","date_gmt":"2021-09-03T11:28:43","guid":{"rendered":"https:\/\/www.ampcometal.com\/products\/%product_category%\/ampco-26-2\/"},"modified":"2025-07-21T19:44:02","modified_gmt":"2025-07-21T17:44:02","slug":"ampco-26","status":"publish","type":"product","link":"https:\/\/www.ampcometal.com\/de\/produkte\/ampco-aluminiumbronze\/ampco-26\/","title":{"rendered":"AMPCO\u00ae 26"},"content":{"rendered":"<ul>\n<li data-gc-list-depth=\"1\" data-gc-list-style=\"bullet\"><strong>Au\u00dfergew\u00f6hnliche H\u00e4rte:<\/strong> Diese Aluminium-Bronze-Legierung hat eine bemerkenswerte H\u00e4rte, die sie ideal f\u00fcr Anwendungen unter extremen Bedingungen macht.<\/li>\n<li data-gc-list-depth=\"1\" data-gc-list-style=\"bullet\"><strong>Langlebigkeit:<\/strong> Diese Legierung ist f\u00fcr ihre hervorragende Verschlei\u00df- und Korrosionsbest\u00e4ndigkeit bekannt und gew\u00e4hrleistet eine lange Lebensdauer.<\/li>\n<li data-gc-list-depth=\"1\" data-gc-list-style=\"bullet\"><strong>Hohe Belastungstoleranz:<\/strong> Es ist gut geeignet f\u00fcr Anwendungen unter hoher Belastung und extremem Druck.<\/li>\n<li data-gc-list-depth=\"1\" data-gc-list-style=\"bullet\"><strong>Spezifische Industrieanwendungen:<\/strong> Es eignet sich hervorragend f\u00fcr Branchen wie die Metallverarbeitung, das verarbeitende Gewerbe und andere, wo seine einzigartigen Eigenschaften hervorragende Ergebnisse liefern.<\/li>\n<\/ul>\n<h5>Merkmale und Spezifikationen<\/h5>\n<p><\/br> AMPCO\u00ae 26 ist eine hochleistungsf\u00e4hige, patentierte, harte Aluminiumbronzelegierung, die f\u00fcr ihre au\u00dfergew\u00f6hnlichen Eigenschaften und Spezifikationen bekannt ist. Diese einzigartige Legierung weist eine bemerkenswerte H\u00e4rte auf und eignet sich daher gut f\u00fcr extreme Bedingungen und Anwendungen, bei denen es auf Haltbarkeit ankommt. Mit ihrer hervorragenden Best\u00e4ndigkeit gegen Verschlei\u00df, Korrosion und hohe Dr\u00fccke ist die Bronzelegierung die erste Wahl f\u00fcr Ziehsteine und Formwalzen aus Edelstahl. Seine chemische Zusammensetzung und mechanischen Eigenschaften, einschlie\u00dflich H\u00e4rte und Zugfestigkeit, wurden sorgf\u00e4ltig entwickelt, um in anspruchsvollen Industrieumgebungen hervorragende Ergebnisse zu erzielen, was es zu einer idealen L\u00f6sung f\u00fcr Anwendungen macht, die sowohl St\u00e4rke als auch Haltbarkeit erfordern. <\/p>\n<h5>Anwendungen<\/h5>\n<p><\/br> AMPCO\u00ae 26 wird vor allem in Branchen und Szenarien eingesetzt, in denen es auf au\u00dfergew\u00f6hnliche H\u00e4rte und Z\u00e4higkeit ankommt. Es wird in gro\u00dfem Umfang in Ziehwerkzeugen f\u00fcr rostfreien Stahl verwendet, wo es den hohen Dr\u00fccken und Abriebkr\u00e4ften, die bei der Metallumformung auftreten, hervorragend standh\u00e4lt. Dar\u00fcber hinaus ist die Aluminiumbronze-Legierung eine bevorzugte Wahl f\u00fcr hochbeanspruchte Umformwalzen, wo ihre einzigartige Kombination von Eigenschaften eine lange Lebensdauer und zuverl\u00e4ssige Leistung gew\u00e4hrleistet. Die au\u00dfergew\u00f6hnlichen Eigenschaften der Legierung machen sie zu einer wertvollen Ressource in Branchen wie der verarbeitenden Industrie, der Metallverarbeitung und dar\u00fcber hinaus, wo sie als zuverl\u00e4ssige L\u00f6sung f\u00fcr schwierige und anspruchsvolle Umgebungen dient.<\/p>\n","protected":false},"featured_media":50558,"template":"","meta":{"_et_pb_use_builder":"","_et_pb_old_content":"","_et_gb_content_width":"","inline_featured_image":false,"_links_to":"","_links_to_target":""},"product_category":[385],"product_type":[388,390,387,389],"product_shape":[],"class_list":["post-52638","product","type-product","status-publish","has-post-thumbnail","hentry","product_category-ampco-aluminiumbronze"],"acf":[],"aioseo_notices":[],"_links":{"self":[{"href":"https:\/\/www.ampcometal.com\/de\/wp-json\/wp\/v2\/product\/52638","targetHints":{"allow":["GET"]}}],"collection":[{"href":"https:\/\/www.ampcometal.com\/de\/wp-json\/wp\/v2\/product"}],"about":[{"href":"https:\/\/www.ampcometal.com\/de\/wp-json\/wp\/v2\/types\/product"}],"wp:featuredmedia":[{"embeddable":true,"href":"https:\/\/www.ampcometal.com\/de\/wp-json\/wp\/v2\/media\/50558"}],"wp:attachment":[{"href":"https:\/\/www.ampcometal.com\/de\/wp-json\/wp\/v2\/media?parent=52638"}],"wp:term":[{"taxonomy":"product_category","embeddable":true,"href":"https:\/\/www.ampcometal.com\/de\/wp-json\/wp\/v2\/product_category?post=52638"},{"taxonomy":"product_type","embeddable":true,"href":"https:\/\/www.ampcometal.com\/de\/wp-json\/wp\/v2\/product_type?post=52638"},{"taxonomy":"product_shape","embeddable":true,"href":"https:\/\/www.ampcometal.com\/de\/wp-json\/wp\/v2\/product_shape?post=52638"}],"curies":[{"name":"wp","href":"https:\/\/api.w.org\/{rel}","templated":true}]}}