{"id":53271,"date":"2021-09-07T10:16:58","date_gmt":"2021-09-07T08:16:58","guid":{"rendered":"https:\/\/www.ampcometal.com\/?page_id=53271"},"modified":"2021-10-06T12:53:15","modified_gmt":"2021-10-06T10:53:15","slug":"covid-19-erklaerung","status":"publish","type":"page","link":"https:\/\/www.ampcometal.com\/de\/unternehmen\/arbeiten-mit-ampco\/covid-19-erklaerung\/","title":{"rendered":"COVID-19-Erkl\u00e4rung"},"content":{"rendered":"[et_pb_section fb_built=&#8220;1&#8243; specialty=&#8220;on&#8220; custom_padding_last_edited=&#8220;on|desktop&#8220; parallax_method_1=&#8220;off&#8220; parallax_method_2=&#8220;off&#8220; module_id_1=&#8220;product-page-sidebar-column&#8220; admin_label=&#8220;Section&#8220; _builder_version=&#8220;3.22&#8243; background_color=&#8220;#f7f7f7&#8243; custom_padding=&#8220;0px||0px|&#8220; custom_padding_tablet=&#8220;40px|||&#8220; custom_padding_phone=&#8220;&#8220; transparent_background=&#8220;off&#8220; make_fullwidth=&#8220;off&#8220; use_custom_width=&#8220;off&#8220; width_unit=&#8220;on&#8220; global_colors_info=&#8220;{}&#8220;][et_pb_column type=&#8220;1_3&#8243; _builder_version=&#8220;3.25&#8243; custom_padding=&#8220;|||&#8220; global_colors_info=&#8220;{}&#8220; custom_padding__hover=&#8220;|||&#8220;][et_pb_sidebar area=&#8220;company_sidebar&#8220; disabled_on=&#8220;on|on|off&#8220; admin_label=&#8220;Sidebar&#8220; module_id=&#8220;inner-product-sidebar-module&#8220; _builder_version=&#8220;4.10.6&#8243; remove_border=&#8220;off&#8220; global_colors_info=&#8220;{}&#8220;][\/et_pb_sidebar][\/et_pb_column][et_pb_column type=&#8220;2_3&#8243; specialty_columns=&#8220;2&#8243; _builder_version=&#8220;3.25&#8243; custom_padding=&#8220;|||&#8220; global_colors_info=&#8220;{}&#8220; custom_padding__hover=&#8220;|||&#8220;][et_pb_row_inner admin_label=&#8220;Row&#8220; _builder_version=&#8220;3.25&#8243; global_colors_info=&#8220;{}&#8220;][et_pb_column_inner saved_specialty_column_type=&#8220;2_3&#8243; _builder_version=&#8220;3.25&#8243; custom_padding=&#8220;|||&#8220; global_colors_info=&#8220;{}&#8220; custom_padding__hover=&#8220;|||&#8220;][et_pb_text admin_label=&#8220;Title&#8220; _builder_version=&#8220;4.10.6&#8243; text_letter_spacing=&#8220;0&#8243; text_line_height=&#8220;1.7&#8243; header_font_size=&#8220;30&#8243; header_letter_spacing=&#8220;0&#8243; header_line_height=&#8220;1&#8243; background_size=&#8220;initial&#8220; background_position=&#8220;top_left&#8220; background_repeat=&#8220;repeat&#8220; hover_enabled=&#8220;0&#8243; use_border_color=&#8220;off&#8220; border_color=&#8220;#ffffff&#8220; border_width=&#8220;1&#8243; border_style=&#8220;solid&#8220; global_colors_info=&#8220;{}&#8220; sticky_enabled=&#8220;0&#8243;]\n<h2>COVID-19-Erkl\u00e4rung<\/h2>\n[\/et_pb_text][\/et_pb_column_inner][\/et_pb_row_inner][et_pb_row_inner custom_padding_last_edited=&#8220;on|tablet&#8220; admin_label=&#8220;Row&#8220; _builder_version=&#8220;3.25&#8243; custom_margin_tablet=&#8220;||40px|&#8220; custom_margin_phone=&#8220;&#8220; custom_margin_last_edited=&#8220;on|desktop&#8220; custom_padding=&#8220;0px||30px|&#8220; custom_padding_tablet=&#8220;&#8220; custom_padding_phone=&#8220;&#8220; custom_css_main_element=&#8220;border-bottom: solid 2px #e8e8e8;&#8220; global_colors_info=&#8220;{}&#8220;][et_pb_column_inner saved_specialty_column_type=&#8220;2_3&#8243; _builder_version=&#8220;3.25&#8243; custom_padding=&#8220;|||&#8220; global_colors_info=&#8220;{}&#8220; custom_padding__hover=&#8220;|||&#8220;][et_pb_text admin_label=&#8220;text&#8220; _builder_version=&#8220;4.10.6&#8243; text_letter_spacing=&#8220;0&#8243; text_line_height=&#8220;1.7&#8243; header_font_size=&#8220;30&#8243; header_letter_spacing=&#8220;0&#8243; header_line_height=&#8220;1&#8243; background_size=&#8220;initial&#8220; background_position=&#8220;top_left&#8220; background_repeat=&#8220;repeat&#8220; custom_margin_last_edited=&#8220;off|&#8220; custom_padding_last_edited=&#8220;off|&#8220; hover_enabled=&#8220;0&#8243; use_border_color=&#8220;off&#8220; border_color=&#8220;#ffffff&#8220; border_width=&#8220;1&#8243; border_style=&#8220;solid&#8220; global_colors_info=&#8220;{}&#8220; sticky_enabled=&#8220;0&#8243;]\n<p>Liebe Kunden und Partner,<\/p>\n<p>Angesichts der eskalierenden Verbreitung von COVID-19 (Coronavirus) haben wir von der WHO, den verschiedenen Regierungen und dem Gesundheitsministerium empfohlene spezifische Ma\u00dfnahmen ergriffen und eine Reihe von Protokollen eingef\u00fchrt, um die volle Funktionsf\u00e4higkeit unseres Unternehmens zu gew\u00e4hrleisten. und gleichzeitig die Ausbreitung dieser pandemischen Krankheit nach bestem Wissen und Gewissen zu minimieren.<\/p>\n<p>Unsere Distributionszentren arbeiten weiterhin normal und wir haben alle notwendigen Ma\u00dfnahmen ergriffen, um eine p\u00fcnktliche Lieferung der Produkte an unsere Kunden zu gew\u00e4hrleisten.<\/p>\n<p>AMPCO METAL ist ein globales Unternehmen mit lokalen Produktionsst\u00e4tten (in Europa, Asien und Amerika). Daher arbeitet jeder Kontinent unabh\u00e4ngig, aber im Bedarfsfall verf\u00fcgen wir \u00fcber die erforderliche Flexibilit\u00e4t in Bezug auf die geografische Produktherstellung und bei einer solchen Risikoverteilung sollten wir von einer Unterbrechung der Lieferkette nicht betroffen sein.<\/p>\n<p>Wir stehen in engem und st\u00e4ndigem Kontakt mit den zust\u00e4ndigen nationalen Beh\u00f6rden, um den Schutz der Rechte und Interessen unserer Kunden, Partner sowie der Gesundheit und Sicherheit unserer Mitarbeiter zu gew\u00e4hrleisten. Alle notwendigen IT-Systeme und technologischen Strukturen arbeiten unter absolut sicheren Bedingungen, gem\u00e4\u00df den hohen Qualit\u00e4ts- und Exzellenzstandards, auf die AMPCO METAL stolz ist.<\/p>\n[\/et_pb_text][\/et_pb_column_inner][\/et_pb_row_inner][\/et_pb_column][\/et_pb_section]\n","protected":false},"excerpt":{"rendered":"<p>COVID-19-Erkl\u00e4rungLiebe Kunden und Partner, Angesichts der eskalierenden Verbreitung von COVID-19 (Coronavirus) haben wir von der WHO, den verschiedenen Regierungen und dem Gesundheitsministerium empfohlene spezifische Ma\u00dfnahmen ergriffen und eine Reihe von Protokollen eingef\u00fchrt, um die volle Funktionsf\u00e4higkeit unseres Unternehmens zu gew\u00e4hrleisten. und gleichzeitig die Ausbreitung dieser pandemischen Krankheit nach bestem Wissen und Gewissen zu minimieren. Unsere [&hellip;]<\/p>\n","protected":false},"author":1,"featured_media":0,"parent":53302,"menu_order":0,"comment_status":"closed","ping_status":"closed","template":"","meta":{"_et_pb_use_builder":"on","_et_pb_old_content":"","_et_gb_content_width":"","inline_featured_image":false,"footnotes":"","_links_to":"","_links_to_target":""},"class_list":["post-53271","page","type-page","status-publish","hentry"],"acf":[],"aioseo_notices":[],"_links":{"self":[{"href":"https:\/\/www.ampcometal.com\/de\/wp-json\/wp\/v2\/pages\/53271","targetHints":{"allow":["GET"]}}],"collection":[{"href":"https:\/\/www.ampcometal.com\/de\/wp-json\/wp\/v2\/pages"}],"about":[{"href":"https:\/\/www.ampcometal.com\/de\/wp-json\/wp\/v2\/types\/page"}],"author":[{"embeddable":true,"href":"https:\/\/www.ampcometal.com\/de\/wp-json\/wp\/v2\/users\/1"}],"replies":[{"embeddable":true,"href":"https:\/\/www.ampcometal.com\/de\/wp-json\/wp\/v2\/comments?post=53271"}],"version-history":[{"count":0,"href":"https:\/\/www.ampcometal.com\/de\/wp-json\/wp\/v2\/pages\/53271\/revisions"}],"up":[{"embeddable":true,"href":"https:\/\/www.ampcometal.com\/de\/wp-json\/wp\/v2\/pages\/53302"}],"wp:attachment":[{"href":"https:\/\/www.ampcometal.com\/de\/wp-json\/wp\/v2\/media?parent=53271"}],"curies":[{"name":"wp","href":"https:\/\/api.w.org\/{rel}","templated":true}]}}