{"id":53242,"date":"2021-09-07T10:17:02","date_gmt":"2021-09-07T08:17:02","guid":{"rendered":"https:\/\/www.ampcometal.com\/?page_id=53242"},"modified":"2025-07-21T19:39:17","modified_gmt":"2025-07-21T17:39:17","slug":"konflikt-mineralien","status":"publish","type":"page","link":"https:\/\/www.ampcometal.com\/de\/unternehmen\/arbeiten-mit-ampco\/konflikt-mineralien\/","title":{"rendered":"Konfliktmineralien"},"content":{"rendered":"[et_pb_section fb_built=&#8220;1&#8243; specialty=&#8220;on&#8220; custom_padding_last_edited=&#8220;on|desktop&#8220; parallax_method_1=&#8220;off&#8220; parallax_method_2=&#8220;off&#8220; module_id_1=&#8220;product-page-sidebar-column&#8220; admin_label=&#8220;Section&#8220; _builder_version=&#8220;3.22&#8243; background_color=&#8220;#f7f7f7&#8243; custom_padding=&#8220;0px||0px|&#8220; custom_padding_tablet=&#8220;40px|||&#8220; custom_padding_phone=&#8220;&#8220; transparent_background=&#8220;off&#8220; make_fullwidth=&#8220;off&#8220; use_custom_width=&#8220;off&#8220; width_unit=&#8220;on&#8220; global_colors_info=&#8220;{}&#8220;][et_pb_column type=&#8220;1_3&#8243; _builder_version=&#8220;3.25&#8243; custom_padding=&#8220;|||&#8220; global_colors_info=&#8220;{}&#8220; custom_padding__hover=&#8220;|||&#8220;][et_pb_sidebar area=&#8220;company_sidebar&#8220; disabled_on=&#8220;on|on|off&#8220; admin_label=&#8220;Sidebar&#8220; module_id=&#8220;inner-product-sidebar-module&#8220; _builder_version=&#8220;4.10.6&#8243; remove_border=&#8220;off&#8220; global_colors_info=&#8220;{}&#8220;][\/et_pb_sidebar][\/et_pb_column][et_pb_column type=&#8220;2_3&#8243; specialty_columns=&#8220;2&#8243; _builder_version=&#8220;3.25&#8243; custom_padding=&#8220;|||&#8220; global_colors_info=&#8220;{}&#8220; custom_padding__hover=&#8220;|||&#8220;][et_pb_row_inner admin_label=&#8220;Row&#8220; _builder_version=&#8220;3.25&#8243; global_colors_info=&#8220;{}&#8220;][et_pb_column_inner saved_specialty_column_type=&#8220;2_3&#8243; _builder_version=&#8220;3.25&#8243; custom_padding=&#8220;|||&#8220; global_colors_info=&#8220;{}&#8220; custom_padding__hover=&#8220;|||&#8220;][et_pb_text admin_label=&#8220;Title&#8220; _builder_version=&#8220;4.10.6&#8243; text_letter_spacing=&#8220;0&#8243; text_line_height=&#8220;1.7&#8243; header_font_size=&#8220;30&#8243; header_letter_spacing=&#8220;0&#8243; header_line_height=&#8220;1&#8243; background_size=&#8220;initial&#8220; background_position=&#8220;top_left&#8220; background_repeat=&#8220;repeat&#8220; use_border_color=&#8220;off&#8220; border_color=&#8220;#ffffff&#8220; border_width=&#8220;1&#8243; border_style=&#8220;solid&#8220; global_colors_info=&#8220;{}&#8220;]\n<h2>AMPCO METAL Richtlinie zu Konfliktmineralien<\/h2>\n[\/et_pb_text][\/et_pb_column_inner][\/et_pb_row_inner][et_pb_row_inner custom_padding_last_edited=&#8220;on|tablet&#8220; admin_label=&#8220;Row&#8220; _builder_version=&#8220;3.25&#8243; custom_margin_tablet=&#8220;||40px|&#8220; custom_margin_phone=&#8220;&#8220; custom_margin_last_edited=&#8220;on|desktop&#8220; custom_padding=&#8220;0px||30px|&#8220; custom_padding_tablet=&#8220;&#8220; custom_padding_phone=&#8220;&#8220; custom_css_main_element=&#8220;border-bottom: solid 2px #e8e8e8;&#8220; global_colors_info=&#8220;{}&#8220;][et_pb_column_inner saved_specialty_column_type=&#8220;2_3&#8243; _builder_version=&#8220;3.25&#8243; custom_padding=&#8220;|||&#8220; global_colors_info=&#8220;{}&#8220; custom_padding__hover=&#8220;|||&#8220;][et_pb_text admin_label=&#8220;text&#8220; _builder_version=&#8220;4.10.6&#8243; text_letter_spacing=&#8220;0&#8243; text_line_height=&#8220;1.7&#8243; header_font_size=&#8220;30&#8243; header_letter_spacing=&#8220;0&#8243; header_line_height=&#8220;1&#8243; background_size=&#8220;initial&#8220; background_position=&#8220;top_left&#8220; background_repeat=&#8220;repeat&#8220; custom_margin_last_edited=&#8220;off|&#8220; custom_padding_last_edited=&#8220;off|&#8220; use_border_color=&#8220;off&#8220; border_color=&#8220;#ffffff&#8220; border_width=&#8220;1&#8243; border_style=&#8220;solid&#8220; global_colors_info=&#8220;{}&#8220;]\n<p>Die Grundwerte und die Kultur von AMPCO METAL spiegeln die Verpflichtung zu ethischen Gesch\u00e4ftspraktiken und einem guten gesellschaftlichen Engagement \u00fcberall auf der Welt wider. Als Unternehmen erkennen und respektieren wir die Grundprinzipien der Allgemeinen Erkl\u00e4rung der Menschenrechte und unsere Richtlinien und Praktiken spiegeln unser Engagement zur F\u00f6rderung der Menschenrechte im Einflussbereich des Unternehmens wider.<\/p>\n<p>Wir beziehen Komponenten und Baugruppen f\u00fcr unsere Produkte von Lieferanten in verschiedenen L\u00e4ndern der Welt mit jeweils eigenen Gesetzen und Vorschriften. Wir verpflichten uns, die Menschenrechte in unserer gesamten globalen Lieferkette zu respektieren und t\u00e4tigen wissentlich keine Gesch\u00e4fte mit Einzelpersonen oder Unternehmen, die an der Ausbeutung von Kindern (einschlie\u00dflich Kinderarbeit), k\u00f6rperlicher Bestrafung, Zwangsarbeit oder Menschenhandel beteiligt sind.<\/p>\n<p>AMPCO METAL unterst\u00fctzt das Ziel, Gewalt, Menschenrechtsverletzungen und Umweltzerst\u00f6rung in der Demokratischen Republik Kongo (\u201eDRC\u201c) oder angrenzenden L\u00e4ndern (\u201eCovered Countries\u201c) zu beenden. Wir verpflichten uns, die f\u00fcr AMPCO METAL geltenden Anforderungen gem\u00e4\u00df Abschnitt 1502 des Dodd-Frank Act (\u201edas Gesetz\u201c) einzuhalten. AMPCO METAL verpflichtet sich, Komponenten und Materialien von Organisationen zu beziehen, die unsere Werte in Bezug auf Menschenrechte, Ethik und Umweltverantwortung teilen. Um dies zu erreichen, macht AMPCO METAL:<\/p>\n<ul>\n<li>Erf\u00fcllen Sie unsere j\u00e4hrlichen Offenlegungspflichten gem\u00e4\u00df dem Gesetz.<\/li>\n<li>Bereitstellung unseres Verhaltenskodex f\u00fcr Lieferanten, um unseren Lieferanten zu helfen, unsere Verpflichtung zur Einhaltung aller Anforderungen der Konfliktmineralienregel zu verstehen.<\/li>\n<li>Schulung unserer Beschaffungsmitarbeiter \u00fcber unsere Verpflichtungen in Bezug auf die Conflict<br \/>Minerals Rule.<\/li>\n<li>Erwarten Sie von unseren Lieferanten, dass sie AMPCO METAL Materialien liefern, die \u201eDRC ConflictFree\u201c sind, und Richtlinien und Managementsysteme in Bezug auf Konfliktmineralien einf\u00fchren, um konfliktfreie Lieferketten zu gew\u00e4hrleisten.<\/li>\n<li>Fordern Sie regelm\u00e4\u00dfig unsere direkten Materiallieferungen auf, einen Bericht gem\u00e4\u00df der Vorlage f\u00fcr die Meldung von Konfliktmineralien der Responsible Minerals Initiative vorzulegen und ihre Einreichungen auf \u00dcbereinstimmung mit der Responsible Minerals Initiative zu \u00fcberpr\u00fcfen.<\/li>\n<li>F\u00fcr den Fall, dass AMPCO METAL feststellt, dass die Bem\u00fchungen eines Lieferanten, die Erwartungen von AMPCO METAL zu erf\u00fcllen, mangelhaft waren und der Lieferant bei der Entwicklung und Umsetzung angemessener Abhilfema\u00dfnahmen nicht mitwirkt, beh\u00e4lt sich AMPCO METAL das Recht vor, geeignete Ma\u00dfnahmen zu ergreifen, bis hin zur Einstellung von K\u00e4ufen bei den Anbieter.<\/li>\n<\/ul>\n<p>Fragen zum Konfliktmineralienprogramm von AMPCO METAL richten Sie bitte an<a href=\"mailto:conflictmineral_inquiry@ampcometal.com\"> Konfliktmineral_inquiry@ampcometal.com<\/a>[\/et_pb_text][et_pb_button _builder_version=&#8220;4.10.6&#8243; _module_preset=&#8220;default&#8220; button_text=&#8220;&#039;Policy f\u00fcr Konfliktmineralien&#039; als PDF herunterladen&#8220; button_url=&#8220;\/documents\/Conflict-minerals-policy.pdf&#8220; hover_enabled=&#8220;0&#8243; sticky_enabled=&#8220;0&#8243;][\/et_pb_button][\/et_pb_column_inner][\/et_pb_row_inner][\/et_pb_column][\/et_pb_section]\n","protected":false},"excerpt":{"rendered":"<p>AMPCO METAL Richtlinie zu KonfliktmineralienDie Grundwerte und die Kultur von AMPCO METAL spiegeln die Verpflichtung zu ethischen Gesch\u00e4ftspraktiken und einem guten gesellschaftlichen Engagement \u00fcberall auf der Welt wider. Als Unternehmen erkennen und respektieren wir die Grundprinzipien der Allgemeinen Erkl\u00e4rung der Menschenrechte und unsere Richtlinien und Praktiken spiegeln unser Engagement zur F\u00f6rderung der Menschenrechte im Einflussbereich [&hellip;]<\/p>\n","protected":false},"author":1,"featured_media":0,"parent":53302,"menu_order":0,"comment_status":"closed","ping_status":"closed","template":"","meta":{"_et_pb_use_builder":"on","_et_pb_old_content":"","_et_gb_content_width":"","inline_featured_image":false,"footnotes":"","_links_to":"","_links_to_target":""},"class_list":["post-53242","page","type-page","status-publish","hentry"],"acf":[],"aioseo_notices":[],"_links":{"self":[{"href":"https:\/\/www.ampcometal.com\/de\/wp-json\/wp\/v2\/pages\/53242","targetHints":{"allow":["GET"]}}],"collection":[{"href":"https:\/\/www.ampcometal.com\/de\/wp-json\/wp\/v2\/pages"}],"about":[{"href":"https:\/\/www.ampcometal.com\/de\/wp-json\/wp\/v2\/types\/page"}],"author":[{"embeddable":true,"href":"https:\/\/www.ampcometal.com\/de\/wp-json\/wp\/v2\/users\/1"}],"replies":[{"embeddable":true,"href":"https:\/\/www.ampcometal.com\/de\/wp-json\/wp\/v2\/comments?post=53242"}],"version-history":[{"count":3,"href":"https:\/\/www.ampcometal.com\/de\/wp-json\/wp\/v2\/pages\/53242\/revisions"}],"predecessor-version":[{"id":69470,"href":"https:\/\/www.ampcometal.com\/de\/wp-json\/wp\/v2\/pages\/53242\/revisions\/69470"}],"up":[{"embeddable":true,"href":"https:\/\/www.ampcometal.com\/de\/wp-json\/wp\/v2\/pages\/53302"}],"wp:attachment":[{"href":"https:\/\/www.ampcometal.com\/de\/wp-json\/wp\/v2\/media?parent=53242"}],"curies":[{"name":"wp","href":"https:\/\/api.w.org\/{rel}","templated":true}]}}